{"id":91,"date":"2024-12-16T18:05:57","date_gmt":"2024-12-16T21:05:57","guid":{"rendered":"https:\/\/venturaoffshore.diagrammacv.com.br\/?page_id=91"},"modified":"2025-05-14T22:16:39","modified_gmt":"2025-05-15T01:16:39","slug":"lgpd","status":"publish","type":"page","link":"https:\/\/ventura-offshore.com\/en\/lgpd\/","title":{"rendered":"GDPR"},"content":{"rendered":"<div data-elementor-type=\"wp-page\" data-elementor-id=\"91\" class=\"elementor elementor-91\" data-elementor-settings=\"{&quot;ha_cmc_init_switcher&quot;:&quot;no&quot;}\" data-elementor-post-type=\"page\">\n\t\t\t\t<div data-particle_enable=\"false\" data-particle-mobile-disabled=\"false\" class=\"elementor-element elementor-element-61e2176 e-con-full e-flex e-con e-parent\" data-id=\"61e2176\" data-element_type=\"container\" data-settings=\"{&quot;background_background&quot;:&quot;classic&quot;,&quot;_ha_eqh_enable&quot;:false}\">\n\t\t<div data-particle_enable=\"false\" data-particle-mobile-disabled=\"false\" class=\"elementor-element elementor-element-e61fd83 e-con-full e-flex e-con e-child\" data-id=\"e61fd83\" data-element_type=\"container\" data-settings=\"{&quot;_ha_eqh_enable&quot;:false}\">\n\t\t\t\t<\/div>\n\t\t<div data-particle_enable=\"false\" data-particle-mobile-disabled=\"false\" class=\"elementor-element elementor-element-6362cdc e-con-full e-flex e-con e-child\" data-id=\"6362cdc\" data-element_type=\"container\" data-settings=\"{&quot;_ha_eqh_enable&quot;:false}\">\n\t\t\t\t<\/div>\n\t\t\t\t<\/div>\n\t\t<div data-particle_enable=\"false\" data-particle-mobile-disabled=\"false\" class=\"elementor-element elementor-element-80fa3b2 e-con-full nos e-flex e-con e-parent\" data-id=\"80fa3b2\" data-element_type=\"container\" data-settings=\"{&quot;_ha_eqh_enable&quot;:false}\">\n\t\t<div data-particle_enable=\"false\" data-particle-mobile-disabled=\"false\" class=\"elementor-element elementor-element-c90eaa7 e-con-full e-flex e-con e-child\" data-id=\"c90eaa7\" data-element_type=\"container\" data-settings=\"{&quot;_ha_eqh_enable&quot;:false}\">\n\t\t\t\t<div class=\"elementor-element elementor-element-9a8b91a nos elementor-widget elementor-widget-heading\" data-id=\"9a8b91a\" data-element_type=\"widget\" data-widget_type=\"heading.default\">\n\t\t\t\t\t<h2 class=\"elementor-heading-title elementor-size-default\">POLICIES<\/h2>\t\t\t\t<\/div>\n\t\t\t\t<div class=\"elementor-element elementor-element-1a79a89 elementor-invisible elementor-widget elementor-widget-heading\" data-id=\"1a79a89\" data-element_type=\"widget\" data-settings=\"{&quot;_animation&quot;:&quot;fadeInLeft&quot;}\" data-widget_type=\"heading.default\">\n\t\t\t\t\t<h2 class=\"elementor-heading-title elementor-size-default\">GDPR<\/h2>\t\t\t\t<\/div>\n\t\t\t\t<div class=\"elementor-element elementor-element-b301406 elementor-widget__width-initial elementor-widget elementor-widget-text-editor\" data-id=\"b301406\" data-element_type=\"widget\" data-widget_type=\"text-editor.default\">\n\t\t\t\t\t\t\t\t\t<p>Este Manual, juntamente com a Pol\u00edtica de Privacidade e Prote\u00e7\u00e3o de Dados (Pol\u00edtica) e demais<br \/>regramentos eventualmente elaborados, faz parte do Programa de Governan\u00e7a em Privacidade e<br \/>Prote\u00e7\u00e3o de Dados (PGPD) da Ventura Petr\u00f3leo S\/A (Ventura ou Empresa) e \u00e9 de observ\u00e2ncia<br \/>obrigat\u00f3ria por todos os seus colaboradores, Conselheiros, membros de Comit\u00eas, membros da<br \/>Diretoria Executiva, empregados, estagi\u00e1rios, s\u00f3cios, parceiros e terceiros<\/p>\t\t\t\t\t\t\t\t<\/div>\n\t\t\t\t<\/div>\n\t\t\t\t<\/div>\n\t\t<div data-particle_enable=\"false\" data-particle-mobile-disabled=\"false\" class=\"elementor-element elementor-element-4ecc126 e-con-full e-flex e-con e-parent\" data-id=\"4ecc126\" data-element_type=\"container\" data-settings=\"{&quot;background_background&quot;:&quot;gradient&quot;,&quot;shape_divider_bottom&quot;:&quot;mountains&quot;,&quot;_ha_eqh_enable&quot;:false}\">\n\t\t\t\t<div class=\"elementor-shape elementor-shape-bottom\" aria-hidden=\"true\" data-negative=\"false\">\n\t\t\t<svg xmlns=\"http:\/\/www.w3.org\/2000\/svg\" viewbox=\"0 0 1000 100\" preserveaspectratio=\"none\">\n\t<path class=\"elementor-shape-fill\" opacity=\"0.33\" d=\"M473,67.3c-203.9,88.3-263.1-34-320.3,0C66,119.1,0,59.7,0,59.7V0h1000v59.7 c0,0-62.1,26.1-94.9,29.3c-32.8,3.3-62.8-12.3-75.8-22.1C806,49.6,745.3,8.7,694.9,4.7S492.4,59,473,67.3z\"\/>\n\t<path class=\"elementor-shape-fill\" opacity=\"0.66\" d=\"M734,67.3c-45.5,0-77.2-23.2-129.1-39.1c-28.6-8.7-150.3-10.1-254,39.1 s-91.7-34.4-149.2,0C115.7,118.3,0,39.8,0,39.8V0h1000v36.5c0,0-28.2-18.5-92.1-18.5C810.2,18.1,775.7,67.3,734,67.3z\"\/>\n\t<path class=\"elementor-shape-fill\" d=\"M766.1,28.9c-200-57.5-266,65.5-395.1,19.5C242,1.8,242,5.4,184.8,20.6C128,35.8,132.3,44.9,89.9,52.5C28.6,63.7,0,0,0,0 h1000c0,0-9.9,40.9-83.6,48.1S829.6,47,766.1,28.9z\"\/>\n<\/svg>\t\t<\/div>\n\t\t<div data-particle_enable=\"false\" data-particle-mobile-disabled=\"false\" class=\"elementor-element elementor-element-75eac7e e-con-full e-flex e-con e-child\" data-id=\"75eac7e\" data-element_type=\"container\" data-settings=\"{&quot;_ha_eqh_enable&quot;:false}\">\n\t\t\t\t<div class=\"elementor-element elementor-element-9b3d694 nos elementor-widget elementor-widget-heading\" data-id=\"9b3d694\" data-element_type=\"widget\" data-widget_type=\"heading.default\">\n\t\t\t\t\t<h2 class=\"elementor-heading-title elementor-size-default\">Aplicabilidade da LGPD<\/h2>\t\t\t\t<\/div>\n\t\t\t\t<div class=\"elementor-element elementor-element-58e1776 elementor-invisible elementor-widget elementor-widget-heading\" data-id=\"58e1776\" data-element_type=\"widget\" data-settings=\"{&quot;_animation&quot;:&quot;fadeInLeft&quot;}\" data-widget_type=\"heading.default\">\n\t\t\t\t\t<h2 class=\"elementor-heading-title elementor-size-default\">Do que a lei trata?<\/h2>\t\t\t\t<\/div>\n\t\t\t\t<div class=\"elementor-element elementor-element-3310abe elementor-widget__width-initial elementor-widget elementor-widget-text-editor\" data-id=\"3310abe\" data-element_type=\"widget\" data-widget_type=\"text-editor.default\">\n\t\t\t\t\t\t\t\t\t<p>A LGPD disp\u00f5e sobre o tratamento de dados pessoais, como p. ex. nome, n\u00famero de identidade, etnia, cren\u00e7a religiosa, inclusive nos meios digitais, por pessoa f\u00edsica (que exer\u00e7a atividade econ\u00f4mica) ou por pessoa jur\u00eddica de direito p\u00fablico ou privado. Seu principal objetivo \u00e9 a prote\u00e7\u00e3o dos direitos fundamentais de liberdade e de privacidade.<\/p>\t\t\t\t\t\t\t\t<\/div>\n\t\t\t\t<div class=\"elementor-element elementor-element-0d0ad8c elementor-align-justify pulsante elementor-widget__width-initial elementor-widget elementor-widget-button\" data-id=\"0d0ad8c\" data-element_type=\"widget\" data-settings=\"{&quot;_animation&quot;:&quot;none&quot;}\" data-widget_type=\"button.default\">\n\t\t\t\t\t\t\t\t\t\t<a class=\"elementor-button elementor-button-link elementor-size-sm\" href=\"https:\/\/ventura.gestor-iso.com.br\/pnsw00hw_abrir_ou_baixar.aspx?popup=yes&#038;tipoDownload=V&#038;numItem=5410&#038;numUnidade=1&#038;Culture=1\" target=\"_blank\">\n\t\t\t\t\t\t<span class=\"elementor-button-content-wrapper\">\n\t\t\t\t\t\t\t\t\t<span class=\"elementor-button-text\">Learn more<\/span>\n\t\t\t\t\t<\/span>\n\t\t\t\t\t<\/a>\n\t\t\t\t\t\t\t\t<\/div>\n\t\t\t\t<\/div>\n\t\t<div data-particle_enable=\"false\" data-particle-mobile-disabled=\"false\" class=\"elementor-element elementor-element-205e1a3 e-con-full e-flex elementor-invisible e-con e-child\" data-id=\"205e1a3\" data-element_type=\"container\" data-settings=\"{&quot;background_background&quot;:&quot;classic&quot;,&quot;animation&quot;:&quot;fadeInRight&quot;,&quot;_ha_eqh_enable&quot;:false}\">\n\t\t\t\t<\/div>\n\t\t\t\t<\/div>\n\t\t\t\t<\/div>","protected":false},"excerpt":{"rendered":"<p>POL\u00cdTICAS LGPD Este Manual, juntamente com a Pol\u00edtica de Privacidade e Prote\u00e7\u00e3o de Dados (Pol\u00edtica) e demaisregramentos eventualmente elaborados, faz parte do Programa de Governan\u00e7a em Privacidade eProte\u00e7\u00e3o de Dados (PGPD) da Ventura Petr\u00f3leo S\/A (Ventura ou Empresa) e \u00e9 de observ\u00e2nciaobrigat\u00f3ria por todos os seus colaboradores, Conselheiros, membros de Comit\u00eas, membros daDiretoria Executiva, empregados, [&hellip;]<\/p>","protected":false},"author":1,"featured_media":0,"parent":0,"menu_order":0,"comment_status":"closed","ping_status":"closed","template":"","meta":{"footnotes":""},"class_list":["post-91","page","type-page","status-publish","hentry"],"_links":{"self":[{"href":"https:\/\/ventura-offshore.com\/en\/wp-json\/wp\/v2\/pages\/91","targetHints":{"allow":["GET"]}}],"collection":[{"href":"https:\/\/ventura-offshore.com\/en\/wp-json\/wp\/v2\/pages"}],"about":[{"href":"https:\/\/ventura-offshore.com\/en\/wp-json\/wp\/v2\/types\/page"}],"author":[{"embeddable":true,"href":"https:\/\/ventura-offshore.com\/en\/wp-json\/wp\/v2\/users\/1"}],"replies":[{"embeddable":true,"href":"https:\/\/ventura-offshore.com\/en\/wp-json\/wp\/v2\/comments?post=91"}],"version-history":[{"count":25,"href":"https:\/\/ventura-offshore.com\/en\/wp-json\/wp\/v2\/pages\/91\/revisions"}],"predecessor-version":[{"id":5207,"href":"https:\/\/ventura-offshore.com\/en\/wp-json\/wp\/v2\/pages\/91\/revisions\/5207"}],"wp:attachment":[{"href":"https:\/\/ventura-offshore.com\/en\/wp-json\/wp\/v2\/media?parent=91"}],"curies":[{"name":"wp","href":"https:\/\/api.w.org\/{rel}","templated":true}]}}