{"id":89,"date":"2024-12-16T18:05:49","date_gmt":"2024-12-16T21:05:49","guid":{"rendered":"https:\/\/venturaoffshore.diagrammacv.com.br\/?page_id=89"},"modified":"2025-08-06T09:56:42","modified_gmt":"2025-08-06T12:56:42","slug":"codigo-de-conduta","status":"publish","type":"page","link":"https:\/\/ventura-offshore.com\/en\/codigo-de-conduta\/","title":{"rendered":"Code of Conduct"},"content":{"rendered":"<div data-elementor-type=\"wp-page\" data-elementor-id=\"89\" class=\"elementor elementor-89\" data-elementor-settings=\"{&quot;ha_cmc_init_switcher&quot;:&quot;no&quot;}\" data-elementor-post-type=\"page\">\n\t\t\t\t<div data-particle_enable=\"false\" data-particle-mobile-disabled=\"false\" class=\"elementor-element elementor-element-e511f90 e-con-full e-flex e-con e-parent\" data-id=\"e511f90\" data-element_type=\"container\" data-settings=\"{&quot;background_background&quot;:&quot;classic&quot;,&quot;_ha_eqh_enable&quot;:false}\">\n\t\t<div data-particle_enable=\"false\" data-particle-mobile-disabled=\"false\" class=\"elementor-element elementor-element-e77e5be e-con-full e-flex e-con e-child\" data-id=\"e77e5be\" data-element_type=\"container\" data-settings=\"{&quot;_ha_eqh_enable&quot;:false}\">\n\t\t\t\t<\/div>\n\t\t<div data-particle_enable=\"false\" data-particle-mobile-disabled=\"false\" class=\"elementor-element elementor-element-c1296d8 e-con-full e-flex e-con e-child\" data-id=\"c1296d8\" data-element_type=\"container\" data-settings=\"{&quot;_ha_eqh_enable&quot;:false}\">\n\t\t\t\t<\/div>\n\t\t\t\t<\/div>\n\t\t<div data-particle_enable=\"false\" data-particle-mobile-disabled=\"false\" class=\"elementor-element elementor-element-f37fd14 e-con-full nos e-flex e-con e-parent\" data-id=\"f37fd14\" data-element_type=\"container\" data-settings=\"{&quot;_ha_eqh_enable&quot;:false}\">\n\t\t<div data-particle_enable=\"false\" data-particle-mobile-disabled=\"false\" class=\"elementor-element elementor-element-57673a6 e-con-full e-flex e-con e-child\" data-id=\"57673a6\" data-element_type=\"container\" data-settings=\"{&quot;_ha_eqh_enable&quot;:false}\">\n\t\t\t\t<div class=\"elementor-element elementor-element-51879de nos elementor-widget elementor-widget-heading\" data-id=\"51879de\" data-element_type=\"widget\" data-widget_type=\"heading.default\">\n\t\t\t\t\t<h2 class=\"elementor-heading-title elementor-size-default\">POLICIES<\/h2>\t\t\t\t<\/div>\n\t\t\t\t<div class=\"elementor-element elementor-element-c2ddad8 elementor-invisible elementor-widget elementor-widget-heading\" data-id=\"c2ddad8\" data-element_type=\"widget\" data-settings=\"{&quot;_animation&quot;:&quot;fadeInLeft&quot;}\" data-widget_type=\"heading.default\">\n\t\t\t\t\t<h2 class=\"elementor-heading-title elementor-size-default\">Code of Ethical Conduct<\/h2>\t\t\t\t<\/div>\n\t\t\t\t<div class=\"elementor-element elementor-element-b1c25e4 elementor-widget__width-initial elementor-widget-mobile__width-inherit elementor-widget elementor-widget-text-editor\" data-id=\"b1c25e4\" data-element_type=\"widget\" data-widget_type=\"text-editor.default\">\n\t\t\t\t\t\t\t\t\t<p>Our whistleblowing channel is available to all collaborators, service providers, public offices and\npartners to receive information on irregularities, ensuring the confidentiality and protection to the\nwhistleblower.\u00a0 The information recorded here is received by a specialized independent contractor,\nensuring absolute confidentiality and non-retaliation to the whistleblower.<\/p><p>WEB: <span style=\"color: #000000;\"><a style=\"color: #000000;\" href=\"http:\/\/www.canalconfidencial.com.br\/ventura-offshore\"><strong style=\"font-size: 13px;\">www.canalconfidencial.com.br\/ventura-offshore <\/strong><\/a><\/span><\/p><p>E-mail:<span style=\"color: #000000;\"><a style=\"color: #000000;\" href=\"mailto:ventura-offshore@canaldeetica.com.br\"> <strong style=\"font-size: 13px;\">ventura-offshore@canaldeetica.com.br <\/strong><\/a><\/span><\/p><p>Hotline: <span style=\"color: #000000;\"><a style=\"color: #000000;\" href=\"tel:0800-721-0716\"><strong style=\"font-size: 13px;\">0800-721-0716<\/strong><\/a><\/span><\/p>\t\t\t\t\t\t\t\t<\/div>\n\t\t\t\t<div class=\"elementor-element elementor-element-4874573 elementor-align-justify pulsante elementor-widget__width-initial elementor-widget-mobile__width-inherit elementor-widget elementor-widget-button\" data-id=\"4874573\" data-element_type=\"widget\" data-settings=\"{&quot;_animation&quot;:&quot;none&quot;}\" data-widget_type=\"button.default\">\n\t\t\t\t\t\t\t\t\t\t<a class=\"elementor-button elementor-button-link elementor-size-sm\" href=\"https:\/\/ventura-offshore.com\/wp-content\/uploads\/2025\/06\/Code-of-Ethical-Conduct-3rd-ed.pdf\" target=\"_blank\">\n\t\t\t\t\t\t<span class=\"elementor-button-content-wrapper\">\n\t\t\t\t\t\t\t\t\t<span class=\"elementor-button-text\">Download<\/span>\n\t\t\t\t\t<\/span>\n\t\t\t\t\t<\/a>\n\t\t\t\t\t\t\t\t<\/div>\n\t\t\t\t<\/div>\n\t\t\t\t<\/div>\n\t\t<div data-particle_enable=\"false\" data-particle-mobile-disabled=\"false\" class=\"elementor-element elementor-element-ad626a1 e-con-full e-flex e-con e-parent\" data-id=\"ad626a1\" data-element_type=\"container\" data-settings=\"{&quot;background_background&quot;:&quot;gradient&quot;,&quot;_ha_eqh_enable&quot;:false}\">\n\t\t<div data-particle_enable=\"false\" data-particle-mobile-disabled=\"false\" class=\"elementor-element elementor-element-e16d44b e-con-full e-flex e-con e-child\" data-id=\"e16d44b\" data-element_type=\"container\" data-settings=\"{&quot;_ha_eqh_enable&quot;:false}\">\n\t\t\t\t<div class=\"elementor-element elementor-element-dc6c132 nos elementor-widget elementor-widget-heading\" data-id=\"dc6c132\" data-element_type=\"widget\" data-widget_type=\"heading.default\">\n\t\t\t\t\t<h2 class=\"elementor-heading-title elementor-size-default\">POLICIES<\/h2>\t\t\t\t<\/div>\n\t\t\t\t<div class=\"elementor-element elementor-element-d5e49fd elementor-widget__width-initial elementor-widget-mobile__width-inherit elementor-invisible elementor-widget elementor-widget-heading\" data-id=\"d5e49fd\" data-element_type=\"widget\" data-settings=\"{&quot;_animation&quot;:&quot;fadeInLeft&quot;}\" data-widget_type=\"heading.default\">\n\t\t\t\t\t<h2 class=\"elementor-heading-title elementor-size-default\">Event Recording or Tracking<\/h2>\t\t\t\t<\/div>\n\t\t\t\t<div class=\"elementor-element elementor-element-575f16b elementor-widget__width-initial elementor-widget-mobile__width-inherit elementor-widget elementor-widget-text-editor\" data-id=\"575f16b\" data-element_type=\"widget\" data-widget_type=\"text-editor.default\">\n\t\t\t\t\t\t\t\t\t<p>This is a Ventura Offshore exclusive channel for secure and, if desired, anonymous reporting of\nconducts that violate ethics and the company\u2019s good practices or the legislation in effect.<\/p>\t\t\t\t\t\t\t\t<\/div>\n\t\t\t\t<div class=\"elementor-element elementor-element-558aeba elementor-align-justify pulsante elementor-widget__width-initial elementor-widget-mobile__width-inherit elementor-widget elementor-widget-button\" data-id=\"558aeba\" data-element_type=\"widget\" data-settings=\"{&quot;_animation&quot;:&quot;none&quot;}\" data-widget_type=\"button.default\">\n\t\t\t\t\t\t\t\t\t\t<a class=\"elementor-button elementor-button-link elementor-size-sm\" href=\"https:\/\/canaldeetica.com.br\/ventura-offshore\/#home?lang=pt-BR\" target=\"_blank\">\n\t\t\t\t\t\t<span class=\"elementor-button-content-wrapper\">\n\t\t\t\t\t\t\t\t\t<span class=\"elementor-button-text\">Learn more<\/span>\n\t\t\t\t\t<\/span>\n\t\t\t\t\t<\/a>\n\t\t\t\t\t\t\t\t<\/div>\n\t\t\t\t<\/div>\n\t\t<div data-particle_enable=\"false\" data-particle-mobile-disabled=\"false\" class=\"elementor-element elementor-element-9ff0873 e-con-full e-flex elementor-invisible e-con e-child\" data-id=\"9ff0873\" data-element_type=\"container\" data-settings=\"{&quot;background_background&quot;:&quot;classic&quot;,&quot;animation&quot;:&quot;fadeInRight&quot;,&quot;_ha_eqh_enable&quot;:false}\">\n\t\t\t\t<\/div>\n\t\t\t\t<\/div>\n\t\t<div data-particle_enable=\"false\" data-particle-mobile-disabled=\"false\" class=\"elementor-element elementor-element-42f4dd0 e-con-full elementor-hidden-desktop elementor-hidden-laptop elementor-hidden-tablet elementor-hidden-mobile e-flex e-con e-parent\" data-id=\"42f4dd0\" data-element_type=\"container\" data-settings=\"{&quot;_ha_eqh_enable&quot;:false}\">\n\t\t<div data-particle_enable=\"false\" data-particle-mobile-disabled=\"false\" class=\"elementor-element elementor-element-57a28af e-con-full e-flex e-con e-child\" data-id=\"57a28af\" data-element_type=\"container\" data-settings=\"{&quot;_ha_eqh_enable&quot;:false}\">\n\t\t\t\t<div class=\"elementor-element elementor-element-dbb92b9 nos elementor-widget elementor-widget-heading\" data-id=\"dbb92b9\" data-element_type=\"widget\" data-widget_type=\"heading.default\">\n\t\t\t\t\t<h2 class=\"elementor-heading-title elementor-size-default\">POLICIES<\/h2>\t\t\t\t<\/div>\n\t\t\t\t<div class=\"elementor-element elementor-element-dfdeeca elementor-invisible elementor-widget elementor-widget-heading\" data-id=\"dfdeeca\" data-element_type=\"widget\" data-settings=\"{&quot;_animation&quot;:&quot;fadeInRight&quot;}\" data-widget_type=\"heading.default\">\n\t\t\t\t\t<h2 class=\"elementor-heading-title elementor-size-default\">Follow report<\/h2>\t\t\t\t<\/div>\n\t\t\t\t<div class=\"elementor-element elementor-element-0f996a1 elementor-widget__width-initial elementor-widget elementor-widget-text-editor\" data-id=\"0f996a1\" data-element_type=\"widget\" data-widget_type=\"text-editor.default\">\n\t\t\t\t\t\t\t\t\t<p>Lorem ipsum dolor sit amet, consectetur adipiscing elit. Aliquam sit amet massa congue, fermentum augue a, pulvinar purus. Aenean mattis lacus ut faucibus fringilla. Sed in metus vulputate, porttitor lorem et, efficitur velit. Duis tempor turpis nunc, ut hendrerit est aliquam quis. Vestibulum ante ipsum primis in faucibus orci luctus et ultrices posuere cubilia curae; Cras at leo eget risus scelerisque finibus. Integer id pharetra quam, non vehicula enim.<\/p>\t\t\t\t\t\t\t\t<\/div>\n\t\t\t\t<div class=\"elementor-element elementor-element-5b8e031 elementor-align-justify pulsante elementor-widget__width-initial elementor-widget elementor-widget-button\" data-id=\"5b8e031\" data-element_type=\"widget\" data-settings=\"{&quot;_animation&quot;:&quot;none&quot;}\" data-widget_type=\"button.default\">\n\t\t\t\t\t\t\t\t\t\t<a class=\"elementor-button elementor-button-link elementor-size-sm\" href=\"https:\/\/canaldeetica.com.br\/ventura-offshore\/#home?lang=pt-BR\" target=\"_blank\">\n\t\t\t\t\t\t<span class=\"elementor-button-content-wrapper\">\n\t\t\t\t\t\t\t\t\t<span class=\"elementor-button-text\">Learn more<\/span>\n\t\t\t\t\t<\/span>\n\t\t\t\t\t<\/a>\n\t\t\t\t\t\t\t\t<\/div>\n\t\t\t\t<\/div>\n\t\t<div data-particle_enable=\"false\" data-particle-mobile-disabled=\"false\" class=\"elementor-element elementor-element-194dc69 e-con-full e-flex elementor-invisible e-con e-child\" data-id=\"194dc69\" data-element_type=\"container\" data-settings=\"{&quot;background_background&quot;:&quot;classic&quot;,&quot;animation&quot;:&quot;fadeInLeft&quot;,&quot;_ha_eqh_enable&quot;:false}\">\n\t\t\t\t<\/div>\n\t\t\t\t<\/div>\n\t\t<section data-particle_enable=\"false\" data-particle-mobile-disabled=\"false\" class=\"elementor-element elementor-element-a2f3f5b e-con-full e-flex e-con e-parent\" data-id=\"a2f3f5b\" data-element_type=\"container\" data-settings=\"{&quot;background_background&quot;:&quot;classic&quot;,&quot;_ha_eqh_enable&quot;:false}\">\n\t\t\t\t<\/section>\n\t\t\t\t<\/div>","protected":false},"excerpt":{"rendered":"<p>POL\u00cdTICAS C\u00f3digo de Conduta \u00c9tica Nosso canal de den\u00fancia est\u00e1 dispon\u00edvel para os todos os colaboradores, prestadores, \u00f3rg\u00e3os \u00a0p\u00fablicos e parceiros para receber informa\u00e7\u00f5es sobre irregularidades, garantindo sigilo e prote\u00e7\u00e3o ao denunciante.\u00a0 As informa\u00e7\u00f5es aqui registradas s\u00e3o recebidas por uma empresa independente e especializada, assegurando sigilo absoluto e n\u00e3o retalia\u00e7\u00e3o ao denunciante. WEB: www.canalconfidencial.com.br\/ventura-offshore E-mail: [&hellip;]<\/p>","protected":false},"author":1,"featured_media":0,"parent":0,"menu_order":0,"comment_status":"closed","ping_status":"closed","template":"","meta":{"footnotes":""},"class_list":["post-89","page","type-page","status-publish","hentry"],"_links":{"self":[{"href":"https:\/\/ventura-offshore.com\/en\/wp-json\/wp\/v2\/pages\/89","targetHints":{"allow":["GET"]}}],"collection":[{"href":"https:\/\/ventura-offshore.com\/en\/wp-json\/wp\/v2\/pages"}],"about":[{"href":"https:\/\/ventura-offshore.com\/en\/wp-json\/wp\/v2\/types\/page"}],"author":[{"embeddable":true,"href":"https:\/\/ventura-offshore.com\/en\/wp-json\/wp\/v2\/users\/1"}],"replies":[{"embeddable":true,"href":"https:\/\/ventura-offshore.com\/en\/wp-json\/wp\/v2\/comments?post=89"}],"version-history":[{"count":58,"href":"https:\/\/ventura-offshore.com\/en\/wp-json\/wp\/v2\/pages\/89\/revisions"}],"predecessor-version":[{"id":5918,"href":"https:\/\/ventura-offshore.com\/en\/wp-json\/wp\/v2\/pages\/89\/revisions\/5918"}],"wp:attachment":[{"href":"https:\/\/ventura-offshore.com\/en\/wp-json\/wp\/v2\/media?parent=89"}],"curies":[{"name":"wp","href":"https:\/\/api.w.org\/{rel}","templated":true}]}}