{"id":65,"date":"2024-12-16T18:01:57","date_gmt":"2024-12-16T21:01:57","guid":{"rendered":"https:\/\/venturaoffshore.diagrammacv.com.br\/?page_id=65"},"modified":"2025-03-15T11:01:57","modified_gmt":"2025-03-15T14:01:57","slug":"seguranca-do-trabalho","status":"publish","type":"page","link":"https:\/\/ventura-offshore.com\/en\/seguranca-do-trabalho\/","title":{"rendered":"Occupational Safety"},"content":{"rendered":"<div data-elementor-type=\"wp-page\" data-elementor-id=\"65\" class=\"elementor elementor-65\" data-elementor-settings=\"{&quot;ha_cmc_init_switcher&quot;:&quot;no&quot;}\" data-elementor-post-type=\"page\">\n\t\t\t\t<div data-particle_enable=\"false\" data-particle-mobile-disabled=\"false\" class=\"elementor-element elementor-element-14345ae e-con-full e-flex e-con e-parent\" data-id=\"14345ae\" data-element_type=\"container\" data-settings=\"{&quot;background_background&quot;:&quot;classic&quot;,&quot;_ha_eqh_enable&quot;:false}\">\n\t\t<div data-particle_enable=\"false\" data-particle-mobile-disabled=\"false\" class=\"elementor-element elementor-element-6bcd1dc e-con-full e-flex e-con e-child\" data-id=\"6bcd1dc\" data-element_type=\"container\" data-settings=\"{&quot;_ha_eqh_enable&quot;:false}\">\n\t\t\t\t<\/div>\n\t\t<div data-particle_enable=\"false\" data-particle-mobile-disabled=\"false\" class=\"elementor-element elementor-element-ff010f0 e-con-full e-flex e-con e-child\" data-id=\"ff010f0\" data-element_type=\"container\" data-settings=\"{&quot;_ha_eqh_enable&quot;:false}\">\n\t\t\t\t<\/div>\n\t\t\t\t<\/div>\n\t\t<div data-particle_enable=\"false\" data-particle-mobile-disabled=\"false\" class=\"elementor-element elementor-element-7bfb618 e-con-full nos e-flex e-con e-parent\" data-id=\"7bfb618\" data-element_type=\"container\" data-settings=\"{&quot;_ha_eqh_enable&quot;:false}\">\n\t\t<div data-particle_enable=\"false\" data-particle-mobile-disabled=\"false\" class=\"elementor-element elementor-element-38bc500 e-con-full e-flex e-con e-child\" data-id=\"38bc500\" data-element_type=\"container\" data-settings=\"{&quot;_ha_eqh_enable&quot;:false}\">\n\t\t\t\t<div class=\"elementor-element elementor-element-b0d84fe elementor-invisible elementor-widget elementor-widget-heading\" data-id=\"b0d84fe\" data-element_type=\"widget\" data-settings=\"{&quot;_animation&quot;:&quot;fadeInLeft&quot;}\" data-widget_type=\"heading.default\">\n\t\t\t\t\t<h2 class=\"elementor-heading-title elementor-size-default\">SEGURAN\u00c7A DO TRABALHO<\/h2>\t\t\t\t<\/div>\n\t\t\t\t<div class=\"elementor-element elementor-element-7c83e9e elementor-widget__width-initial elementor-widget elementor-widget-text-editor\" data-id=\"7c83e9e\" data-element_type=\"widget\" data-widget_type=\"text-editor.default\">\n\t\t\t\t\t\t\t\t\t<p>Safety is one of the pillars of our company. Through an extensive Integrated Management System, we\nidentify, assess and control the risks in all of our operations, both onshore and offshore. Our\ncommitment to safety goes beyond the legal compliance, and aims at excellence in all of our\nactivities. We believe that a safe work environment is fundamental for the success of our business\nand for the well-being of everyone involved.<\/p>\t\t\t\t\t\t\t\t<\/div>\n\t\t\t\t<\/div>\n\t\t\t\t<\/div>\n\t\t<div data-particle_enable=\"false\" data-particle-mobile-disabled=\"false\" class=\"elementor-element elementor-element-93e4699 e-con-full e-flex e-con e-parent\" data-id=\"93e4699\" data-element_type=\"container\" data-settings=\"{&quot;background_background&quot;:&quot;gradient&quot;,&quot;shape_divider_bottom&quot;:&quot;mountains&quot;,&quot;_ha_eqh_enable&quot;:false}\">\n\t\t\t\t<div class=\"elementor-shape elementor-shape-bottom\" aria-hidden=\"true\" data-negative=\"false\">\n\t\t\t<svg xmlns=\"http:\/\/www.w3.org\/2000\/svg\" viewbox=\"0 0 1000 100\" preserveaspectratio=\"none\">\n\t<path class=\"elementor-shape-fill\" opacity=\"0.33\" d=\"M473,67.3c-203.9,88.3-263.1-34-320.3,0C66,119.1,0,59.7,0,59.7V0h1000v59.7 c0,0-62.1,26.1-94.9,29.3c-32.8,3.3-62.8-12.3-75.8-22.1C806,49.6,745.3,8.7,694.9,4.7S492.4,59,473,67.3z\"\/>\n\t<path class=\"elementor-shape-fill\" opacity=\"0.66\" d=\"M734,67.3c-45.5,0-77.2-23.2-129.1-39.1c-28.6-8.7-150.3-10.1-254,39.1 s-91.7-34.4-149.2,0C115.7,118.3,0,39.8,0,39.8V0h1000v36.5c0,0-28.2-18.5-92.1-18.5C810.2,18.1,775.7,67.3,734,67.3z\"\/>\n\t<path class=\"elementor-shape-fill\" d=\"M766.1,28.9c-200-57.5-266,65.5-395.1,19.5C242,1.8,242,5.4,184.8,20.6C128,35.8,132.3,44.9,89.9,52.5C28.6,63.7,0,0,0,0 h1000c0,0-9.9,40.9-83.6,48.1S829.6,47,766.1,28.9z\"\/>\n<\/svg>\t\t<\/div>\n\t\t<div data-particle_enable=\"false\" data-particle-mobile-disabled=\"false\" class=\"elementor-element elementor-element-15eee14 e-con-full e-flex e-con e-child\" data-id=\"15eee14\" data-element_type=\"container\" data-settings=\"{&quot;_ha_eqh_enable&quot;:false}\">\n\t\t\t\t<div class=\"elementor-element elementor-element-be1e5c7 elementor-invisible elementor-widget elementor-widget-heading\" data-id=\"be1e5c7\" data-element_type=\"widget\" data-settings=\"{&quot;_animation&quot;:&quot;fadeInLeft&quot;}\" data-widget_type=\"heading.default\">\n\t\t\t\t\t<h2 class=\"elementor-heading-title elementor-size-default\">Seguran\u00e7a \u00e9 Valor<\/h2>\t\t\t\t<\/div>\n\t\t\t\t<\/div>\n\t\t<div data-particle_enable=\"false\" data-particle-mobile-disabled=\"false\" class=\"elementor-element elementor-element-02659ac e-con-full e-flex elementor-invisible e-con e-child\" data-id=\"02659ac\" data-element_type=\"container\" data-settings=\"{&quot;animation&quot;:&quot;fadeInRight&quot;,&quot;_ha_eqh_enable&quot;:false}\">\n\t\t<div data-particle_enable=\"false\" data-particle-mobile-disabled=\"false\" class=\"elementor-element elementor-element-6fa9676 e-con-full e-flex e-con e-child\" data-id=\"6fa9676\" data-element_type=\"container\" data-settings=\"{&quot;background_background&quot;:&quot;classic&quot;,&quot;_ha_eqh_enable&quot;:false}\">\n\t\t\t\t<\/div>\n\t\t<div data-particle_enable=\"false\" data-particle-mobile-disabled=\"false\" class=\"elementor-element elementor-element-e798151 e-con-full e-flex e-con e-child\" data-id=\"e798151\" data-element_type=\"container\" data-settings=\"{&quot;background_background&quot;:&quot;classic&quot;,&quot;_ha_eqh_enable&quot;:false}\">\n\t\t\t\t<\/div>\n\t\t\t\t<\/div>\n\t\t\t\t<\/div>\n\t\t<div data-particle_enable=\"false\" data-particle-mobile-disabled=\"false\" class=\"elementor-element elementor-element-fba4347 e-con-full nos elementor-hidden-desktop elementor-hidden-laptop elementor-hidden-tablet elementor-hidden-mobile e-flex e-con e-parent\" data-id=\"fba4347\" data-element_type=\"container\" data-settings=\"{&quot;_ha_eqh_enable&quot;:false}\">\n\t\t<div data-particle_enable=\"false\" data-particle-mobile-disabled=\"false\" class=\"elementor-element elementor-element-87ea40b e-con-full e-flex e-con e-child\" data-id=\"87ea40b\" data-element_type=\"container\" data-settings=\"{&quot;_ha_eqh_enable&quot;:false}\">\n\t\t\t\t<div class=\"elementor-element elementor-element-106ee8d elementor-invisible elementor-widget elementor-widget-heading\" data-id=\"106ee8d\" data-element_type=\"widget\" data-settings=\"{&quot;_animation&quot;:&quot;fadeInLeft&quot;}\" data-widget_type=\"heading.default\">\n\t\t\t\t\t<h2 class=\"elementor-heading-title elementor-size-default\">Certifications<\/h2>\t\t\t\t<\/div>\n\t\t\t\t<div class=\"elementor-element elementor-element-2ea4017 elementor-widget__width-initial elementor-widget elementor-widget-text-editor\" data-id=\"2ea4017\" data-element_type=\"widget\" data-widget_type=\"text-editor.default\">\n\t\t\t\t\t\t\t\t\t<p>Lorem ipsum dolor sit amet, consectetur adipiscing elit. Ut elit tellus, luctus nec ullamcorper mattis, pulvinar dapibus leo.Lorem ipsum dolor sit amet, consectetur adipiscing elit. Ut elit tellus, luctus nec ullamcorper mattis, pulvinar dapibus leo.<\/p><p>Lorem ipsum dolor sit amet, consectetur adipiscing elit. Ut elit tellus, luctus nec ullamcorper mattis, pulvinar dapibus leo.Lorem ipsum dolor sit amet, consectetur adipiscing elit. Ut elit tellus, luctus nec ullamcorper mattis, pulvinar dapibus leo.<\/p><p>Lorem ipsum dolor sit amet, consectetur adipiscing elit. Ut elit tellus, luctus nec ullamcorper mattis, pulvinar dapibus leo.Lorem ipsum dolor sit amet, consectetur adipiscing elit. Ut elit tellus, luctus nec ullamcorper mattis, pulvinar dapibus leo.<\/p>\t\t\t\t\t\t\t\t<\/div>\n\t\t<div data-particle_enable=\"false\" data-particle-mobile-disabled=\"false\" class=\"elementor-element elementor-element-b524471 e-grid e-con-full e-con e-child\" data-id=\"b524471\" data-element_type=\"container\" data-settings=\"{&quot;_ha_eqh_enable&quot;:false}\">\n\t\t\t\t<div class=\"elementor-element elementor-element-b6def25 elementor-view-default elementor-position-top elementor-mobile-position-top ha-has-bg-overlay elementor-widget elementor-widget-icon-box\" data-id=\"b6def25\" data-element_type=\"widget\" data-widget_type=\"icon-box.default\">\n\t\t\t\t\t\t\t<div class=\"elementor-icon-box-wrapper\">\n\n\t\t\t\t\t\t<div class=\"elementor-icon-box-icon\">\n\t\t\t\t<span  class=\"elementor-icon\">\n\t\t\t\t<svg aria-hidden=\"true\" class=\"e-font-icon-svg e-fas-helicopter\" viewbox=\"0 0 640 512\" xmlns=\"http:\/\/www.w3.org\/2000\/svg\"><path d=\"M304 384h272c17.67 0 32-14.33 32-32 0-123.71-100.29-224-224-224V64h176c8.84 0 16-7.16 16-16V16c0-8.84-7.16-16-16-16H144c-8.84 0-16 7.16-16 16v32c0 8.84 7.16 16 16 16h176v64H112L68.8 70.4C65.78 66.37 61.03 64 56 64H16.01C5.6 64-2.04 73.78.49 83.88L32 192l160 64 86.4 115.2A31.992 31.992 0 0 0 304 384zm112-188.49C478.55 208.3 528.03 257.44 540.79 320H416V195.51zm219.37 263.3l-22.15-22.2c-6.25-6.26-16.24-6.1-22.64.01-7.09 6.77-13.84 11.25-24.64 11.25H240c-8.84 0-16 7.18-16 16.03v32.06c0 8.85 7.16 16.03 16 16.03h325.94c14.88 0 35.3-.47 68.45-29.52 7.02-6.14 7.57-17.05.98-23.66z\"><\/path><\/svg>\t\t\t\t<\/span>\n\t\t\t<\/div>\n\t\t\t\n\t\t\t\t\t\t<div class=\"elementor-icon-box-content\">\n\n\t\t\t\t\t\t\t\t\t<h3 class=\"elementor-icon-box-title\">\n\t\t\t\t\t\t<span  >\n\t\t\t\t\t\t\tLorem ipsum\t\t\t\t\t\t<\/span>\n\t\t\t\t\t<\/h3>\n\t\t\t\t\n\t\t\t\t\n\t\t\t<\/div>\n\t\t\t\n\t\t<\/div>\n\t\t\t\t\t\t<\/div>\n\t\t\t\t<div class=\"elementor-element elementor-element-d98a85b elementor-view-default elementor-position-top elementor-mobile-position-top ha-has-bg-overlay elementor-widget elementor-widget-icon-box\" data-id=\"d98a85b\" data-element_type=\"widget\" data-widget_type=\"icon-box.default\">\n\t\t\t\t\t\t\t<div class=\"elementor-icon-box-wrapper\">\n\n\t\t\t\t\t\t<div class=\"elementor-icon-box-icon\">\n\t\t\t\t<span  class=\"elementor-icon\">\n\t\t\t\t<svg aria-hidden=\"true\" class=\"e-font-icon-svg e-fas-helicopter\" viewbox=\"0 0 640 512\" xmlns=\"http:\/\/www.w3.org\/2000\/svg\"><path d=\"M304 384h272c17.67 0 32-14.33 32-32 0-123.71-100.29-224-224-224V64h176c8.84 0 16-7.16 16-16V16c0-8.84-7.16-16-16-16H144c-8.84 0-16 7.16-16 16v32c0 8.84 7.16 16 16 16h176v64H112L68.8 70.4C65.78 66.37 61.03 64 56 64H16.01C5.6 64-2.04 73.78.49 83.88L32 192l160 64 86.4 115.2A31.992 31.992 0 0 0 304 384zm112-188.49C478.55 208.3 528.03 257.44 540.79 320H416V195.51zm219.37 263.3l-22.15-22.2c-6.25-6.26-16.24-6.1-22.64.01-7.09 6.77-13.84 11.25-24.64 11.25H240c-8.84 0-16 7.18-16 16.03v32.06c0 8.85 7.16 16.03 16 16.03h325.94c14.88 0 35.3-.47 68.45-29.52 7.02-6.14 7.57-17.05.98-23.66z\"><\/path><\/svg>\t\t\t\t<\/span>\n\t\t\t<\/div>\n\t\t\t\n\t\t\t\t\t\t<div class=\"elementor-icon-box-content\">\n\n\t\t\t\t\t\t\t\t\t<h3 class=\"elementor-icon-box-title\">\n\t\t\t\t\t\t<span  >\n\t\t\t\t\t\t\tLorem ipsum\t\t\t\t\t\t<\/span>\n\t\t\t\t\t<\/h3>\n\t\t\t\t\n\t\t\t\t\n\t\t\t<\/div>\n\t\t\t\n\t\t<\/div>\n\t\t\t\t\t\t<\/div>\n\t\t\t\t<div class=\"elementor-element elementor-element-337484b elementor-view-default elementor-position-top elementor-mobile-position-top ha-has-bg-overlay elementor-widget elementor-widget-icon-box\" data-id=\"337484b\" data-element_type=\"widget\" data-widget_type=\"icon-box.default\">\n\t\t\t\t\t\t\t<div class=\"elementor-icon-box-wrapper\">\n\n\t\t\t\t\t\t<div class=\"elementor-icon-box-icon\">\n\t\t\t\t<span  class=\"elementor-icon\">\n\t\t\t\t<svg aria-hidden=\"true\" class=\"e-font-icon-svg e-fas-helicopter\" viewbox=\"0 0 640 512\" xmlns=\"http:\/\/www.w3.org\/2000\/svg\"><path d=\"M304 384h272c17.67 0 32-14.33 32-32 0-123.71-100.29-224-224-224V64h176c8.84 0 16-7.16 16-16V16c0-8.84-7.16-16-16-16H144c-8.84 0-16 7.16-16 16v32c0 8.84 7.16 16 16 16h176v64H112L68.8 70.4C65.78 66.37 61.03 64 56 64H16.01C5.6 64-2.04 73.78.49 83.88L32 192l160 64 86.4 115.2A31.992 31.992 0 0 0 304 384zm112-188.49C478.55 208.3 528.03 257.44 540.79 320H416V195.51zm219.37 263.3l-22.15-22.2c-6.25-6.26-16.24-6.1-22.64.01-7.09 6.77-13.84 11.25-24.64 11.25H240c-8.84 0-16 7.18-16 16.03v32.06c0 8.85 7.16 16.03 16 16.03h325.94c14.88 0 35.3-.47 68.45-29.52 7.02-6.14 7.57-17.05.98-23.66z\"><\/path><\/svg>\t\t\t\t<\/span>\n\t\t\t<\/div>\n\t\t\t\n\t\t\t\t\t\t<div class=\"elementor-icon-box-content\">\n\n\t\t\t\t\t\t\t\t\t<h3 class=\"elementor-icon-box-title\">\n\t\t\t\t\t\t<span  >\n\t\t\t\t\t\t\tLorem ipsum\t\t\t\t\t\t<\/span>\n\t\t\t\t\t<\/h3>\n\t\t\t\t\n\t\t\t\t\n\t\t\t<\/div>\n\t\t\t\n\t\t<\/div>\n\t\t\t\t\t\t<\/div>\n\t\t\t\t<div class=\"elementor-element elementor-element-879e4ed elementor-view-default elementor-position-top elementor-mobile-position-top ha-has-bg-overlay elementor-widget elementor-widget-icon-box\" data-id=\"879e4ed\" data-element_type=\"widget\" data-widget_type=\"icon-box.default\">\n\t\t\t\t\t\t\t<div class=\"elementor-icon-box-wrapper\">\n\n\t\t\t\t\t\t<div class=\"elementor-icon-box-icon\">\n\t\t\t\t<span  class=\"elementor-icon\">\n\t\t\t\t<svg aria-hidden=\"true\" class=\"e-font-icon-svg e-fas-helicopter\" viewbox=\"0 0 640 512\" xmlns=\"http:\/\/www.w3.org\/2000\/svg\"><path d=\"M304 384h272c17.67 0 32-14.33 32-32 0-123.71-100.29-224-224-224V64h176c8.84 0 16-7.16 16-16V16c0-8.84-7.16-16-16-16H144c-8.84 0-16 7.16-16 16v32c0 8.84 7.16 16 16 16h176v64H112L68.8 70.4C65.78 66.37 61.03 64 56 64H16.01C5.6 64-2.04 73.78.49 83.88L32 192l160 64 86.4 115.2A31.992 31.992 0 0 0 304 384zm112-188.49C478.55 208.3 528.03 257.44 540.79 320H416V195.51zm219.37 263.3l-22.15-22.2c-6.25-6.26-16.24-6.1-22.64.01-7.09 6.77-13.84 11.25-24.64 11.25H240c-8.84 0-16 7.18-16 16.03v32.06c0 8.85 7.16 16.03 16 16.03h325.94c14.88 0 35.3-.47 68.45-29.52 7.02-6.14 7.57-17.05.98-23.66z\"><\/path><\/svg>\t\t\t\t<\/span>\n\t\t\t<\/div>\n\t\t\t\n\t\t\t\t\t\t<div class=\"elementor-icon-box-content\">\n\n\t\t\t\t\t\t\t\t\t<h3 class=\"elementor-icon-box-title\">\n\t\t\t\t\t\t<span  >\n\t\t\t\t\t\t\tLorem ipsum\t\t\t\t\t\t<\/span>\n\t\t\t\t\t<\/h3>\n\t\t\t\t\n\t\t\t\t\n\t\t\t<\/div>\n\t\t\t\n\t\t<\/div>\n\t\t\t\t\t\t<\/div>\n\t\t\t\t<div class=\"elementor-element elementor-element-b0732a0 elementor-view-default elementor-position-top elementor-mobile-position-top ha-has-bg-overlay elementor-widget elementor-widget-icon-box\" data-id=\"b0732a0\" data-element_type=\"widget\" data-widget_type=\"icon-box.default\">\n\t\t\t\t\t\t\t<div class=\"elementor-icon-box-wrapper\">\n\n\t\t\t\t\t\t<div class=\"elementor-icon-box-icon\">\n\t\t\t\t<span  class=\"elementor-icon\">\n\t\t\t\t<svg aria-hidden=\"true\" class=\"e-font-icon-svg e-fas-helicopter\" viewbox=\"0 0 640 512\" xmlns=\"http:\/\/www.w3.org\/2000\/svg\"><path d=\"M304 384h272c17.67 0 32-14.33 32-32 0-123.71-100.29-224-224-224V64h176c8.84 0 16-7.16 16-16V16c0-8.84-7.16-16-16-16H144c-8.84 0-16 7.16-16 16v32c0 8.84 7.16 16 16 16h176v64H112L68.8 70.4C65.78 66.37 61.03 64 56 64H16.01C5.6 64-2.04 73.78.49 83.88L32 192l160 64 86.4 115.2A31.992 31.992 0 0 0 304 384zm112-188.49C478.55 208.3 528.03 257.44 540.79 320H416V195.51zm219.37 263.3l-22.15-22.2c-6.25-6.26-16.24-6.1-22.64.01-7.09 6.77-13.84 11.25-24.64 11.25H240c-8.84 0-16 7.18-16 16.03v32.06c0 8.85 7.16 16.03 16 16.03h325.94c14.88 0 35.3-.47 68.45-29.52 7.02-6.14 7.57-17.05.98-23.66z\"><\/path><\/svg>\t\t\t\t<\/span>\n\t\t\t<\/div>\n\t\t\t\n\t\t\t\t\t\t<div class=\"elementor-icon-box-content\">\n\n\t\t\t\t\t\t\t\t\t<h3 class=\"elementor-icon-box-title\">\n\t\t\t\t\t\t<span  >\n\t\t\t\t\t\t\tLorem ipsum\t\t\t\t\t\t<\/span>\n\t\t\t\t\t<\/h3>\n\t\t\t\t\n\t\t\t\t\n\t\t\t<\/div>\n\t\t\t\n\t\t<\/div>\n\t\t\t\t\t\t<\/div>\n\t\t\t\t<\/div>\n\t\t\t\t<\/div>\n\t\t\t\t<\/div>\n\t\t\t\t<\/div>","protected":false},"excerpt":{"rendered":"<p>SEGURAN\u00c7A DO TRABALHO A seguran\u00e7a \u00e9 um dos pilares da nossa empresa. Atrav\u00e9s de um Sistema de Gest\u00e3o Integrado abrangente, identificamos, avaliamos e controlamos os riscos em todas as nossas opera\u00e7\u00f5es, tanto em terra quanto no mar. Nosso compromisso com a seguran\u00e7a vai al\u00e9m do cumprimento legal, buscando a excel\u00eancia em todas as nossas atividades. [&hellip;]<\/p>","protected":false},"author":1,"featured_media":0,"parent":0,"menu_order":0,"comment_status":"closed","ping_status":"closed","template":"","meta":{"footnotes":""},"class_list":["post-65","page","type-page","status-publish","hentry"],"_links":{"self":[{"href":"https:\/\/ventura-offshore.com\/en\/wp-json\/wp\/v2\/pages\/65","targetHints":{"allow":["GET"]}}],"collection":[{"href":"https:\/\/ventura-offshore.com\/en\/wp-json\/wp\/v2\/pages"}],"about":[{"href":"https:\/\/ventura-offshore.com\/en\/wp-json\/wp\/v2\/types\/page"}],"author":[{"embeddable":true,"href":"https:\/\/ventura-offshore.com\/en\/wp-json\/wp\/v2\/users\/1"}],"replies":[{"embeddable":true,"href":"https:\/\/ventura-offshore.com\/en\/wp-json\/wp\/v2\/comments?post=65"}],"version-history":[{"count":16,"href":"https:\/\/ventura-offshore.com\/en\/wp-json\/wp\/v2\/pages\/65\/revisions"}],"predecessor-version":[{"id":2948,"href":"https:\/\/ventura-offshore.com\/en\/wp-json\/wp\/v2\/pages\/65\/revisions\/2948"}],"wp:attachment":[{"href":"https:\/\/ventura-offshore.com\/en\/wp-json\/wp\/v2\/media?parent=65"}],"curies":[{"name":"wp","href":"https:\/\/api.w.org\/{rel}","templated":true}]}}