{"id":43,"date":"2024-12-16T17:58:53","date_gmt":"2024-12-16T20:58:53","guid":{"rendered":"https:\/\/venturaoffshore.diagrammacv.com.br\/?page_id=43"},"modified":"2025-08-02T11:04:26","modified_gmt":"2025-08-02T14:04:26","slug":"ns-zonda","status":"publish","type":"page","link":"https:\/\/ventura-offshore.com\/en\/ns-zonda\/","title":{"rendered":"DS Zonda"},"content":{"rendered":"<div data-elementor-type=\"wp-page\" data-elementor-id=\"43\" class=\"elementor elementor-43\" data-elementor-settings=\"{&quot;ha_cmc_init_switcher&quot;:&quot;no&quot;}\" data-elementor-post-type=\"page\">\n\t\t\t\t<div data-particle_enable=\"false\" data-particle-mobile-disabled=\"false\" class=\"elementor-element elementor-element-dafc5e8 e-con-full e-flex e-con e-parent\" data-id=\"dafc5e8\" data-element_type=\"container\" data-settings=\"{&quot;background_background&quot;:&quot;classic&quot;,&quot;_ha_eqh_enable&quot;:false}\">\n\t\t<div data-particle_enable=\"false\" data-particle-mobile-disabled=\"false\" class=\"elementor-element elementor-element-4a11cf7 e-con-full e-flex e-con e-child\" data-id=\"4a11cf7\" data-element_type=\"container\" data-settings=\"{&quot;_ha_eqh_enable&quot;:false}\">\n\t\t\t\t<\/div>\n\t\t<div data-particle_enable=\"false\" data-particle-mobile-disabled=\"false\" class=\"elementor-element elementor-element-c2065ea e-con-full e-flex e-con e-child\" data-id=\"c2065ea\" data-element_type=\"container\" data-settings=\"{&quot;_ha_eqh_enable&quot;:false}\">\n\t\t\t\t<\/div>\n\t\t\t\t<\/div>\n\t\t<div data-particle_enable=\"false\" data-particle-mobile-disabled=\"false\" class=\"elementor-element elementor-element-4ce8357 e-con-full nos e-flex e-con e-parent\" data-id=\"4ce8357\" data-element_type=\"container\" data-settings=\"{&quot;_ha_eqh_enable&quot;:false}\">\n\t\t<div data-particle_enable=\"false\" data-particle-mobile-disabled=\"false\" class=\"elementor-element elementor-element-4334527 e-con-full e-flex e-con e-child\" data-id=\"4334527\" data-element_type=\"container\" data-settings=\"{&quot;_ha_eqh_enable&quot;:false}\">\n\t\t\t\t<div class=\"elementor-element elementor-element-1e0c9e2 nos elementor-widget elementor-widget-heading\" data-id=\"1e0c9e2\" data-element_type=\"widget\" data-widget_type=\"heading.default\">\n\t\t\t\t\t<h2 class=\"elementor-heading-title elementor-size-default\">DRILL SHIP<\/h2>\t\t\t\t<\/div>\n\t\t\t\t<div class=\"elementor-element elementor-element-44b02a3 elementor-widget elementor-widget-heading\" data-id=\"44b02a3\" data-element_type=\"widget\" data-widget_type=\"heading.default\">\n\t\t\t\t\t<h2 class=\"elementor-heading-title elementor-size-default\">DS Zonda<\/h2>\t\t\t\t<\/div>\n\t\t\t\t<div class=\"elementor-element elementor-element-bbe47dc elementor-widget elementor-widget-text-editor\" data-id=\"bbe47dc\" data-element_type=\"widget\" data-widget_type=\"text-editor.default\">\n\t\t\t\t\t\t\t\t\t<p>The Atlantic Zonda is among the most capable 7th generation drillships in the world. Built based on the\nSamsung 96K design, the Atlantic Zonda is a dual-activity platform capable of performing drilling\noperations in water depths of up to 12,000 feet.<\/p>\t\t\t\t\t\t\t\t<\/div>\n\t\t\t\t<\/div>\n\t\t<div data-particle_enable=\"false\" data-particle-mobile-disabled=\"false\" class=\"elementor-element elementor-element-b2b7d6c e-con-full e-flex e-con e-child\" data-id=\"b2b7d6c\" data-element_type=\"container\" data-settings=\"{&quot;_ha_eqh_enable&quot;:false}\">\n\t\t\t\t<div class=\"elementor-element elementor-element-294e1fe elementor-widget elementor-widget-image-carousel\" data-id=\"294e1fe\" data-element_type=\"widget\" data-settings=\"{&quot;slides_to_show&quot;:&quot;1&quot;,&quot;navigation&quot;:&quot;none&quot;,&quot;autoplay&quot;:&quot;yes&quot;,&quot;pause_on_hover&quot;:&quot;yes&quot;,&quot;pause_on_interaction&quot;:&quot;yes&quot;,&quot;autoplay_speed&quot;:5000,&quot;infinite&quot;:&quot;yes&quot;,&quot;effect&quot;:&quot;slide&quot;,&quot;speed&quot;:500}\" data-widget_type=\"image-carousel.default\">\n\t\t\t\t\t\t\t<div class=\"elementor-image-carousel-wrapper swiper\" role=\"region\" aria-roledescription=\"carousel\" aria-label=\"Carrossel de imagens\" dir=\"ltr\">\n\t\t\t<div class=\"elementor-image-carousel swiper-wrapper\" aria-live=\"off\">\n\t\t\t\t\t\t\t\t<div class=\"swiper-slide\" role=\"group\" aria-roledescription=\"slide\" aria-label=\"1 of 4\"><figure class=\"swiper-slide-inner\"><img decoding=\"async\" class=\"swiper-slide-image\" src=\"https:\/\/ventura-offshore.com\/wp-content\/uploads\/elementor\/thumbs\/2412468-scaled-r4gnwx065irocmahmqu72fjss9gf5rkqx7peidpkq8.jpg\" alt=\"2412468\" \/><\/figure><\/div><div class=\"swiper-slide\" role=\"group\" aria-roledescription=\"slide\" aria-label=\"2 of 4\"><figure class=\"swiper-slide-inner\"><img decoding=\"async\" class=\"swiper-slide-image\" src=\"https:\/\/ventura-offshore.com\/wp-content\/uploads\/elementor\/thumbs\/2483650-scaled-r4gnxa5wt79ov5rdhwiz1c893nnk5j0zn0u78962b4.jpg\" alt=\"2483650\" \/><\/figure><\/div><div class=\"swiper-slide\" role=\"group\" aria-roledescription=\"slide\" aria-label=\"3 of 4\"><figure class=\"swiper-slide-inner\"><img decoding=\"async\" class=\"swiper-slide-image\" src=\"https:\/\/ventura-offshore.com\/wp-content\/uploads\/elementor\/thumbs\/2946650-scaled-r4gnxmdta1qf239mijt4fr58tnzbxldi0pbiguny28.jpg\" alt=\"2946650\" \/><\/figure><\/div><div class=\"swiper-slide\" role=\"group\" aria-roledescription=\"slide\" aria-label=\"4 of 4\"><figure class=\"swiper-slide-inner\"><img decoding=\"async\" class=\"swiper-slide-image\" src=\"https:\/\/ventura-offshore.com\/wp-content\/uploads\/elementor\/thumbs\/3665941-r4gnxtwisq0pmyypan24zp8xkqy9n67cpqjeb2csog.jpg\" alt=\"3665941\" \/><\/figure><\/div>\t\t\t<\/div>\n\t\t\t\t\t\t\t\n\t\t\t\t\t\t\t\t\t<\/div>\n\t\t\t\t\t\t<\/div>\n\t\t\t\t<\/div>\n\t\t\t\t<\/div>\n\t\t<div data-particle_enable=\"false\" data-particle-mobile-disabled=\"false\" class=\"elementor-element elementor-element-c1fea28 e-grid e-con-full animated-slow elementor-invisible e-con e-parent\" data-id=\"c1fea28\" data-element_type=\"container\" data-settings=\"{&quot;animation&quot;:&quot;fadeInUp&quot;,&quot;_ha_eqh_enable&quot;:false}\">\n\t\t\t\t<div class=\"elementor-element elementor-element-def4b1a ha-has-bg-overlay elementor-widget elementor-widget-image-box\" data-id=\"def4b1a\" data-element_type=\"widget\" data-widget_type=\"image-box.default\">\n\t\t\t\t\t<div class=\"elementor-image-box-wrapper\"><div class=\"elementor-image-box-content\"><h3 class=\"elementor-image-box-title\">Specification<\/h3><p class=\"elementor-image-box-description\">Ultra-deepwater<\/p><\/div><\/div>\t\t\t\t<\/div>\n\t\t\t\t<div class=\"elementor-element elementor-element-3386496 ha-has-bg-overlay elementor-widget elementor-widget-image-box\" data-id=\"3386496\" data-element_type=\"widget\" data-widget_type=\"image-box.default\">\n\t\t\t\t\t<div class=\"elementor-image-box-wrapper\"><div class=\"elementor-image-box-content\"><h3 class=\"elementor-image-box-title\">Rig Type\/Design<\/h3><p class=\"elementor-image-box-description\">DP3 Drillship\/<br>Samsung 96K<\/p><\/div><\/div>\t\t\t\t<\/div>\n\t\t\t\t<div class=\"elementor-element elementor-element-4dc214c ha-has-bg-overlay elementor-widget elementor-widget-image-box\" data-id=\"4dc214c\" data-element_type=\"widget\" data-widget_type=\"image-box.default\">\n\t\t\t\t\t<div class=\"elementor-image-box-wrapper\"><div class=\"elementor-image-box-content\"><h3 class=\"elementor-image-box-title\">Depth<\/h3><p class=\"elementor-image-box-description\">12,000ft<\/p><\/div><\/div>\t\t\t\t<\/div>\n\t\t\t\t<div class=\"elementor-element elementor-element-b9fbc22 ha-has-bg-overlay elementor-widget elementor-widget-image-box\" data-id=\"b9fbc22\" data-element_type=\"widget\" data-widget_type=\"image-box.default\">\n\t\t\t\t\t<div class=\"elementor-image-box-wrapper\"><div class=\"elementor-image-box-content\"><h3 class=\"elementor-image-box-title\">Year of build<\/h3><p class=\"elementor-image-box-description\">2014<\/p><\/div><\/div>\t\t\t\t<\/div>\n\t\t\t\t<div class=\"elementor-element elementor-element-b46baf8 ha-has-bg-overlay elementor-widget elementor-widget-image-box\" data-id=\"b46baf8\" data-element_type=\"widget\" data-widget_type=\"image-box.default\">\n\t\t\t\t\t<div class=\"elementor-image-box-wrapper\"><div class=\"elementor-image-box-content\"><h3 class=\"elementor-image-box-title\">Start of Operations<\/h3><p class=\"elementor-image-box-description\">2024<\/p><\/div><\/div>\t\t\t\t<\/div>\n\t\t\t\t<div class=\"elementor-element elementor-element-dfac54c ha-has-bg-overlay elementor-widget elementor-widget-image-box\" data-id=\"dfac54c\" data-element_type=\"widget\" data-widget_type=\"image-box.default\">\n\t\t\t\t\t<div class=\"elementor-image-box-wrapper\"><div class=\"elementor-image-box-content\"><h3 class=\"elementor-image-box-title\">Derrick Hook Load<\/h3><p class=\"elementor-image-box-description\">2,64mm lbs \/ 1120mt<\/p><\/div><\/div>\t\t\t\t<\/div>\n\t\t\t\t<div class=\"elementor-element elementor-element-1c2cfe8 ha-has-bg-overlay elementor-widget elementor-widget-image-box\" data-id=\"1c2cfe8\" data-element_type=\"widget\" data-widget_type=\"image-box.default\">\n\t\t\t\t\t<div class=\"elementor-image-box-wrapper\"><div class=\"elementor-image-box-content\"><h3 class=\"elementor-image-box-title\">Activity<\/h3><p class=\"elementor-image-box-description\">Dual Derrick \/ Dual Activity<\/p><\/div><\/div>\t\t\t\t<\/div>\n\t\t\t\t<div class=\"elementor-element elementor-element-f58be2a ha-has-bg-overlay elementor-widget elementor-widget-image-box\" data-id=\"f58be2a\" data-element_type=\"widget\" data-widget_type=\"image-box.default\">\n\t\t\t\t\t<div class=\"elementor-image-box-wrapper\"><div class=\"elementor-image-box-content\"><h3 class=\"elementor-image-box-title\">Depth<\/h3><p class=\"elementor-image-box-description\">40,000ft<\/p><\/div><\/div>\t\t\t\t<\/div>\n\t\t\t\t<div class=\"elementor-element elementor-element-a41fd7d ha-has-bg-overlay elementor-widget elementor-widget-image-box\" data-id=\"a41fd7d\" data-element_type=\"widget\" data-widget_type=\"image-box.default\">\n\t\t\t\t\t<div class=\"elementor-image-box-wrapper\"><div class=\"elementor-image-box-content\"><h3 class=\"elementor-image-box-title\">Drilling Machines<\/h3><p class=\"elementor-image-box-description\">NOV<\/p><\/div><\/div>\t\t\t\t<\/div>\n\t\t\t\t<div class=\"elementor-element elementor-element-b64da87 ha-has-bg-overlay elementor-widget elementor-widget-image-box\" data-id=\"b64da87\" data-element_type=\"widget\" data-widget_type=\"image-box.default\">\n\t\t\t\t\t<div class=\"elementor-image-box-wrapper\"><div class=\"elementor-image-box-content\"><h3 class=\"elementor-image-box-title\">BOP<\/h3><p class=\"elementor-image-box-description\">15,000  psi<br><span style=\"font-size: 15px\">BOP<\/span><\/p><\/div><\/div>\t\t\t\t<\/div>\n\t\t\t\t<div class=\"elementor-element elementor-element-91575f9 ha-has-bg-overlay elementor-widget elementor-widget-image-box\" data-id=\"91575f9\" data-element_type=\"widget\" data-widget_type=\"image-box.default\">\n\t\t\t\t\t<div class=\"elementor-image-box-wrapper\"><div class=\"elementor-image-box-content\"><h3 class=\"elementor-image-box-title\">BOP Rams<\/h3><p class=\"elementor-image-box-description\">6<\/p><\/div><\/div>\t\t\t\t<\/div>\n\t\t\t\t<div class=\"elementor-element elementor-element-6779d68 ha-has-bg-overlay elementor-widget elementor-widget-image-box\" data-id=\"6779d68\" data-element_type=\"widget\" data-widget_type=\"image-box.default\">\n\t\t\t\t\t<div class=\"elementor-image-box-wrapper\"><div class=\"elementor-image-box-content\"><h3 class=\"elementor-image-box-title\">MPD<\/h3><p class=\"elementor-image-box-description\">Installed<\/p><\/div><\/div>\t\t\t\t<\/div>\n\t\t\t\t<div class=\"elementor-element elementor-element-de1d661 ha-has-bg-overlay elementor-widget elementor-widget-image-box\" data-id=\"de1d661\" data-element_type=\"widget\" data-widget_type=\"image-box.default\">\n\t\t\t\t\t<div class=\"elementor-image-box-wrapper\"><div class=\"elementor-image-box-content\"><h3 class=\"elementor-image-box-title\">Var. Deck Load<\/h3><p class=\"elementor-image-box-description\">22,000t<\/p><\/div><\/div>\t\t\t\t<\/div>\n\t\t\t\t<div class=\"elementor-element elementor-element-8ede0e0 ha-has-bg-overlay elementor-widget elementor-widget-image-box\" data-id=\"8ede0e0\" data-element_type=\"widget\" data-widget_type=\"image-box.default\">\n\t\t\t\t\t<div class=\"elementor-image-box-wrapper\"><div class=\"elementor-image-box-content\"><h3 class=\"elementor-image-box-title\">Customer<\/h3><p class=\"elementor-image-box-description\">Petrobras<\/p><\/div><\/div>\t\t\t\t<\/div>\n\t\t\t\t<\/div>\n\t\t<div data-particle_enable=\"false\" data-particle-mobile-disabled=\"false\" class=\"elementor-element elementor-element-fce14d8 e-con-full elementor-hidden-desktop elementor-hidden-laptop elementor-hidden-tablet elementor-hidden-mobile e-flex e-con e-parent\" data-id=\"fce14d8\" data-element_type=\"container\" data-settings=\"{&quot;_ha_eqh_enable&quot;:false}\">\n\t\t\t\t<div class=\"elementor-element elementor-element-0b5d5ee elementor-widget elementor-widget-heading\" data-id=\"0b5d5ee\" data-element_type=\"widget\" data-widget_type=\"heading.default\">\n\t\t\t\t\t<h2 class=\"elementor-heading-title elementor-size-default\">Timeline<\/h2>\t\t\t\t<\/div>\n\t\t\t\t<div class=\"elementor-element elementor-element-ab5c6cb elementor-widget elementor-widget-heading\" data-id=\"ab5c6cb\" data-element_type=\"widget\" data-widget_type=\"heading.default\">\n\t\t\t\t\t<h2 class=\"elementor-heading-title elementor-size-default\">Contract history<\/h2>\t\t\t\t<\/div>\n\t\t\t\t<div class=\"elementor-element elementor-element-24390f0 elementor-hidden-desktop elementor-hidden-laptop elementor-hidden-tablet elementor-hidden-mobile elementor-invisible elementor-widget elementor-widget-eael-content-timeline\" data-id=\"24390f0\" data-element_type=\"widget\" data-settings=\"{&quot;_animation&quot;:&quot;fadeInUp&quot;}\" data-widget_type=\"eael-content-timeline.default\">\n\t\t\t\t<div class=\"elementor-widget-container\">\n\t\t\t\t\t\t\t<div id=\"eael-content-timeline-24390f0\" class=\"content-timeline-layout- date-position- horizontal-timeline-wrapper\" data-slide_to_scroll=\"{&quot;desktop&quot;:&quot;3&quot;,&quot;mobile&quot;:1,&quot;tablet&quot;:1,&quot;laptop&quot;:1}\">\n\t\t\t<div class=\"eael-content-timeline-container\">\n\t\t\t\t<div class=\"eael-content-timeline-container\">\n\t\t\t\t\t<div class=\"eael-horizontal-timeline eael-horizontal-timeline--layout-middle eael-horizontal-timeline--align-left eael-horizontal-timeline--arrows\">\n        <div class=\"eael-horizontal-timeline-inner\">\n        \n    <div class=\"eael-horizontal-timeline-track\">\n        \n                <div class=\"eael-horizontal-timeline-list eael-horizontal-timeline-list--top middle\">\n                    \t\t\t\t<div class=\"eael-horizontal-timeline-item top is-active\">\n\t\t\t\t\t<div class=\"eael-horizontal-timeline-item__card top\">\n\t\t\t\t\t\t<div class=\"eael-horizontal-timeline-item__card-inner\">\n\t\t\t\t\t\t\t\n\t\t\t\t\t\t\t<h2 class=\"eael-horizontal-timeline-item__card-title\"><a href=\"#\">ENI<\/a><\/h2>\t\t\t\t\t\t\t<div class=\"eael-horizontal-timeline-item__card-desc\">\n\t\t\t\t\t\t\t\t<p>Indonesia<\/p>\t\t\t\t\t\t\t<\/div>\n\t\t\t\t\t\t<\/div>\n\t\t\t\t\t\t\n\t\t\t\t\t\t<div class=\"eael-horizontal-timeline-item__card-arrow top\"><\/div>\n\t\t\t\t\t<\/div>\n\t\t\t\t<\/div>\n\t\t\t\t                <\/div>\n                <div class=\"eael-horizontal-timeline-list eael-horizontal-timeline-list--middle middle\">\n                    <div class=\"eael-horizontal-timeline__line\">\n                        <div class=\"eael-horizontal-timeline-item__highlight\"><\/div>\n                    <\/div>\n                    \t\t\t\t<div class=\"eael-horizontal-timeline-item eael-horizontal-timeline-item__line is-active\">\n\t\t\t\t\t<div class=\"eael-horizontal-timeline-item__point\">\n\t\t\t\t\t\t<div class=\"eael-horizontal-timeline-item__point-content\">\n\t\t\t\t\t\t\t<span class=\"eael-elements-icon\">  <\/span>\n\t\t\t\t\t\t<\/div>\n\t\t\t\t\t<\/div>\n\t\t\t\t<\/div>\n\t\t\t\t                <\/div>\n                <div class=\"eael-horizontal-timeline-list eael-horizontal-timeline-list--bottom middle\">\n                    \t\t\t\t<div class=\"eael-horizontal-timeline-item is-active\">\n\t\t\t\t\t\t\t\t\t\t\t<div class=\"eael-horizontal-timeline-item__meta\">\n\t\t\t\t\t\t\t2024\t\t\t\t\t\t<\/div>\n\t\t\t\t\t\t\t\t\t<\/div>\n\t\t\t\t                <\/div>\n\n                    <\/div>\n\n    <i class=\"fa fa-chevron-circle-left eael-arrow eael-prev-arrow eael-arrow-disabled\"><\/i><i class=\"fa fa-chevron-circle-left eael-arrow eael-next-arrow\"><\/i>\n        <\/div> <!-- \/.eael-horizontal-timeline-inner -->\n    <\/div>\n\t\t\t\t<\/div>\n\t\t\t<\/div>\n\t\t<\/div>\n\t\t\t\t\t<\/div>\n\t\t\t\t<\/div>\n\t\t\t\t<\/div>\n\t\t\t\t<\/div>","protected":false},"excerpt":{"rendered":"<p>NAVIO SONDA NS Zonda O Atlantic Zonda est\u00e1 entre os navios-sonda de 7\u00aa gera\u00e7\u00e3o mais capazes do mundo. Constru\u00eddo com base no design Samsung 96K, o Atlantic Zonda \u00e9 uma plataforma de atividade dupla capaz de realizar opera\u00e7\u00f5es de perfura\u00e7\u00e3o em profundidades de \u00e1gua de at\u00e9 12.000 p\u00e9s. Especifica\u00e7\u00e3o Ultra-deepwater Tipo de sonda\/Design DP3 Drillship\/Samsung [&hellip;]<\/p>","protected":false},"author":1,"featured_media":0,"parent":0,"menu_order":0,"comment_status":"closed","ping_status":"closed","template":"","meta":{"footnotes":""},"class_list":["post-43","page","type-page","status-publish","hentry"],"_links":{"self":[{"href":"https:\/\/ventura-offshore.com\/en\/wp-json\/wp\/v2\/pages\/43","targetHints":{"allow":["GET"]}}],"collection":[{"href":"https:\/\/ventura-offshore.com\/en\/wp-json\/wp\/v2\/pages"}],"about":[{"href":"https:\/\/ventura-offshore.com\/en\/wp-json\/wp\/v2\/types\/page"}],"author":[{"embeddable":true,"href":"https:\/\/ventura-offshore.com\/en\/wp-json\/wp\/v2\/users\/1"}],"replies":[{"embeddable":true,"href":"https:\/\/ventura-offshore.com\/en\/wp-json\/wp\/v2\/comments?post=43"}],"version-history":[{"count":64,"href":"https:\/\/ventura-offshore.com\/en\/wp-json\/wp\/v2\/pages\/43\/revisions"}],"predecessor-version":[{"id":5746,"href":"https:\/\/ventura-offshore.com\/en\/wp-json\/wp\/v2\/pages\/43\/revisions\/5746"}],"wp:attachment":[{"href":"https:\/\/ventura-offshore.com\/en\/wp-json\/wp\/v2\/media?parent=43"}],"curies":[{"name":"wp","href":"https:\/\/api.w.org\/{rel}","templated":true}]}}