{"id":3110,"date":"2025-03-26T22:25:13","date_gmt":"2025-03-27T01:25:13","guid":{"rendered":"https:\/\/ventura-offshore.com\/?page_id=3110"},"modified":"2025-03-26T22:26:27","modified_gmt":"2025-03-27T01:26:27","slug":"valores","status":"publish","type":"page","link":"https:\/\/ventura-offshore.com\/en\/valores\/","title":{"rendered":"Values"},"content":{"rendered":"<div data-elementor-type=\"wp-page\" data-elementor-id=\"3110\" class=\"elementor elementor-3110\" data-elementor-settings=\"{&quot;ha_cmc_init_switcher&quot;:&quot;no&quot;}\" data-elementor-post-type=\"page\">\n\t\t\t\t<div data-particle_enable=\"false\" data-particle-mobile-disabled=\"false\" class=\"elementor-element elementor-element-1ecfd0d e-con-full e-flex e-con e-parent\" data-id=\"1ecfd0d\" data-element_type=\"container\" data-settings=\"{&quot;background_background&quot;:&quot;classic&quot;,&quot;_ha_eqh_enable&quot;:false}\">\n\t\t<div data-particle_enable=\"false\" data-particle-mobile-disabled=\"false\" class=\"elementor-element elementor-element-06a4d0a e-con-full e-flex e-con e-child\" data-id=\"06a4d0a\" data-element_type=\"container\" data-settings=\"{&quot;_ha_eqh_enable&quot;:false}\">\n\t\t\t\t<\/div>\n\t\t<div data-particle_enable=\"false\" data-particle-mobile-disabled=\"false\" class=\"elementor-element elementor-element-d50e819 e-con-full e-flex e-con e-child\" data-id=\"d50e819\" data-element_type=\"container\" data-settings=\"{&quot;_ha_eqh_enable&quot;:false}\">\n\t\t\t\t<\/div>\n\t\t\t\t<\/div>\n\t\t<div data-particle_enable=\"false\" data-particle-mobile-disabled=\"false\" class=\"elementor-element elementor-element-9b0aa5e e-con-full nos e-flex e-con e-parent\" data-id=\"9b0aa5e\" data-element_type=\"container\" data-settings=\"{&quot;_ha_eqh_enable&quot;:false}\">\n\t\t<div data-particle_enable=\"false\" data-particle-mobile-disabled=\"false\" class=\"elementor-element elementor-element-025fb44 e-con-full e-flex e-con e-child\" data-id=\"025fb44\" data-element_type=\"container\" data-settings=\"{&quot;_ha_eqh_enable&quot;:false}\">\n\t\t\t\t<div class=\"elementor-element elementor-element-a768b87 elementor-widget elementor-widget-heading\" data-id=\"a768b87\" data-element_type=\"widget\" data-widget_type=\"heading.default\">\n\t\t\t\t\t<h2 class=\"elementor-heading-title elementor-size-default\">Values<\/h2>\t\t\t\t<\/div>\n\t\t\t\t<div class=\"elementor-element elementor-element-21719b0 elementor-widget elementor-widget-text-editor\" data-id=\"21719b0\" data-element_type=\"widget\" data-widget_type=\"text-editor.default\">\n\t\t\t\t\t\t\t\t\t<p>Ventura Offshore bases its routine on the incessant pursuit of the values \u200b\u200bbelow:<\/p><ul><li><strong>SAFETY<br \/><\/strong>It is an inherent part of our mindset, serving as the core factor in every decision we\nmake.<\/li><li><strong><em>Sustainability<\/em><br \/><\/strong>Our actions are guided in an environmentally conscious and socially responsible manner, always focusing on the balance of people and the communities in which we operate.<\/li><li><strong><em>Integrity<\/em><br \/><\/strong>Our commitment to integrity is absolute, reflected at every level of our organization and in all of our activities. We strive to apply the highest standards of ethics, integrity, and transparency in everything we do.<\/li><li><strong><em>Excellence<\/em><br \/><\/strong>With the highest standards of quality and efficiency, we consistently strive to exceed our customers' expectations.<\/li><\/ul>\t\t\t\t\t\t\t\t<\/div>\n\t\t\t\t<\/div>\n\t\t\t\t<\/div>\n\t\t\t\t<\/div>","protected":false},"excerpt":{"rendered":"<p>Valores A Ventura Offshore pauta sua rotina na busca incessante dos valores abaixo: Seguran\u00e7a\u00c9 parte inerente de nossa mentalidade, sendo fator central em cada decis\u00e3o que tomamos; SustentabilidadeNossa atua\u00e7\u00e3o \u00e9 orientada de forma ambientalmente consciente e socialmente respons\u00e1vel, sempre com foco no equil\u00edbrio das pessoas e das comunidades em que atuamos; IntegridadeNosso compromisso com a [&hellip;]<\/p>","protected":false},"author":2,"featured_media":0,"parent":0,"menu_order":0,"comment_status":"closed","ping_status":"closed","template":"elementor_header_footer","meta":{"footnotes":""},"class_list":["post-3110","page","type-page","status-publish","hentry"],"_links":{"self":[{"href":"https:\/\/ventura-offshore.com\/en\/wp-json\/wp\/v2\/pages\/3110","targetHints":{"allow":["GET"]}}],"collection":[{"href":"https:\/\/ventura-offshore.com\/en\/wp-json\/wp\/v2\/pages"}],"about":[{"href":"https:\/\/ventura-offshore.com\/en\/wp-json\/wp\/v2\/types\/page"}],"author":[{"embeddable":true,"href":"https:\/\/ventura-offshore.com\/en\/wp-json\/wp\/v2\/users\/2"}],"replies":[{"embeddable":true,"href":"https:\/\/ventura-offshore.com\/en\/wp-json\/wp\/v2\/comments?post=3110"}],"version-history":[{"count":7,"href":"https:\/\/ventura-offshore.com\/en\/wp-json\/wp\/v2\/pages\/3110\/revisions"}],"predecessor-version":[{"id":3120,"href":"https:\/\/ventura-offshore.com\/en\/wp-json\/wp\/v2\/pages\/3110\/revisions\/3120"}],"wp:attachment":[{"href":"https:\/\/ventura-offshore.com\/en\/wp-json\/wp\/v2\/media?parent=3110"}],"curies":[{"name":"wp","href":"https:\/\/api.w.org\/{rel}","templated":true}]}}