{"id":3099,"date":"2025-03-26T22:20:42","date_gmt":"2025-03-27T01:20:42","guid":{"rendered":"https:\/\/ventura-offshore.com\/?page_id=3099"},"modified":"2025-03-26T22:22:48","modified_gmt":"2025-03-27T01:22:48","slug":"missao","status":"publish","type":"page","link":"https:\/\/ventura-offshore.com\/en\/missao\/","title":{"rendered":"Mission"},"content":{"rendered":"<div data-elementor-type=\"wp-page\" data-elementor-id=\"3099\" class=\"elementor elementor-3099\" data-elementor-settings=\"{&quot;ha_cmc_init_switcher&quot;:&quot;no&quot;}\" data-elementor-post-type=\"page\">\n\t\t\t\t<div data-particle_enable=\"false\" data-particle-mobile-disabled=\"false\" class=\"elementor-element elementor-element-214cd8d e-con-full e-flex e-con e-parent\" data-id=\"214cd8d\" data-element_type=\"container\" data-settings=\"{&quot;background_background&quot;:&quot;classic&quot;,&quot;_ha_eqh_enable&quot;:false}\">\n\t\t<div data-particle_enable=\"false\" data-particle-mobile-disabled=\"false\" class=\"elementor-element elementor-element-9ef13ed e-con-full e-flex e-con e-child\" data-id=\"9ef13ed\" data-element_type=\"container\" data-settings=\"{&quot;_ha_eqh_enable&quot;:false}\">\n\t\t\t\t<\/div>\n\t\t<div data-particle_enable=\"false\" data-particle-mobile-disabled=\"false\" class=\"elementor-element elementor-element-39042b0 e-con-full e-flex e-con e-child\" data-id=\"39042b0\" data-element_type=\"container\" data-settings=\"{&quot;_ha_eqh_enable&quot;:false}\">\n\t\t\t\t<\/div>\n\t\t\t\t<\/div>\n\t\t<div data-particle_enable=\"false\" data-particle-mobile-disabled=\"false\" class=\"elementor-element elementor-element-a99247f e-con-full nos e-flex e-con e-parent\" data-id=\"a99247f\" data-element_type=\"container\" data-settings=\"{&quot;_ha_eqh_enable&quot;:false}\">\n\t\t<div data-particle_enable=\"false\" data-particle-mobile-disabled=\"false\" class=\"elementor-element elementor-element-2cb075d e-con-full e-flex e-con e-child\" data-id=\"2cb075d\" data-element_type=\"container\" data-settings=\"{&quot;_ha_eqh_enable&quot;:false}\">\n\t\t\t\t<div class=\"elementor-element elementor-element-fb61c4f elementor-widget elementor-widget-heading\" data-id=\"fb61c4f\" data-element_type=\"widget\" data-widget_type=\"heading.default\">\n\t\t\t\t\t<h2 class=\"elementor-heading-title elementor-size-default\">Mission<\/h2>\t\t\t\t<\/div>\n\t\t\t\t<div class=\"elementor-element elementor-element-9cdaf42 elementor-widget elementor-widget-text-editor\" data-id=\"9cdaf42\" data-element_type=\"widget\" data-widget_type=\"text-editor.default\">\n\t\t\t\t\t\t\t\t\t<p>Provide solutions for the oil and gas industry, both in the drilling and oil production aspects, remaining technologically ahead of its competitors.<\/p>\t\t\t\t\t\t\t\t<\/div>\n\t\t\t\t<\/div>\n\t\t\t\t<\/div>\n\t\t\t\t<\/div>","protected":false},"excerpt":{"rendered":"<p>Miss\u00e3o Prover solu\u00e7\u00f5es para a ind\u00fastria de \u00f3leo e g\u00e1s, tanto nos aspectos de perfura\u00e7\u00e3o, quanto na produ\u00e7\u00e3o de petr\u00f3leo, mantendo-se tecnologicamente a frente de seus concorrentes.<\/p>","protected":false},"author":2,"featured_media":0,"parent":0,"menu_order":0,"comment_status":"closed","ping_status":"closed","template":"elementor_header_footer","meta":{"footnotes":""},"class_list":["post-3099","page","type-page","status-publish","hentry"],"_links":{"self":[{"href":"https:\/\/ventura-offshore.com\/en\/wp-json\/wp\/v2\/pages\/3099","targetHints":{"allow":["GET"]}}],"collection":[{"href":"https:\/\/ventura-offshore.com\/en\/wp-json\/wp\/v2\/pages"}],"about":[{"href":"https:\/\/ventura-offshore.com\/en\/wp-json\/wp\/v2\/types\/page"}],"author":[{"embeddable":true,"href":"https:\/\/ventura-offshore.com\/en\/wp-json\/wp\/v2\/users\/2"}],"replies":[{"embeddable":true,"href":"https:\/\/ventura-offshore.com\/en\/wp-json\/wp\/v2\/comments?post=3099"}],"version-history":[{"count":4,"href":"https:\/\/ventura-offshore.com\/en\/wp-json\/wp\/v2\/pages\/3099\/revisions"}],"predecessor-version":[{"id":3104,"href":"https:\/\/ventura-offshore.com\/en\/wp-json\/wp\/v2\/pages\/3099\/revisions\/3104"}],"wp:attachment":[{"href":"https:\/\/ventura-offshore.com\/en\/wp-json\/wp\/v2\/media?parent=3099"}],"curies":[{"name":"wp","href":"https:\/\/api.w.org\/{rel}","templated":true}]}}