{"id":2977,"date":"2025-03-18T20:41:36","date_gmt":"2025-03-18T23:41:36","guid":{"rendered":"https:\/\/ventura-offshore.com\/?page_id=2977"},"modified":"2025-07-31T14:48:36","modified_gmt":"2025-07-31T17:48:36","slug":"conselho-de-administracao","status":"publish","type":"page","link":"https:\/\/ventura-offshore.com\/en\/conselho-de-administracao\/","title":{"rendered":"Board of Directors"},"content":{"rendered":"<div data-elementor-type=\"wp-page\" data-elementor-id=\"2977\" class=\"elementor elementor-2977\" data-elementor-settings=\"{&quot;ha_cmc_init_switcher&quot;:&quot;no&quot;}\" data-elementor-post-type=\"page\">\n\t\t\t\t<div data-particle_enable=\"false\" data-particle-mobile-disabled=\"false\" class=\"elementor-element elementor-element-690d180 e-con-full e-flex e-con e-parent\" data-id=\"690d180\" data-element_type=\"container\" data-settings=\"{&quot;background_background&quot;:&quot;classic&quot;,&quot;_ha_eqh_enable&quot;:false}\">\n\t\t<div data-particle_enable=\"false\" data-particle-mobile-disabled=\"false\" class=\"elementor-element elementor-element-6552ff5 e-con-full e-flex e-con e-child\" data-id=\"6552ff5\" data-element_type=\"container\" data-settings=\"{&quot;_ha_eqh_enable&quot;:false}\">\n\t\t\t\t<\/div>\n\t\t<div data-particle_enable=\"false\" data-particle-mobile-disabled=\"false\" class=\"elementor-element elementor-element-16d7503 e-con-full e-flex e-con e-child\" data-id=\"16d7503\" data-element_type=\"container\" data-settings=\"{&quot;_ha_eqh_enable&quot;:false}\">\n\t\t\t\t<\/div>\n\t\t\t\t<\/div>\n\t\t<div data-particle_enable=\"false\" data-particle-mobile-disabled=\"false\" class=\"elementor-element elementor-element-a91792d e-con-full e-flex e-con e-parent\" data-id=\"a91792d\" data-element_type=\"container\" data-settings=\"{&quot;_ha_eqh_enable&quot;:false}\">\n\t\t\t\t<div class=\"elementor-element elementor-element-90c81d1 elementor-headline--style-highlight elementor-widget elementor-widget-animated-headline\" data-id=\"90c81d1\" data-element_type=\"widget\" data-settings=\"{&quot;marker&quot;:&quot;double_underline&quot;,&quot;highlighted_text&quot;:&quot;Conselho de Administra\\u00e7\\u00e3o&quot;,&quot;headline_style&quot;:&quot;highlight&quot;,&quot;loop&quot;:&quot;yes&quot;,&quot;highlight_animation_duration&quot;:1200,&quot;highlight_iteration_delay&quot;:8000}\" data-widget_type=\"animated-headline.default\">\n\t\t\t\t\t\t\t<h3 class=\"elementor-headline\">\n\t\t\t\t<span class=\"elementor-headline-dynamic-wrapper elementor-headline-text-wrapper\">\n\t\t\t\t\t<span class=\"elementor-headline-dynamic-text elementor-headline-text-active\">Board of Directors<\/span>\n\t\t\t\t<\/span>\n\t\t\t\t<\/h3>\n\t\t\t\t\t\t<\/div>\n\t\t<div data-particle_enable=\"false\" data-particle-mobile-disabled=\"false\" class=\"elementor-element elementor-element-3522861 e-grid e-con-full e-con e-child\" data-id=\"3522861\" data-element_type=\"container\" data-settings=\"{&quot;_ha_eqh_enable&quot;:false}\">\n\t\t\t\t<div class=\"elementor-element elementor-element-cb82b48 elementor-invisible elementor-widget elementor-widget-ha-member happy-addon ha-member\" data-id=\"cb82b48\" data-element_type=\"widget\" data-settings=\"{&quot;_animation&quot;:&quot;slideInLeft&quot;}\" data-widget_type=\"ha-member.default\">\n\t\t\t\t\t\n\t\t\n\t\t<div class=\"ha-member-body\">\n\t\t\t<h2 class=\"ha-member-name\">Gunnar W. Eliassen<\/h2>\n\t\t\t\t\t\t\t<div class=\"ha-member-position\">Chairman of the Board of Directors<\/div>\n\t\t\t\n\t\t\t\t\t\t\t<div class=\"ha-member-bio\">\n\t\t\t\t\t<p>Gunnar Eliassen has over 15 years\u2019 experience in the global oil and gas drilling industry. In the period from 2016 to 2023, he held several positions within the Seatankers group, including managerial roles and different board positions. Before joining Seatankers, Gunnar was a partner at Pareto Securities in New York and Oslo. He holds a Master&#039;s degree in Business Administration with a specialization in Finance from the Norwegian School of Economics. Gunnar is a Norwegian citizen and resides in the United Kingdom.<\/p>\n\t\t\t\t<\/div>\n\t\t\t\n\t\t\t\n\t\t\t\n\t\t\t\t\t<\/div>\n\t\t\t\t\t\t<\/div>\n\t\t\t\t<div class=\"elementor-element elementor-element-162a31d ha-has-bg-overlay elementor-invisible elementor-widget elementor-widget-ha-member happy-addon ha-member\" data-id=\"162a31d\" data-element_type=\"widget\" data-settings=\"{&quot;_animation&quot;:&quot;slideInRight&quot;}\" data-widget_type=\"ha-member.default\">\n\t\t\t\t\t\n\t\t\n\t\t<div class=\"ha-member-body\">\n\t\t\t<h2 class=\"ha-member-name\">B\u00f8rge Johansen<\/h2>\n\t\t\t\t\t\t\t<div class=\"ha-member-position\">Member of the Board of Directors<\/div>\n\t\t\t\n\t\t\t\t\t\t\t<div class=\"ha-member-bio\">\n\t\t\t\t\t<p>B\u00f8rge Johansen is an independent investor and a Sector Alarm, NAXS and 360Logistics board member. He was the founder and CEO of Aurora LPG. Before Aurora, he was the Head of Offshore Industries in Oslo Asset Management. He also has many years of experience in mergers and acquisitions and corporate finance resulting from the Carnegie investment bank, Creo Advisors consulting company and Andersen Consulting. B\u00f8rge holds a Master&#039;s degree in Industrial Economics from the Norwegian Science and Technology University, is a Norwegian citizen and resides in Norway.<\/p>\n\t\t\t\t<\/div>\n\t\t\t\n\t\t\t\n\t\t\t\n\t\t\t\t\t<\/div>\n\t\t\t\t\t\t<\/div>\n\t\t\t\t<div class=\"elementor-element elementor-element-65560d7 ha-has-bg-overlay elementor-invisible elementor-widget elementor-widget-ha-member happy-addon ha-member\" data-id=\"65560d7\" data-element_type=\"widget\" data-settings=\"{&quot;_animation&quot;:&quot;slideInLeft&quot;}\" data-widget_type=\"ha-member.default\">\n\t\t\t\t\t\n\t\t\n\t\t<div class=\"ha-member-body\">\n\t\t\t<h2 class=\"ha-member-name\">Michael Windeler<\/h2>\n\t\t\t\t\t\t\t<div class=\"ha-member-position\">Member of the Board of Directors<\/div>\n\t\t\t\n\t\t\t\t\t\t\t<div class=\"ha-member-bio\">\n\t\t\t\t\t<p>Michael Windeler has over 20 years\u2019 experience in the offshore drilling industry and over five years\u2019 experience in the natural gas industry. His career includes engineering and leadership roles in major companies, such as Seadrill, Frigstad Engineering and Transocean. Michael holds a Master\u2019s degree in Civil Engineering with specialization in Offshore Engineering from the National University of Singapore, a Bachelor\u2019s degree in Oceanic Engineering and Naval Architecture from the Newfoundland Memorial University and a Certificate in Applied Sciences in Engineering from Acadia University. Furthermore, he completed the Building on Talent program at the IMD Business School, and holds a certificate in Leadership with Finance from the Harvard Business School. He is a Canadian citizen and resides in Canada. <\/p>\n\t\t\t\t<\/div>\n\t\t\t\n\t\t\t\n\t\t\t\n\t\t\t\t\t<\/div>\n\t\t\t\t\t\t<\/div>\n\t\t\t\t<div class=\"elementor-element elementor-element-baeb5f9 elementor-invisible elementor-widget elementor-widget-ha-member happy-addon ha-member\" data-id=\"baeb5f9\" data-element_type=\"widget\" data-settings=\"{&quot;_animation&quot;:&quot;slideInLeft&quot;}\" data-widget_type=\"ha-member.default\">\n\t\t\t\t\t\n\t\t\n\t\t<div class=\"ha-member-body\">\n\t\t\t<h2 class=\"ha-member-name\"> Guilherme Coelho<\/h2>\n\t\t\t\t\t\t\t<div class=\"ha-member-position\">Member of the Board of Directors<\/div>\n\t\t\t\n\t\t\t\t\t\t\t<div class=\"ha-member-bio\">\n\t\t\t\t\t<p>Dr. Guilherme Coelho is an executive with over 20 years\u2019 experience in international leadership in the area of offshore drilling. He previously served as Senior-Vice President for Brazil at Vard Group and held several positions of increasing responsibilities in the Legal, Marketing, Operations, Executive Strategy and Management areas at Transocean, including Vice-President of Strategy and Portfolio Management, Vice-President of the Africa and Mediterranean Business Unit and Managing Director of the South America Division. He graduated from the Faculty of Law at Universidade Federal do Rio de Janeiro (UFRJ), in Brazil, holds a Master\u2019s degree in International Business Law (LL.M.) from Universit\u00e9 Panth\u00e9on-Assas (Paris- II), in France, an MBA from IMD, in Lausanne, Switzerland, and a PhD from Universit\u00e9 de Bordeaux, in France. Dr. Coelho is a Brazilian citizen and resides in Brazil.<\/p>\n\t\t\t\t<\/div>\n\t\t\t\n\t\t\t\n\t\t\t\n\t\t\t\t\t<\/div>\n\t\t\t\t\t\t<\/div>\n\t\t\t\t<\/div>\n\t\t\t\t<\/div>\n\t\t\t\t<\/div>","protected":false},"excerpt":{"rendered":"<p>Conselho de Administra\u00e7\u00e3o Gunnar W. Eliassen Presidente do Conselho de Administra\u00e7\u00e3o Gunnar Eliassen tem mais de 15 anos de experi\u00eancia na ind\u00fastria global de perfura\u00e7\u00e3o de petr\u00f3leo e g\u00e1s. No per\u00edodo de 2016 a 2023, ele ocupou diversas posi\u00e7\u00f5es no grupo Seatankers, incluindo cargos de ger\u00eancia e diferentes posi\u00e7\u00f5es em conselhos. Antes de ingressar na [&hellip;]<\/p>","protected":false},"author":2,"featured_media":0,"parent":0,"menu_order":0,"comment_status":"closed","ping_status":"closed","template":"elementor_header_footer","meta":{"footnotes":""},"class_list":["post-2977","page","type-page","status-publish","hentry"],"_links":{"self":[{"href":"https:\/\/ventura-offshore.com\/en\/wp-json\/wp\/v2\/pages\/2977","targetHints":{"allow":["GET"]}}],"collection":[{"href":"https:\/\/ventura-offshore.com\/en\/wp-json\/wp\/v2\/pages"}],"about":[{"href":"https:\/\/ventura-offshore.com\/en\/wp-json\/wp\/v2\/types\/page"}],"author":[{"embeddable":true,"href":"https:\/\/ventura-offshore.com\/en\/wp-json\/wp\/v2\/users\/2"}],"replies":[{"embeddable":true,"href":"https:\/\/ventura-offshore.com\/en\/wp-json\/wp\/v2\/comments?post=2977"}],"version-history":[{"count":39,"href":"https:\/\/ventura-offshore.com\/en\/wp-json\/wp\/v2\/pages\/2977\/revisions"}],"predecessor-version":[{"id":5675,"href":"https:\/\/ventura-offshore.com\/en\/wp-json\/wp\/v2\/pages\/2977\/revisions\/5675"}],"wp:attachment":[{"href":"https:\/\/ventura-offshore.com\/en\/wp-json\/wp\/v2\/media?parent=2977"}],"curies":[{"name":"wp","href":"https:\/\/api.w.org\/{rel}","templated":true}]}}