{"id":2970,"date":"2025-03-18T20:32:30","date_gmt":"2025-03-18T23:32:30","guid":{"rendered":"https:\/\/ventura-offshore.com\/?page_id=2970"},"modified":"2025-10-17T08:42:15","modified_gmt":"2025-10-17T11:42:15","slug":"diretoria-executiva","status":"publish","type":"page","link":"https:\/\/ventura-offshore.com\/en\/diretoria-executiva\/","title":{"rendered":"Executive Board"},"content":{"rendered":"<div data-elementor-type=\"wp-page\" data-elementor-id=\"2970\" class=\"elementor elementor-2970\" data-elementor-settings=\"{&quot;ha_cmc_init_switcher&quot;:&quot;no&quot;}\" data-elementor-post-type=\"page\">\n\t\t\t\t<div data-particle_enable=\"false\" data-particle-mobile-disabled=\"false\" class=\"elementor-element elementor-element-9b75250 e-con-full e-flex e-con e-parent\" data-id=\"9b75250\" data-element_type=\"container\" data-settings=\"{&quot;background_background&quot;:&quot;classic&quot;,&quot;_ha_eqh_enable&quot;:false}\">\n\t\t<div data-particle_enable=\"false\" data-particle-mobile-disabled=\"false\" class=\"elementor-element elementor-element-4d5059a e-con-full e-flex e-con e-child\" data-id=\"4d5059a\" data-element_type=\"container\" data-settings=\"{&quot;_ha_eqh_enable&quot;:false}\">\n\t\t\t\t<\/div>\n\t\t<div data-particle_enable=\"false\" data-particle-mobile-disabled=\"false\" class=\"elementor-element elementor-element-0ef293b e-con-full e-flex e-con e-child\" data-id=\"0ef293b\" data-element_type=\"container\" data-settings=\"{&quot;_ha_eqh_enable&quot;:false}\">\n\t\t\t\t<\/div>\n\t\t\t\t<\/div>\n\t\t<div data-particle_enable=\"false\" data-particle-mobile-disabled=\"false\" class=\"elementor-element elementor-element-8174901 e-con-full e-flex e-con e-parent\" data-id=\"8174901\" data-element_type=\"container\" data-settings=\"{&quot;_ha_eqh_enable&quot;:false}\">\n\t\t\t\t<div class=\"elementor-element elementor-element-f9884dd elementor-headline--style-highlight elementor-widget elementor-widget-animated-headline\" data-id=\"f9884dd\" data-element_type=\"widget\" data-settings=\"{&quot;marker&quot;:&quot;double_underline&quot;,&quot;highlighted_text&quot;:&quot;Diretoria Executiva&quot;,&quot;headline_style&quot;:&quot;highlight&quot;,&quot;loop&quot;:&quot;yes&quot;,&quot;highlight_animation_duration&quot;:1200,&quot;highlight_iteration_delay&quot;:8000}\" data-widget_type=\"animated-headline.default\">\n\t\t\t\t\t\t\t<h3 class=\"elementor-headline\">\n\t\t\t\t<span class=\"elementor-headline-dynamic-wrapper elementor-headline-text-wrapper\">\n\t\t\t\t\t<span class=\"elementor-headline-dynamic-text elementor-headline-text-active\">Executive Board<\/span>\n\t\t\t\t<\/span>\n\t\t\t\t<\/h3>\n\t\t\t\t\t\t<\/div>\n\t\t<div data-particle_enable=\"false\" data-particle-mobile-disabled=\"false\" class=\"elementor-element elementor-element-8d02d43 e-con-full e-flex elementor-invisible e-con e-child\" data-id=\"8d02d43\" data-element_type=\"container\" data-settings=\"{&quot;background_background&quot;:&quot;gradient&quot;,&quot;animation&quot;:&quot;zoomInUp&quot;,&quot;_ha_eqh_enable&quot;:false}\">\n\t\t\t\t<div class=\"elementor-element elementor-element-bc3e5ae elementor-widget__width-initial elementor-widget-laptop__width-initial ha-has-bg-overlay elementor-widget elementor-widget-ha-member happy-addon ha-member\" data-id=\"bc3e5ae\" data-element_type=\"widget\" data-settings=\"{&quot;_animation&quot;:&quot;none&quot;}\" data-widget_type=\"ha-member.default\">\n\t\t\t\t\t\n\t\t\t\t\t<figure class=\"ha-member-figure\">\n\t\t\t\t<img decoding=\"async\" width=\"106\" height=\"106\" src=\"https:\/\/ventura-offshore.com\/wp-content\/uploads\/2025\/04\/Guilherme-Dantas-Rocha-Coelho-2.png\" class=\"elementor-animation-disable-animation attachment-full size-full wp-image-3151\" alt=\"\" srcset=\"https:\/\/ventura-offshore.com\/wp-content\/uploads\/2025\/04\/Guilherme-Dantas-Rocha-Coelho-2.png 106w, https:\/\/ventura-offshore.com\/wp-content\/uploads\/2025\/04\/Guilherme-Dantas-Rocha-Coelho-2-12x12.png 12w\" sizes=\"(max-width: 106px) 100vw, 106px\" \/>\t\t\t<\/figure>\n\t\t\n\t\t<div class=\"ha-member-body\">\n\t\t\t<h2 class=\"ha-member-name\">Guilherme Coelho<\/h2>\n\t\t\t\t\t\t\t<div class=\"ha-member-position\">Chief Executive Officer<\/div>\n\t\t\t\n\t\t\t\t\t\t\t<div class=\"ha-member-bio\">\n\t\t\t\t\t<p>Dr. Guilherme Coelho is an executive with over 20 years\u2019 experience in international leadership in the area of offshore drilling. He previously served as Senior-Vice President for Brazil at Vard Group and held several positions of increasing responsibilities in the Legal, Marketing, Operations, Executive Strategy and Management areas at Transocean, including Vice-President of Strategy and Portfolio Management, Vice-President of the Africa and Mediterranean Business Unit and Managing Director of the South America Division.<br><br>He graduated from the Faculty of Law at Universidade Federal do Rio de Janeiro (UFRJ), in Brazil, holds a Master\u2019s degree in International Business Law (LL.M.) from Universit\u00e9 Panth\u00e9on-Assas (Paris-II), in France, an MBA from IMD, in Lausanne, Switzerland, and a PhD from Universit\u00e9 de Bordeaux, in France. Dr. Coelho is a Brazilian citizen and resides in Brazil.<\/p>\n\t\t\t\t<\/div>\n\t\t\t\n\t\t\t\n\t\t\t\n\t\t\t\t\t<\/div>\n\t\t\t\t\t\t<\/div>\n\t\t\t\t<\/div>\n\t\t<div data-particle_enable=\"false\" data-particle-mobile-disabled=\"false\" class=\"elementor-element elementor-element-ec57b81 e-grid e-con-full e-con e-child\" data-id=\"ec57b81\" data-element_type=\"container\" data-settings=\"{&quot;_ha_eqh_enable&quot;:false}\">\n\t\t\t\t<div class=\"elementor-element elementor-element-5ad8e16 elementor-invisible elementor-widget elementor-widget-ha-member happy-addon ha-member\" data-id=\"5ad8e16\" data-element_type=\"widget\" data-settings=\"{&quot;_animation&quot;:&quot;zoomInUp&quot;}\" data-widget_type=\"ha-member.default\">\n\t\t\t\t\t\n\t\t\t\t\t<figure class=\"ha-member-figure\">\n\t\t\t\t<img decoding=\"async\" width=\"106\" height=\"105\" src=\"https:\/\/ventura-offshore.com\/wp-content\/uploads\/2025\/04\/Linneu-de-Albuquerque-Mello.png\" class=\"elementor-animation-disable-animation attachment-full size-full wp-image-3152\" alt=\"\" srcset=\"https:\/\/ventura-offshore.com\/wp-content\/uploads\/2025\/04\/Linneu-de-Albuquerque-Mello.png 106w, https:\/\/ventura-offshore.com\/wp-content\/uploads\/2025\/04\/Linneu-de-Albuquerque-Mello-12x12.png 12w\" sizes=\"(max-width: 106px) 100vw, 106px\" \/>\t\t\t<\/figure>\n\t\t\n\t\t<div class=\"ha-member-body\">\n\t\t\t<h2 class=\"ha-member-name\">Linneu de Albuquerque Mello<\/h2>\n\t\t\t\t\t\t\t<div class=\"ha-member-position\">Chief Legal Officer<\/div>\n\t\t\t\n\t\t\t\t\t\t\t<div class=\"ha-member-bio\">\n\t\t\t\t\t<p>Linneu Mello has been an Attorney since 1990, and has been a partner at major law offices. Vast experience in contract structuring, as well as in complex corporate and tax planning, and excellent knowledge of litigation strategy. Extensive experience in international operations structuring and in the implementation and coordination of conduct standards and code of ethics in a corporate environment.Bachelor of Laws from the State University of Rio de Janeiro (UERJ) in Rio de Janeiro, Master&#039;s degree in International and Comparative Taxation from Harvard Law School (1997\/98), and Master&#039;s and PhD in Law from the University of Michigan (2008\/9 and 2012 \u2013 Michigan Law School).<\/p>\n\t\t\t\t<\/div>\n\t\t\t\n\t\t\t\n\t\t\t\n\t\t\t\t\t<\/div>\n\t\t\t\t\t\t<\/div>\n\t\t\t\t<div class=\"elementor-element elementor-element-cc2cd4f ha-has-bg-overlay elementor-invisible elementor-widget elementor-widget-ha-member happy-addon ha-member\" data-id=\"cc2cd4f\" data-element_type=\"widget\" data-settings=\"{&quot;_animation&quot;:&quot;zoomInUp&quot;}\" data-widget_type=\"ha-member.default\">\n\t\t\t\t\t\n\t\t\t\t\t<figure class=\"ha-member-figure\">\n\t\t\t\t<img decoding=\"async\" width=\"106\" height=\"105\" src=\"https:\/\/ventura-offshore.com\/wp-content\/uploads\/2025\/04\/Luis-Carlos-Hanzelmann-Mariano.png\" class=\"elementor-animation-disable-animation attachment-full size-full wp-image-3153\" alt=\"\" srcset=\"https:\/\/ventura-offshore.com\/wp-content\/uploads\/2025\/04\/Luis-Carlos-Hanzelmann-Mariano.png 106w, https:\/\/ventura-offshore.com\/wp-content\/uploads\/2025\/04\/Luis-Carlos-Hanzelmann-Mariano-12x12.png 12w\" sizes=\"(max-width: 106px) 100vw, 106px\" \/>\t\t\t<\/figure>\n\t\t\n\t\t<div class=\"ha-member-body\">\n\t\t\t<h2 class=\"ha-member-name\">Luis Mariano<\/h2>\n\t\t\t\t\t\t\t<div class=\"ha-member-position\">Chief Operating Officer<\/div>\n\t\t\t\n\t\t\t\t\t\t\t<div class=\"ha-member-bio\">\n\t\t\t\t\t<p>Luis Mariano is an energy sector executive with over 25 years of international experience, having worked in several regions worldwide, including Asia, Europe, Africa, North America and South America. Since June 2023, he holds a leadership position at Ventura Offshore. Along his career, Luis has held executive positions at important companies of the oil and gas industry, such as Transocean, Valaris e Seadrill. His experience covers operations in shallow and deep water, serving a wide variety of customers in different markets. In addition to operational performance, he also has solid experience in the areas of Human Resources, Marketing and QHSE, both at regional and corporate levels, which contributes to a strategic and integrated vision of company management. Luis Mariano is Brazilian and graduated in Civil Engineering from the Rio de Janeiro State University (UERJ).<\/p>\n\t\t\t\t<\/div>\n\t\t\t\n\t\t\t\n\t\t\t\n\t\t\t\t\t<\/div>\n\t\t\t\t\t\t<\/div>\n\t\t\t\t<div class=\"elementor-element elementor-element-289b457 ha-has-bg-overlay elementor-invisible elementor-widget elementor-widget-ha-member happy-addon ha-member\" data-id=\"289b457\" data-element_type=\"widget\" data-settings=\"{&quot;_animation&quot;:&quot;zoomInUp&quot;}\" data-widget_type=\"ha-member.default\">\n\t\t\t\t\t\n\t\t\t\t\t<figure class=\"ha-member-figure\">\n\t\t\t\t<img loading=\"lazy\" decoding=\"async\" width=\"106\" height=\"106\" src=\"https:\/\/ventura-offshore.com\/wp-content\/uploads\/2025\/04\/Marcelo-Antonio-Flores-Issa.png\" class=\"elementor-animation-disable-animation attachment-full size-full wp-image-3154\" alt=\"\" srcset=\"https:\/\/ventura-offshore.com\/wp-content\/uploads\/2025\/04\/Marcelo-Antonio-Flores-Issa.png 106w, https:\/\/ventura-offshore.com\/wp-content\/uploads\/2025\/04\/Marcelo-Antonio-Flores-Issa-12x12.png 12w\" sizes=\"(max-width: 106px) 100vw, 106px\" \/>\t\t\t<\/figure>\n\t\t\n\t\t<div class=\"ha-member-body\">\n\t\t\t<h2 class=\"ha-member-name\">Marcelo Issa<\/h2>\n\t\t\t\t\t\t\t<div class=\"ha-member-position\">Chief Financial Officer<\/div>\n\t\t\t\n\t\t\t\t\t\t\t<div class=\"ha-member-bio\">\n\t\t\t\t\t<p>Marcelo Issa has a degree in Economics and Law, in addition to an MBA in finance. He has over 25 years\u2019 experience in finance, accounting and administrative departments across various sectors, such as oil and gas, retail and banks. He has a proven track record as a leader of complex projects, including debt restructuring, ERP development, and cost monitoring. At Ventura Offshore, he was responsible for structuring financial and administrative operations in India and Indonesia and participated in the debt restructuring process.<\/p>\n\t\t\t\t<\/div>\n\t\t\t\n\t\t\t\n\t\t\t\n\t\t\t\t\t<\/div>\n\t\t\t\t\t\t<\/div>\n\t\t\t\t<div class=\"elementor-element elementor-element-e896d01 elementor-invisible elementor-widget elementor-widget-ha-member happy-addon ha-member\" data-id=\"e896d01\" data-element_type=\"widget\" data-settings=\"{&quot;_animation&quot;:&quot;zoomInUp&quot;}\" data-widget_type=\"ha-member.default\">\n\t\t\t\t\t\n\t\t\t\t\t<figure class=\"ha-member-figure\">\n\t\t\t\t<img loading=\"lazy\" decoding=\"async\" width=\"106\" height=\"106\" src=\"https:\/\/ventura-offshore.com\/wp-content\/uploads\/2025\/04\/Mardonildo-Oliveira-Olimpio-Filho.png\" class=\"elementor-animation-disable-animation attachment-full size-full wp-image-3155\" alt=\"\" srcset=\"https:\/\/ventura-offshore.com\/wp-content\/uploads\/2025\/04\/Mardonildo-Oliveira-Olimpio-Filho.png 106w, https:\/\/ventura-offshore.com\/wp-content\/uploads\/2025\/04\/Mardonildo-Oliveira-Olimpio-Filho-12x12.png 12w\" sizes=\"(max-width: 106px) 100vw, 106px\" \/>\t\t\t<\/figure>\n\t\t\n\t\t<div class=\"ha-member-body\">\n\t\t\t<h2 class=\"ha-member-name\">Mardonildo Filho<\/h2>\n\t\t\t\t\t\t\t<div class=\"ha-member-position\">Chief Strategy Officer<\/div>\n\t\t\t\n\t\t\t\t\t\t\t<div class=\"ha-member-bio\">\n\t\t\t\t\t<p>Mardonildo Filho is a highly experienced executive in the oil and gas sector, with more than 20 years dedicated to offshore operations and project management. Before joining Ventura Offshore, he held various positions at Transocean since 2002. Furthermore, he served as COO at Knarr Drilling, where he led the strategic business analysis for the acquisition of assets from Sete Brasil and defined the operational philosophy of the new company. Mardonildo holds a degree in Industrial, Civil, and Petroleum Engineering from the Pontifical Catholic University of Rio de Janeiro (PUC-Rio) and an MBA from IMD in Lausanne, Switzerland.<\/p>\n\t\t\t\t<\/div>\n\t\t\t\n\t\t\t\n\t\t\t\n\t\t\t\t\t<\/div>\n\t\t\t\t\t\t<\/div>\n\t\t\t\t<div class=\"elementor-element elementor-element-5043312 elementor-invisible elementor-widget elementor-widget-ha-member happy-addon ha-member\" data-id=\"5043312\" data-element_type=\"widget\" data-settings=\"{&quot;_animation&quot;:&quot;zoomInUp&quot;}\" data-widget_type=\"ha-member.default\">\n\t\t\t\t\t\n\t\t\t\t\t<figure class=\"ha-member-figure\">\n\t\t\t\t<img loading=\"lazy\" decoding=\"async\" width=\"105\" height=\"105\" src=\"https:\/\/ventura-offshore.com\/wp-content\/uploads\/2025\/04\/Carlos-Roberto-da-Cunha-Guimaraes.png\" class=\"elementor-animation-disable-animation attachment-full size-full wp-image-3156\" alt=\"\" srcset=\"https:\/\/ventura-offshore.com\/wp-content\/uploads\/2025\/04\/Carlos-Roberto-da-Cunha-Guimaraes.png 105w, https:\/\/ventura-offshore.com\/wp-content\/uploads\/2025\/04\/Carlos-Roberto-da-Cunha-Guimaraes-12x12.png 12w\" sizes=\"(max-width: 105px) 100vw, 105px\" \/>\t\t\t<\/figure>\n\t\t\n\t\t<div class=\"ha-member-body\">\n\t\t\t<h2 class=\"ha-member-name\">Carlos Guimar\u00e3es<\/h2>\n\t\t\t\t\t\t\t<div class=\"ha-member-position\">Chief Engineering Officer<\/div>\n\t\t\t\n\t\t\t\t\t\t\t<div class=\"ha-member-bio\">\n\t\t\t\t\t<p>Carlos Roberto Guimar\u00e3es is an experienced professional in naval and offshore engineering, with a degree in Mechanical Engineering and a specialization in Naval Engineering from the Rio de Janeiro Federal University - UFRJ. He began his career at the Ishibras Shipyard, where he held the position of Naval\/Offshore Production Director, gaining international experience in Japan. He held leadership positions at companies such as Mau\u00e1 Shipyard, IVI Shipyard and Petroserv, managing projects and offshore operations in several countries, including the United States, Sweden, Finland, Singapore and South Korea. Currently, Carlos is the Chief Engineering Officer at Ventura Offshore, where he applies his global expertise to lead with innovation and excellence in offshore engineering.<\/p>\n\t\t\t\t<\/div>\n\t\t\t\n\t\t\t\n\t\t\t\n\t\t\t\t\t<\/div>\n\t\t\t\t\t\t<\/div>\n\t\t\t\t<div class=\"elementor-element elementor-element-178dbd5 ha-has-bg-overlay elementor-invisible elementor-widget elementor-widget-ha-member happy-addon ha-member\" data-id=\"178dbd5\" data-element_type=\"widget\" data-settings=\"{&quot;_animation&quot;:&quot;zoomInUp&quot;}\" data-widget_type=\"ha-member.default\">\n\t\t\t\t\t\n\t\t\t\t\t<figure class=\"ha-member-figure\">\n\t\t\t\t<img loading=\"lazy\" decoding=\"async\" width=\"106\" height=\"105\" src=\"https:\/\/ventura-offshore.com\/wp-content\/uploads\/2025\/04\/Jose-Maria-Miranda.png\" class=\"elementor-animation-disable-animation attachment-full size-full wp-image-3157\" alt=\"\" srcset=\"https:\/\/ventura-offshore.com\/wp-content\/uploads\/2025\/04\/Jose-Maria-Miranda.png 106w, https:\/\/ventura-offshore.com\/wp-content\/uploads\/2025\/04\/Jose-Maria-Miranda-12x12.png 12w\" sizes=\"(max-width: 106px) 100vw, 106px\" \/>\t\t\t<\/figure>\n\t\t\n\t\t<div class=\"ha-member-body\">\n\t\t\t<h2 class=\"ha-member-name\">Jos\u00e9 Maria Miranda<\/h2>\n\t\t\t\t\t\t\t<div class=\"ha-member-position\">Chief Operations Support Officer<\/div>\n\t\t\t\n\t\t\t\t\t\t\t<div class=\"ha-member-bio\">\n\t\t\t\t\t<p>Jos\u00e9 Maria Miranda has been working in the oil and gas area for more than 40 years, approximately 18 years of which at the Ventura Offshore group. He began his career at Paulipetro, where he served as the Company&#039;s Representative (Company Man) in an onshore drilling campaign in the Paran\u00e1 Basin, Brazil. Later, and later became a Rig Manager at Montreal Engenharia, on jack-up units, Technical Manager at UME (Unap Montreal Etesco) in the operation of deepwater offshore drilling units as well as a production unit. He was also part of Petrodrill, where he worked as a Drilling and Commissioning Engineer in the construction of semi-submersibles units at various international sites. He then served as a Rig Manager at Pride and, finally, at Transocean, working on ultra-deepwater drilling units. He holds a degree in Mining Engineering from the Polytechnic School of the University of S\u00e3o Paulo and a postgraduate degree in Drilling Engineering from the Petrobras University. Jos\u00e9 Maria is a Brazilian citizen and resides in Brazil.<\/p>\n\t\t\t\t<\/div>\n\t\t\t\n\t\t\t\n\t\t\t\n\t\t\t\t\t<\/div>\n\t\t\t\t\t\t<\/div>\n\t\t\t\t<div class=\"elementor-element elementor-element-cd17cfd elementor-hidden-desktop elementor-hidden-laptop elementor-hidden-tablet elementor-hidden-mobile ha-has-bg-overlay elementor-invisible elementor-widget elementor-widget-ha-member happy-addon ha-member\" data-id=\"cd17cfd\" data-element_type=\"widget\" data-settings=\"{&quot;_animation&quot;:&quot;zoomInUp&quot;}\" data-widget_type=\"ha-member.default\">\n\t\t\t\t\t\n\t\t\t\t\t<figure class=\"ha-member-figure\">\n\t\t\t\t<img loading=\"lazy\" decoding=\"async\" width=\"106\" height=\"105\" src=\"https:\/\/ventura-offshore.com\/wp-content\/uploads\/2025\/10\/Sujoy-Kumar-Seal-6.png\" class=\"elementor-animation-disable-animation attachment-full size-full wp-image-6027\" alt=\"\" srcset=\"https:\/\/ventura-offshore.com\/wp-content\/uploads\/2025\/10\/Sujoy-Kumar-Seal-6.png 106w, https:\/\/ventura-offshore.com\/wp-content\/uploads\/2025\/10\/Sujoy-Kumar-Seal-6-12x12.png 12w\" sizes=\"(max-width: 106px) 100vw, 106px\" \/>\t\t\t<\/figure>\n\t\t\n\t\t<div class=\"ha-member-body\">\n\t\t\t<h2 class=\"ha-member-name\">Sujoy Kumar Seal<\/h2>\n\t\t\t\t\t\t\t<div class=\"ha-member-position\">Project director<\/div>\n\t\t\t\n\t\t\t\t\t\t\t<div class=\"ha-member-bio\">\n\t\t\t\t\t<p>Sujoy Kumar Seal has over 30 years of experience in the maritime industry, with strong expertise in shipbuilding, as well as technical and commercial operations. He has been actively involved in more than 60 shipbuilding projects and has held senior leadership roles at global companies such as Aurora LPG, Atlantic Tankers AS, Aurora Wilhelmsen Management Ltd, Transpetrol TM, and the BW Group. A marine engineer by training, he holds a Bachelor of Engineering (B.E.) in Marine Engineering with First Class Honors from the University of India, and has also served as a Chief Engineer, bringing substantial hands-on maritime experience to his career.<\/p>\n\t\t\t\t<\/div>\n\t\t\t\n\t\t\t\n\t\t\t\n\t\t\t\t\t<\/div>\n\t\t\t\t\t\t<\/div>\n\t\t\t\t<\/div>\n\t\t\t\t<\/div>\n\t\t\t\t<\/div>","protected":false},"excerpt":{"rendered":"<p>Diretoria Executiva Guilherme Coelho Diretor Executivo Dr. Guilherme Coelho \u00e9 um executivo com mais de 20 anos de experi\u00eancia em lideran\u00e7a internacional na \u00e1rea de perfura\u00e7\u00e3o offshore. Ele anteriormente atuou como Vice-Presidente S\u00eanior do Brasil no Vard Group e ocupou v\u00e1rias posi\u00e7\u00f5es de crescente responsabilidade nas \u00e1reas Jur\u00eddica, Marketing, Opera\u00e7\u00f5es, Estrat\u00e9gia e Gest\u00e3o Executiva na [&hellip;]<\/p>","protected":false},"author":2,"featured_media":0,"parent":0,"menu_order":0,"comment_status":"closed","ping_status":"closed","template":"elementor_header_footer","meta":{"footnotes":""},"class_list":["post-2970","page","type-page","status-publish","hentry"],"_links":{"self":[{"href":"https:\/\/ventura-offshore.com\/en\/wp-json\/wp\/v2\/pages\/2970","targetHints":{"allow":["GET"]}}],"collection":[{"href":"https:\/\/ventura-offshore.com\/en\/wp-json\/wp\/v2\/pages"}],"about":[{"href":"https:\/\/ventura-offshore.com\/en\/wp-json\/wp\/v2\/types\/page"}],"author":[{"embeddable":true,"href":"https:\/\/ventura-offshore.com\/en\/wp-json\/wp\/v2\/users\/2"}],"replies":[{"embeddable":true,"href":"https:\/\/ventura-offshore.com\/en\/wp-json\/wp\/v2\/comments?post=2970"}],"version-history":[{"count":86,"href":"https:\/\/ventura-offshore.com\/en\/wp-json\/wp\/v2\/pages\/2970\/revisions"}],"predecessor-version":[{"id":6062,"href":"https:\/\/ventura-offshore.com\/en\/wp-json\/wp\/v2\/pages\/2970\/revisions\/6062"}],"wp:attachment":[{"href":"https:\/\/ventura-offshore.com\/en\/wp-json\/wp\/v2\/media?parent=2970"}],"curies":[{"name":"wp","href":"https:\/\/api.w.org\/{rel}","templated":true}]}}