{"id":29,"date":"2024-12-16T17:56:33","date_gmt":"2024-12-16T20:56:33","guid":{"rendered":"https:\/\/venturaoffshore.diagrammacv.com.br\/?page_id=29"},"modified":"2025-05-13T09:20:55","modified_gmt":"2025-05-13T12:20:55","slug":"gerenciamento-de-ativos-de-terceiros","status":"publish","type":"page","link":"https:\/\/ventura-offshore.com\/en\/gerenciamento-de-ativos-de-terceiros\/","title":{"rendered":"Third Party Asset Management"},"content":{"rendered":"<div data-elementor-type=\"wp-page\" data-elementor-id=\"29\" class=\"elementor elementor-29\" data-elementor-settings=\"{&quot;ha_cmc_init_switcher&quot;:&quot;no&quot;}\" data-elementor-post-type=\"page\">\n\t\t\t\t<div data-particle_enable=\"false\" data-particle-mobile-disabled=\"false\" class=\"elementor-element elementor-element-3c999a7 e-con-full e-flex e-con e-parent\" data-id=\"3c999a7\" data-element_type=\"container\" data-settings=\"{&quot;background_background&quot;:&quot;classic&quot;,&quot;_ha_eqh_enable&quot;:false}\">\n\t\t<div data-particle_enable=\"false\" data-particle-mobile-disabled=\"false\" class=\"elementor-element elementor-element-c266cc2 e-con-full e-flex e-con e-child\" data-id=\"c266cc2\" data-element_type=\"container\" data-settings=\"{&quot;_ha_eqh_enable&quot;:false}\">\n\t\t\t\t<\/div>\n\t\t<div data-particle_enable=\"false\" data-particle-mobile-disabled=\"false\" class=\"elementor-element elementor-element-0c5f71e e-con-full e-flex e-con e-child\" data-id=\"0c5f71e\" data-element_type=\"container\" data-settings=\"{&quot;_ha_eqh_enable&quot;:false}\">\n\t\t\t\t<\/div>\n\t\t\t\t<\/div>\n\t\t<section data-particle_enable=\"false\" data-particle-mobile-disabled=\"false\" class=\"elementor-element elementor-element-aa3f368 e-flex e-con-boxed e-con e-parent\" data-id=\"aa3f368\" data-element_type=\"container\" data-settings=\"{&quot;background_background&quot;:&quot;classic&quot;,&quot;_ha_eqh_enable&quot;:false}\">\n\t\t\t\t\t<div class=\"e-con-inner\">\n\t\t<div data-particle_enable=\"false\" data-particle-mobile-disabled=\"false\" class=\"elementor-element elementor-element-7ea5275 e-con-full e-flex e-con e-child\" data-id=\"7ea5275\" data-element_type=\"container\" data-settings=\"{&quot;background_background&quot;:&quot;gradient&quot;,&quot;_ha_eqh_enable&quot;:false}\">\n\t\t\t\t<div class=\"elementor-element elementor-element-6a15cb7 elementor-invisible elementor-widget elementor-widget-heading\" data-id=\"6a15cb7\" data-element_type=\"widget\" data-settings=\"{&quot;_animation&quot;:&quot;fadeIn&quot;}\" data-widget_type=\"heading.default\">\n\t\t\t\t\t<h2 class=\"elementor-heading-title elementor-size-default\">Gerenciamento <br>de Ativos de Terceiros\n<\/h2>\t\t\t\t<\/div>\n\t\t\t\t<div class=\"elementor-element elementor-element-af92bf7 elementor-widget-divider--view-line elementor-widget elementor-widget-divider\" data-id=\"af92bf7\" data-element_type=\"widget\" data-widget_type=\"divider.default\">\n\t\t\t\t\t\t\t<div class=\"elementor-divider\">\n\t\t\t<span class=\"elementor-divider-separator\">\n\t\t\t\t\t\t<\/span>\n\t\t<\/div>\n\t\t\t\t\t\t<\/div>\n\t\t\t\t<div class=\"elementor-element elementor-element-4616a27 elementor-widget__width-initial elementor-widget elementor-widget-text-editor\" data-id=\"4616a27\" data-element_type=\"widget\" data-widget_type=\"text-editor.default\">\n\t\t\t\t\t\t\t\t\t<p>Na Ventura Offshore, entendemos que a gest\u00e3o eficiente de ativos \u00e9 essencial para otimizar opera\u00e7\u00f5es e maximizar resultados. Nosso servi\u00e7o de Gerenciamento de Ativos de Terceiros combina expertise t\u00e9cnica, tecnologias avan\u00e7adas e um compromisso inabal\u00e1vel com a qualidade. Trabalhamos lado a lado com nossos parceiros para garantir a m\u00e1xima efici\u00eancia operacional e a preserva\u00e7\u00e3o dos ativos ao longo do tempo.<\/p>\t\t\t\t\t\t\t\t<\/div>\n\t\t\t\t<\/div>\n\t\t<div data-particle_enable=\"false\" data-particle-mobile-disabled=\"false\" class=\"elementor-element elementor-element-c62e46a e-con-full e-flex e-con e-child\" data-id=\"c62e46a\" data-element_type=\"container\" data-settings=\"{&quot;_ha_eqh_enable&quot;:false}\">\n\t\t\t\t<div class=\"elementor-element elementor-element-d9cb5eb elementor-widget elementor-widget-image\" data-id=\"d9cb5eb\" data-element_type=\"widget\" data-widget_type=\"image.default\">\n\t\t\t\t\t\t\t\t\t\t\t\t\t\t\t<img fetchpriority=\"high\" decoding=\"async\" width=\"2560\" height=\"1707\" src=\"https:\/\/ventura-offshore.com\/wp-content\/uploads\/2025\/01\/NS-Carolina-alta-resolucao-0308-TRATADA-scaled.jpg\" class=\"attachment-full size-full wp-image-1203\" alt=\"\" srcset=\"https:\/\/ventura-offshore.com\/wp-content\/uploads\/2025\/01\/NS-Carolina-alta-resolucao-0308-TRATADA-scaled.jpg 2560w, https:\/\/ventura-offshore.com\/wp-content\/uploads\/2025\/01\/NS-Carolina-alta-resolucao-0308-TRATADA-300x200.jpg 300w, https:\/\/ventura-offshore.com\/wp-content\/uploads\/2025\/01\/NS-Carolina-alta-resolucao-0308-TRATADA-1024x683.jpg 1024w, https:\/\/ventura-offshore.com\/wp-content\/uploads\/2025\/01\/NS-Carolina-alta-resolucao-0308-TRATADA-768x512.jpg 768w, https:\/\/ventura-offshore.com\/wp-content\/uploads\/2025\/01\/NS-Carolina-alta-resolucao-0308-TRATADA-1536x1024.jpg 1536w, https:\/\/ventura-offshore.com\/wp-content\/uploads\/2025\/01\/NS-Carolina-alta-resolucao-0308-TRATADA-2048x1366.jpg 2048w\" sizes=\"(max-width: 2560px) 100vw, 2560px\" \/>\t\t\t\t\t\t\t\t\t\t\t\t\t\t\t<\/div>\n\t\t\t\t<\/div>\n\t\t\t\t\t<\/div>\n\t\t\t\t<\/section>\n\t\t\t\t<\/div>","protected":false},"excerpt":{"rendered":"<p>Gerenciamento de Ativos de Terceiros Na Ventura Offshore, entendemos que a gest\u00e3o eficiente de ativos \u00e9 essencial para otimizar opera\u00e7\u00f5es e maximizar resultados. Nosso servi\u00e7o de Gerenciamento de Ativos de Terceiros combina expertise t\u00e9cnica, tecnologias avan\u00e7adas e um compromisso inabal\u00e1vel com a qualidade. Trabalhamos lado a lado com nossos parceiros para garantir a m\u00e1xima efici\u00eancia [&hellip;]<\/p>","protected":false},"author":1,"featured_media":0,"parent":0,"menu_order":0,"comment_status":"closed","ping_status":"closed","template":"","meta":{"footnotes":""},"class_list":["post-29","page","type-page","status-publish","hentry"],"_links":{"self":[{"href":"https:\/\/ventura-offshore.com\/en\/wp-json\/wp\/v2\/pages\/29","targetHints":{"allow":["GET"]}}],"collection":[{"href":"https:\/\/ventura-offshore.com\/en\/wp-json\/wp\/v2\/pages"}],"about":[{"href":"https:\/\/ventura-offshore.com\/en\/wp-json\/wp\/v2\/types\/page"}],"author":[{"embeddable":true,"href":"https:\/\/ventura-offshore.com\/en\/wp-json\/wp\/v2\/users\/1"}],"replies":[{"embeddable":true,"href":"https:\/\/ventura-offshore.com\/en\/wp-json\/wp\/v2\/comments?post=29"}],"version-history":[{"count":19,"href":"https:\/\/ventura-offshore.com\/en\/wp-json\/wp\/v2\/pages\/29\/revisions"}],"predecessor-version":[{"id":5122,"href":"https:\/\/ventura-offshore.com\/en\/wp-json\/wp\/v2\/pages\/29\/revisions\/5122"}],"wp:attachment":[{"href":"https:\/\/ventura-offshore.com\/en\/wp-json\/wp\/v2\/media?parent=29"}],"curies":[{"name":"wp","href":"https:\/\/api.w.org\/{rel}","templated":true}]}}