{"id":27,"date":"2024-12-16T17:56:16","date_gmt":"2024-12-16T20:56:16","guid":{"rendered":"https:\/\/venturaoffshore.diagrammacv.com.br\/?page_id=27"},"modified":"2025-04-28T11:57:04","modified_gmt":"2025-04-28T14:57:04","slug":"perfuracao","status":"publish","type":"page","link":"https:\/\/ventura-offshore.com\/en\/perfuracao\/","title":{"rendered":"Drilling"},"content":{"rendered":"<div data-elementor-type=\"wp-page\" data-elementor-id=\"27\" class=\"elementor elementor-27\" data-elementor-settings=\"{&quot;ha_cmc_init_switcher&quot;:&quot;no&quot;}\" data-elementor-post-type=\"page\">\n\t\t\t\t<div data-particle_enable=\"false\" data-particle-mobile-disabled=\"false\" class=\"elementor-element elementor-element-61722a4 e-con-full e-flex e-con e-parent\" data-id=\"61722a4\" data-element_type=\"container\" data-settings=\"{&quot;background_background&quot;:&quot;classic&quot;,&quot;_ha_eqh_enable&quot;:false}\">\n\t\t<div data-particle_enable=\"false\" data-particle-mobile-disabled=\"false\" class=\"elementor-element elementor-element-c764511 e-con-full e-flex e-con e-child\" data-id=\"c764511\" data-element_type=\"container\" data-settings=\"{&quot;_ha_eqh_enable&quot;:false}\">\n\t\t\t\t<\/div>\n\t\t<div data-particle_enable=\"false\" data-particle-mobile-disabled=\"false\" class=\"elementor-element elementor-element-d0c976e e-con-full e-flex e-con e-child\" data-id=\"d0c976e\" data-element_type=\"container\" data-settings=\"{&quot;_ha_eqh_enable&quot;:false}\">\n\t\t\t\t<\/div>\n\t\t\t\t<\/div>\n\t\t<section data-particle_enable=\"false\" data-particle-mobile-disabled=\"false\" class=\"elementor-element elementor-element-6abd142 e-flex e-con-boxed e-con e-parent\" data-id=\"6abd142\" data-element_type=\"container\" data-settings=\"{&quot;background_background&quot;:&quot;classic&quot;,&quot;_ha_eqh_enable&quot;:false}\">\n\t\t\t\t\t<div class=\"e-con-inner\">\n\t\t<div data-particle_enable=\"false\" data-particle-mobile-disabled=\"false\" class=\"elementor-element elementor-element-f1fd3aa e-con-full e-flex e-con e-child\" data-id=\"f1fd3aa\" data-element_type=\"container\" data-settings=\"{&quot;background_background&quot;:&quot;gradient&quot;,&quot;_ha_eqh_enable&quot;:false}\">\n\t\t\t\t<div class=\"elementor-element elementor-element-481345a elementor-invisible elementor-widget elementor-widget-heading\" data-id=\"481345a\" data-element_type=\"widget\" data-settings=\"{&quot;_animation&quot;:&quot;fadeIn&quot;}\" data-widget_type=\"heading.default\">\n\t\t\t\t\t<h2 class=\"elementor-heading-title elementor-size-default\">Drilling<br> Offshore<\/h2>\t\t\t\t<\/div>\n\t\t\t\t<div class=\"elementor-element elementor-element-4ab49be elementor-widget-divider--view-line elementor-widget elementor-widget-divider\" data-id=\"4ab49be\" data-element_type=\"widget\" data-widget_type=\"divider.default\">\n\t\t\t\t\t\t\t<div class=\"elementor-divider\">\n\t\t\t<span class=\"elementor-divider-separator\">\n\t\t\t\t\t\t<\/span>\n\t\t<\/div>\n\t\t\t\t\t\t<\/div>\n\t\t\t\t<div class=\"elementor-element elementor-element-b399496 elementor-widget__width-initial elementor-widget elementor-widget-text-editor\" data-id=\"b399496\" data-element_type=\"widget\" data-widget_type=\"text-editor.default\">\n\t\t\t\t\t\t\t\t\t<p>Exploramos o futuro com tecnologia de ponta e compromisso ambiental. Nossa expertise em perfura\u00e7\u00e3o garante opera\u00e7\u00f5es seguras, eficazes e sustent\u00e1veis para atender \u00e0s demandas do mercado global.<\/p>\t\t\t\t\t\t\t\t<\/div>\n\t\t\t\t<\/div>\n\t\t<div data-particle_enable=\"false\" data-particle-mobile-disabled=\"false\" class=\"elementor-element elementor-element-60cb104 e-con-full e-flex e-con e-child\" data-id=\"60cb104\" data-element_type=\"container\" data-settings=\"{&quot;_ha_eqh_enable&quot;:false}\">\n\t\t\t\t<div class=\"elementor-element elementor-element-d2fa3e8 elementor-widget elementor-widget-image\" data-id=\"d2fa3e8\" data-element_type=\"widget\" data-widget_type=\"image.default\">\n\t\t\t\t\t\t\t\t\t\t\t\t\t\t\t<img fetchpriority=\"high\" decoding=\"async\" width=\"2560\" height=\"1707\" src=\"https:\/\/ventura-offshore.com\/wp-content\/uploads\/2025\/01\/0737-scaled.jpg\" class=\"attachment-full size-full wp-image-1545\" alt=\"\" srcset=\"https:\/\/ventura-offshore.com\/wp-content\/uploads\/2025\/01\/0737-scaled.jpg 2560w, https:\/\/ventura-offshore.com\/wp-content\/uploads\/2025\/01\/0737-300x200.jpg 300w, https:\/\/ventura-offshore.com\/wp-content\/uploads\/2025\/01\/0737-1024x683.jpg 1024w, https:\/\/ventura-offshore.com\/wp-content\/uploads\/2025\/01\/0737-768x512.jpg 768w, https:\/\/ventura-offshore.com\/wp-content\/uploads\/2025\/01\/0737-1536x1024.jpg 1536w, https:\/\/ventura-offshore.com\/wp-content\/uploads\/2025\/01\/0737-2048x1366.jpg 2048w, https:\/\/ventura-offshore.com\/wp-content\/uploads\/2025\/01\/0737-18x12.jpg 18w\" sizes=\"(max-width: 2560px) 100vw, 2560px\" \/>\t\t\t\t\t\t\t\t\t\t\t\t\t\t\t<\/div>\n\t\t\t\t<\/div>\n\t\t\t\t\t<\/div>\n\t\t\t\t<\/section>\n\t\t\t\t<\/div>","protected":false},"excerpt":{"rendered":"<p>Perfura\u00e7\u00e3o Offshore Exploramos o futuro com tecnologia de ponta e compromisso ambiental. Nossa expertise em perfura\u00e7\u00e3o garante opera\u00e7\u00f5es seguras, eficazes e sustent\u00e1veis para atender \u00e0s demandas do mercado global.<\/p>","protected":false},"author":1,"featured_media":0,"parent":0,"menu_order":0,"comment_status":"closed","ping_status":"closed","template":"","meta":{"footnotes":""},"class_list":["post-27","page","type-page","status-publish","hentry"],"_links":{"self":[{"href":"https:\/\/ventura-offshore.com\/en\/wp-json\/wp\/v2\/pages\/27","targetHints":{"allow":["GET"]}}],"collection":[{"href":"https:\/\/ventura-offshore.com\/en\/wp-json\/wp\/v2\/pages"}],"about":[{"href":"https:\/\/ventura-offshore.com\/en\/wp-json\/wp\/v2\/types\/page"}],"author":[{"embeddable":true,"href":"https:\/\/ventura-offshore.com\/en\/wp-json\/wp\/v2\/users\/1"}],"replies":[{"embeddable":true,"href":"https:\/\/ventura-offshore.com\/en\/wp-json\/wp\/v2\/comments?post=27"}],"version-history":[{"count":31,"href":"https:\/\/ventura-offshore.com\/en\/wp-json\/wp\/v2\/pages\/27\/revisions"}],"predecessor-version":[{"id":4752,"href":"https:\/\/ventura-offshore.com\/en\/wp-json\/wp\/v2\/pages\/27\/revisions\/4752"}],"wp:attachment":[{"href":"https:\/\/ventura-offshore.com\/en\/wp-json\/wp\/v2\/media?parent=27"}],"curies":[{"name":"wp","href":"https:\/\/api.w.org\/{rel}","templated":true}]}}