{"id":129,"date":"2024-12-16T18:13:03","date_gmt":"2024-12-16T21:13:03","guid":{"rendered":"https:\/\/venturaoffshore.diagrammacv.com.br\/?page_id=129"},"modified":"2025-08-02T13:48:23","modified_gmt":"2025-08-02T16:48:23","slug":"blog","status":"publish","type":"page","link":"https:\/\/ventura-offshore.com\/en\/blog\/","title":{"rendered":"Blog"},"content":{"rendered":"<div data-elementor-type=\"wp-page\" data-elementor-id=\"129\" class=\"elementor elementor-129\" data-elementor-settings=\"{&quot;ha_cmc_init_switcher&quot;:&quot;no&quot;}\" data-elementor-post-type=\"page\">\n\t\t\t\t<div data-particle_enable=\"false\" data-particle-mobile-disabled=\"false\" class=\"elementor-element elementor-element-c68c90e e-con-full e-flex e-con e-parent\" data-id=\"c68c90e\" data-element_type=\"container\" data-settings=\"{&quot;background_background&quot;:&quot;classic&quot;,&quot;shape_divider_bottom&quot;:&quot;mountains&quot;,&quot;_ha_eqh_enable&quot;:false}\">\n\t\t\t\t<div class=\"elementor-shape elementor-shape-bottom\" aria-hidden=\"true\" data-negative=\"false\">\n\t\t\t<svg xmlns=\"http:\/\/www.w3.org\/2000\/svg\" viewbox=\"0 0 1000 100\" preserveaspectratio=\"none\">\n\t<path class=\"elementor-shape-fill\" opacity=\"0.33\" d=\"M473,67.3c-203.9,88.3-263.1-34-320.3,0C66,119.1,0,59.7,0,59.7V0h1000v59.7 c0,0-62.1,26.1-94.9,29.3c-32.8,3.3-62.8-12.3-75.8-22.1C806,49.6,745.3,8.7,694.9,4.7S492.4,59,473,67.3z\"\/>\n\t<path class=\"elementor-shape-fill\" opacity=\"0.66\" d=\"M734,67.3c-45.5,0-77.2-23.2-129.1-39.1c-28.6-8.7-150.3-10.1-254,39.1 s-91.7-34.4-149.2,0C115.7,118.3,0,39.8,0,39.8V0h1000v36.5c0,0-28.2-18.5-92.1-18.5C810.2,18.1,775.7,67.3,734,67.3z\"\/>\n\t<path class=\"elementor-shape-fill\" d=\"M766.1,28.9c-200-57.5-266,65.5-395.1,19.5C242,1.8,242,5.4,184.8,20.6C128,35.8,132.3,44.9,89.9,52.5C28.6,63.7,0,0,0,0 h1000c0,0-9.9,40.9-83.6,48.1S829.6,47,766.1,28.9z\"\/>\n<\/svg>\t\t<\/div>\n\t\t<div data-particle_enable=\"false\" data-particle-mobile-disabled=\"false\" class=\"elementor-element elementor-element-b28951c e-con-full e-flex e-con e-child\" data-id=\"b28951c\" data-element_type=\"container\" data-settings=\"{&quot;_ha_eqh_enable&quot;:false}\">\n\t\t\t\t<div class=\"elementor-element elementor-element-bb15643 elementor-invisible elementor-widget elementor-widget-heading\" data-id=\"bb15643\" data-element_type=\"widget\" data-settings=\"{&quot;_animation&quot;:&quot;fadeInLeft&quot;}\" data-widget_type=\"heading.default\">\n\t\t\t\t\t<h1 class=\"elementor-heading-title elementor-size-default\">Blog<\/h1>\t\t\t\t<\/div>\n\t\t\t\t<div class=\"elementor-element elementor-element-6e347d4 elementor-invisible elementor-widget elementor-widget-text-editor\" data-id=\"6e347d4\" data-element_type=\"widget\" data-settings=\"{&quot;_animation&quot;:&quot;fadeInLeft&quot;}\" data-widget_type=\"text-editor.default\">\n\t\t\t\t\t\t\t\t\t<p>Check out the news<\/p>\t\t\t\t\t\t\t\t<\/div>\n\t\t\t\t<\/div>\n\t\t\t\t<\/div>\n\t\t<div data-particle_enable=\"false\" data-particle-mobile-disabled=\"false\" class=\"elementor-element elementor-element-d0f7ab4 e-flex e-con-boxed e-con e-parent\" data-id=\"d0f7ab4\" data-element_type=\"container\" data-settings=\"{&quot;background_background&quot;:&quot;classic&quot;,&quot;_ha_eqh_enable&quot;:false}\">\n\t\t\t\t\t<div class=\"e-con-inner\">\n\t\t<div data-particle_enable=\"false\" data-particle-mobile-disabled=\"false\" class=\"elementor-element elementor-element-7624ea9 e-con-full e-flex e-con e-child\" data-id=\"7624ea9\" data-element_type=\"container\" data-settings=\"{&quot;_ha_eqh_enable&quot;:false}\">\n\t\t<div data-particle_enable=\"false\" data-particle-mobile-disabled=\"false\" class=\"elementor-element elementor-element-caec623 e-con-full e-flex e-con e-child\" data-id=\"caec623\" data-element_type=\"container\" data-settings=\"{&quot;_ha_eqh_enable&quot;:false}\">\n\t\t\t\t<div class=\"elementor-element elementor-element-b8768c3 elementor-grid-3 elementor-grid-tablet-2 elementor-grid-mobile-1 elementor-posts--thumbnail-top elementor-card-shadow-yes elementor-posts__hover-gradient elementor-widget elementor-widget-posts\" data-id=\"b8768c3\" data-element_type=\"widget\" data-settings=\"{&quot;cards_columns&quot;:&quot;3&quot;,&quot;cards_columns_tablet&quot;:&quot;2&quot;,&quot;cards_columns_mobile&quot;:&quot;1&quot;,&quot;cards_row_gap&quot;:{&quot;unit&quot;:&quot;px&quot;,&quot;size&quot;:35,&quot;sizes&quot;:[]},&quot;cards_row_gap_laptop&quot;:{&quot;unit&quot;:&quot;px&quot;,&quot;size&quot;:&quot;&quot;,&quot;sizes&quot;:[]},&quot;cards_row_gap_tablet&quot;:{&quot;unit&quot;:&quot;px&quot;,&quot;size&quot;:&quot;&quot;,&quot;sizes&quot;:[]},&quot;cards_row_gap_mobile&quot;:{&quot;unit&quot;:&quot;px&quot;,&quot;size&quot;:&quot;&quot;,&quot;sizes&quot;:[]}}\" data-widget_type=\"posts.cards\">\n\t\t\t\t<div class=\"elementor-widget-container\">\n\t\t\t\t\t\t\t<div class=\"elementor-posts-container elementor-posts elementor-posts--skin-cards elementor-grid\">\n\t\t\t\t<article class=\"elementor-post elementor-grid-item post-6206 post type-post status-publish format-standard has-post-thumbnail hentry category-uncategorized\">\n\t\t\t<div class=\"elementor-post__card\">\n\t\t\t\t<a class=\"elementor-post__thumbnail__link\" href=\"https:\/\/ventura-offshore.com\/en\/ventura-offshore-fortalece-presenca-internacional-durante-agenda-estrategica-na-noruega\/\" tabindex=\"-1\" ><div class=\"elementor-post__thumbnail\"><img fetchpriority=\"high\" decoding=\"async\" width=\"1497\" height=\"802\" src=\"https:\/\/ventura-offshore.com\/wp-content\/uploads\/2026\/03\/DNB-Energy-Conference-4.jpg\" class=\"attachment-full size-full wp-image-6208\" alt=\"\" srcset=\"https:\/\/ventura-offshore.com\/wp-content\/uploads\/2026\/03\/DNB-Energy-Conference-4.jpg 1497w, https:\/\/ventura-offshore.com\/wp-content\/uploads\/2026\/03\/DNB-Energy-Conference-4-300x161.jpg 300w, https:\/\/ventura-offshore.com\/wp-content\/uploads\/2026\/03\/DNB-Energy-Conference-4-1024x549.jpg 1024w, https:\/\/ventura-offshore.com\/wp-content\/uploads\/2026\/03\/DNB-Energy-Conference-4-768x411.jpg 768w, https:\/\/ventura-offshore.com\/wp-content\/uploads\/2026\/03\/DNB-Energy-Conference-4-18x10.jpg 18w\" sizes=\"(max-width: 1497px) 100vw, 1497px\" \/><\/div><\/a>\n\t\t\t\t<div class=\"elementor-post__text\">\n\t\t\t\t<h3 class=\"elementor-post__title\">\n\t\t\t<a href=\"https:\/\/ventura-offshore.com\/en\/ventura-offshore-fortalece-presenca-internacional-durante-agenda-estrategica-na-noruega\/\" >\n\t\t\t\tVentura Offshore Strengthens International Presence During Strategic Engagements in Norway\t\t\t<\/a>\n\t\t<\/h3>\n\t\t\t\t<div class=\"elementor-post__excerpt\">\n\t\t\t<p>During the week of March 2\u20136, Ventura Offshore carried out an important institutional agenda in Norway, highlighted by a visit to the company\u2019s new office in Oslo and<\/p>\n\t\t<\/div>\n\t\t\n\t\t<a class=\"elementor-post__read-more\" href=\"https:\/\/ventura-offshore.com\/en\/ventura-offshore-fortalece-presenca-internacional-durante-agenda-estrategica-na-noruega\/\" aria-label=\"Read more about Ventura Offshore fortalece presen\u00e7a internacional durante agenda estrat\u00e9gica na Noruega\" tabindex=\"-1\" >\n\t\t\tRead more \u00bb\t\t<\/a>\n\n\t\t\t\t<\/div>\n\t\t\t\t\t<\/div>\n\t\t<\/article>\n\t\t\t\t<article class=\"elementor-post elementor-grid-item post-6197 post type-post status-publish format-standard has-post-thumbnail hentry category-uncategorized\">\n\t\t\t<div class=\"elementor-post__card\">\n\t\t\t\t<a class=\"elementor-post__thumbnail__link\" href=\"https:\/\/ventura-offshore.com\/en\/seguranca-em-acao-ns-carolina-como-referencia\/\" tabindex=\"-1\" ><div class=\"elementor-post__thumbnail\"><img decoding=\"async\" width=\"1902\" height=\"890\" src=\"https:\/\/ventura-offshore.com\/wp-content\/uploads\/2026\/03\/Captura-de-tela-2026-03-10-103532.png\" class=\"attachment-full size-full wp-image-6226\" alt=\"\" srcset=\"https:\/\/ventura-offshore.com\/wp-content\/uploads\/2026\/03\/Captura-de-tela-2026-03-10-103532.png 1902w, https:\/\/ventura-offshore.com\/wp-content\/uploads\/2026\/03\/Captura-de-tela-2026-03-10-103532-300x140.png 300w, https:\/\/ventura-offshore.com\/wp-content\/uploads\/2026\/03\/Captura-de-tela-2026-03-10-103532-1024x479.png 1024w, https:\/\/ventura-offshore.com\/wp-content\/uploads\/2026\/03\/Captura-de-tela-2026-03-10-103532-768x359.png 768w, https:\/\/ventura-offshore.com\/wp-content\/uploads\/2026\/03\/Captura-de-tela-2026-03-10-103532-1536x719.png 1536w, https:\/\/ventura-offshore.com\/wp-content\/uploads\/2026\/03\/Captura-de-tela-2026-03-10-103532-18x8.png 18w\" sizes=\"(max-width: 1902px) 100vw, 1902px\" \/><\/div><\/a>\n\t\t\t\t<div class=\"elementor-post__text\">\n\t\t\t\t<h3 class=\"elementor-post__title\">\n\t\t\t<a href=\"https:\/\/ventura-offshore.com\/en\/seguranca-em-acao-ns-carolina-como-referencia\/\" >\n\t\t\t\tSafety in Action: NS-Carolina Leads the Way\t\t\t<\/a>\n\t\t<\/h3>\n\t\t\t\t<div class=\"elementor-post__excerpt\">\n\t\t\t<p>We have successfully concluded another cycle of the Petrobras 24-Week Safety Campaign, with the NS-Carolina rig standing out as a reference for engagement, operational discipline<\/p>\n\t\t<\/div>\n\t\t\n\t\t<a class=\"elementor-post__read-more\" href=\"https:\/\/ventura-offshore.com\/en\/seguranca-em-acao-ns-carolina-como-referencia\/\" aria-label=\"Read more about Seguran\u00e7a em A\u00e7\u00e3o: NS-Carolina como Refer\u00eancia\" tabindex=\"-1\" >\n\t\t\tRead more \u00bb\t\t<\/a>\n\n\t\t\t\t<\/div>\n\t\t\t\t\t<\/div>\n\t\t<\/article>\n\t\t\t\t<article class=\"elementor-post elementor-grid-item post-6172 post type-post status-publish format-standard has-post-thumbnail hentry category-uncategorized\">\n\t\t\t<div class=\"elementor-post__card\">\n\t\t\t\t<a class=\"elementor-post__thumbnail__link\" href=\"https:\/\/ventura-offshore.com\/en\/comite-executivo-a-bordo\/\" tabindex=\"-1\" ><div class=\"elementor-post__thumbnail\"><img decoding=\"async\" width=\"2026\" height=\"1517\" src=\"https:\/\/ventura-offshore.com\/wp-content\/uploads\/2026\/02\/Comite-1-2026.png\" class=\"attachment-full size-full wp-image-6178\" alt=\"\" srcset=\"https:\/\/ventura-offshore.com\/wp-content\/uploads\/2026\/02\/Comite-1-2026.png 2026w, https:\/\/ventura-offshore.com\/wp-content\/uploads\/2026\/02\/Comite-1-2026-300x225.png 300w, https:\/\/ventura-offshore.com\/wp-content\/uploads\/2026\/02\/Comite-1-2026-1024x767.png 1024w, https:\/\/ventura-offshore.com\/wp-content\/uploads\/2026\/02\/Comite-1-2026-768x575.png 768w, https:\/\/ventura-offshore.com\/wp-content\/uploads\/2026\/02\/Comite-1-2026-1536x1150.png 1536w, https:\/\/ventura-offshore.com\/wp-content\/uploads\/2026\/02\/Comite-1-2026-16x12.png 16w\" sizes=\"(max-width: 2026px) 100vw, 2026px\" \/><\/div><\/a>\n\t\t\t\t<div class=\"elementor-post__text\">\n\t\t\t\t<h3 class=\"elementor-post__title\">\n\t\t\t<a href=\"https:\/\/ventura-offshore.com\/en\/comite-executivo-a-bordo\/\" >\n\t\t\t\tExecutive Committee On Board\t\t\t<\/a>\n\t\t<\/h3>\n\t\t\t\t<div class=\"elementor-post__excerpt\">\n\t\t\t<p>The beginning of the year represents a strategic opportunity to reinforce direction, align expectations, and strengthen leadership presence across operations. In this context,<\/p>\n\t\t<\/div>\n\t\t\n\t\t<a class=\"elementor-post__read-more\" href=\"https:\/\/ventura-offshore.com\/en\/comite-executivo-a-bordo\/\" aria-label=\"Read more about Comit\u00ea executivo a bordo\" tabindex=\"-1\" >\n\t\t\tRead more \u00bb\t\t<\/a>\n\n\t\t\t\t<\/div>\n\t\t\t\t\t<\/div>\n\t\t<\/article>\n\t\t\t\t<article class=\"elementor-post elementor-grid-item post-6096 post type-post status-publish format-standard has-post-thumbnail hentry category-uncategorized\">\n\t\t\t<div class=\"elementor-post__card\">\n\t\t\t\t<a class=\"elementor-post__thumbnail__link\" href=\"https:\/\/ventura-offshore.com\/en\/treinamento-de-compliance\/\" tabindex=\"-1\" ><div class=\"elementor-post__thumbnail\"><img loading=\"lazy\" decoding=\"async\" width=\"1079\" height=\"1350\" src=\"https:\/\/ventura-offshore.com\/wp-content\/uploads\/2025\/12\/38.-Trein-compliance-2025-1.png\" class=\"attachment-full size-full wp-image-6101\" alt=\"\" srcset=\"https:\/\/ventura-offshore.com\/wp-content\/uploads\/2025\/12\/38.-Trein-compliance-2025-1.png 1079w, https:\/\/ventura-offshore.com\/wp-content\/uploads\/2025\/12\/38.-Trein-compliance-2025-1-240x300.png 240w, https:\/\/ventura-offshore.com\/wp-content\/uploads\/2025\/12\/38.-Trein-compliance-2025-1-818x1024.png 818w, https:\/\/ventura-offshore.com\/wp-content\/uploads\/2025\/12\/38.-Trein-compliance-2025-1-768x961.png 768w, https:\/\/ventura-offshore.com\/wp-content\/uploads\/2025\/12\/38.-Trein-compliance-2025-1-10x12.png 10w\" sizes=\"(max-width: 1079px) 100vw, 1079px\" \/><\/div><\/a>\n\t\t\t\t<div class=\"elementor-post__text\">\n\t\t\t\t<h3 class=\"elementor-post__title\">\n\t\t\t<a href=\"https:\/\/ventura-offshore.com\/en\/treinamento-de-compliance\/\" >\n\t\t\t\tCompliance training\t\t\t<\/a>\n\t\t<\/h3>\n\t\t\t\t<div class=\"elementor-post__excerpt\">\n\t\t\t<p>Closing out 2025 with highlights from our compliance training held at the Ventura Offshore base \u2014 an important opportunity to strengthen our ethical culture and reinforce<\/p>\n\t\t<\/div>\n\t\t\n\t\t<a class=\"elementor-post__read-more\" href=\"https:\/\/ventura-offshore.com\/en\/treinamento-de-compliance\/\" aria-label=\"Read more about Treinamento de compliance\" tabindex=\"-1\" >\n\t\t\tRead more \u00bb\t\t<\/a>\n\n\t\t\t\t<\/div>\n\t\t\t\t\t<\/div>\n\t\t<\/article>\n\t\t\t\t<article class=\"elementor-post elementor-grid-item post-6085 post type-post status-publish format-standard has-post-thumbnail hentry category-uncategorized\">\n\t\t\t<div class=\"elementor-post__card\">\n\t\t\t\t<a class=\"elementor-post__thumbnail__link\" href=\"https:\/\/ventura-offshore.com\/en\/e-o-domingo-amanheceu-venturiano-por-aqui\/\" tabindex=\"-1\" ><div class=\"elementor-post__thumbnail\"><img loading=\"lazy\" decoding=\"async\" width=\"1280\" height=\"960\" src=\"https:\/\/ventura-offshore.com\/wp-content\/uploads\/2025\/12\/Corrida-da-APAE-2025-2.jpeg\" class=\"attachment-full size-full wp-image-6087\" alt=\"\" srcset=\"https:\/\/ventura-offshore.com\/wp-content\/uploads\/2025\/12\/Corrida-da-APAE-2025-2.jpeg 1280w, https:\/\/ventura-offshore.com\/wp-content\/uploads\/2025\/12\/Corrida-da-APAE-2025-2-300x225.jpeg 300w, https:\/\/ventura-offshore.com\/wp-content\/uploads\/2025\/12\/Corrida-da-APAE-2025-2-1024x768.jpeg 1024w, https:\/\/ventura-offshore.com\/wp-content\/uploads\/2025\/12\/Corrida-da-APAE-2025-2-768x576.jpeg 768w, https:\/\/ventura-offshore.com\/wp-content\/uploads\/2025\/12\/Corrida-da-APAE-2025-2-16x12.jpeg 16w\" sizes=\"(max-width: 1280px) 100vw, 1280px\" \/><\/div><\/a>\n\t\t\t\t<div class=\"elementor-post__text\">\n\t\t\t\t<h3 class=\"elementor-post__title\">\n\t\t\t<a href=\"https:\/\/ventura-offshore.com\/en\/e-o-domingo-amanheceu-venturiano-por-aqui\/\" >\n\t\t\t\tAnd Sunday dawned in true Ventura spirit around here!\t\t\t<\/a>\n\t\t<\/h3>\n\t\t\t\t<div class=\"elementor-post__excerpt\">\n\t\t\t<p>The day began with the run and walk organized by APAE \u2014 the Association of Parents and Friends of the Exceptional \u2014 now in its<\/p>\n\t\t<\/div>\n\t\t\n\t\t<a class=\"elementor-post__read-more\" href=\"https:\/\/ventura-offshore.com\/en\/e-o-domingo-amanheceu-venturiano-por-aqui\/\" aria-label=\"Read more about E o domingo amanheceu venturiano por aqui!\" tabindex=\"-1\" >\n\t\t\tRead more \u00bb\t\t<\/a>\n\n\t\t\t\t<\/div>\n\t\t\t\t\t<\/div>\n\t\t<\/article>\n\t\t\t\t<article class=\"elementor-post elementor-grid-item post-6072 post type-post status-publish format-standard has-post-thumbnail hentry category-uncategorized\">\n\t\t\t<div class=\"elementor-post__card\">\n\t\t\t\t<a class=\"elementor-post__thumbnail__link\" href=\"https:\/\/ventura-offshore.com\/en\/unidade-victoria-1-ano-sem-acidentes\/\" tabindex=\"-1\" ><div class=\"elementor-post__thumbnail\"><img loading=\"lazy\" decoding=\"async\" width=\"1280\" height=\"960\" src=\"https:\/\/ventura-offshore.com\/wp-content\/uploads\/2025\/11\/Foto-bordo-todos-juntos.jpeg\" class=\"attachment-full size-full wp-image-6074\" alt=\"\" srcset=\"https:\/\/ventura-offshore.com\/wp-content\/uploads\/2025\/11\/Foto-bordo-todos-juntos.jpeg 1280w, https:\/\/ventura-offshore.com\/wp-content\/uploads\/2025\/11\/Foto-bordo-todos-juntos-300x225.jpeg 300w, https:\/\/ventura-offshore.com\/wp-content\/uploads\/2025\/11\/Foto-bordo-todos-juntos-1024x768.jpeg 1024w, https:\/\/ventura-offshore.com\/wp-content\/uploads\/2025\/11\/Foto-bordo-todos-juntos-768x576.jpeg 768w, https:\/\/ventura-offshore.com\/wp-content\/uploads\/2025\/11\/Foto-bordo-todos-juntos-16x12.jpeg 16w\" sizes=\"(max-width: 1280px) 100vw, 1280px\" \/><\/div><\/a>\n\t\t\t\t<div class=\"elementor-post__text\">\n\t\t\t\t<h3 class=\"elementor-post__title\">\n\t\t\t<a href=\"https:\/\/ventura-offshore.com\/en\/unidade-victoria-1-ano-sem-acidentes\/\" >\n\t\t\t\tUNIT VICTORIA: 1 YEAR WITHOUT ACCIDENTS\t\t\t<\/a>\n\t\t<\/h3>\n\t\t\t\t<div class=\"elementor-post__excerpt\">\n\t\t\t<p>Ventura Offshore proudly celebrates a significant milestone in our safety journey: the Victoria unit has reached one year without accidents. We congratulate everyone<\/p>\n\t\t<\/div>\n\t\t\n\t\t<a class=\"elementor-post__read-more\" href=\"https:\/\/ventura-offshore.com\/en\/unidade-victoria-1-ano-sem-acidentes\/\" aria-label=\"Read more about Unidade Victoria : 1 ano sem acidentes\" tabindex=\"-1\" >\n\t\t\tRead more \u00bb\t\t<\/a>\n\n\t\t\t\t<\/div>\n\t\t\t\t\t<\/div>\n\t\t<\/article>\n\t\t\t\t<article class=\"elementor-post elementor-grid-item post-6039 post type-post status-publish format-standard has-post-thumbnail hentry category-uncategorized\">\n\t\t\t<div class=\"elementor-post__card\">\n\t\t\t\t<a class=\"elementor-post__thumbnail__link\" href=\"https:\/\/ventura-offshore.com\/en\/visita-do-conselho-de-administracao\/\" tabindex=\"-1\" ><div class=\"elementor-post__thumbnail\"><img loading=\"lazy\" decoding=\"async\" width=\"2048\" height=\"1152\" src=\"https:\/\/ventura-offshore.com\/wp-content\/uploads\/2025\/10\/IMG_7427_jpg.jpg\" class=\"attachment-full size-full wp-image-6041\" alt=\"\" srcset=\"https:\/\/ventura-offshore.com\/wp-content\/uploads\/2025\/10\/IMG_7427_jpg.jpg 2048w, https:\/\/ventura-offshore.com\/wp-content\/uploads\/2025\/10\/IMG_7427_jpg-300x169.jpg 300w, https:\/\/ventura-offshore.com\/wp-content\/uploads\/2025\/10\/IMG_7427_jpg-1024x576.jpg 1024w, https:\/\/ventura-offshore.com\/wp-content\/uploads\/2025\/10\/IMG_7427_jpg-768x432.jpg 768w, https:\/\/ventura-offshore.com\/wp-content\/uploads\/2025\/10\/IMG_7427_jpg-1536x864.jpg 1536w, https:\/\/ventura-offshore.com\/wp-content\/uploads\/2025\/10\/IMG_7427_jpg-18x10.jpg 18w\" sizes=\"(max-width: 2048px) 100vw, 2048px\" \/><\/div><\/a>\n\t\t\t\t<div class=\"elementor-post__text\">\n\t\t\t\t<h3 class=\"elementor-post__title\">\n\t\t\t<a href=\"https:\/\/ventura-offshore.com\/en\/visita-do-conselho-de-administracao\/\" >\n\t\t\t\tBoard of Directors Visit\t\t\t<\/a>\n\t\t<\/h3>\n\t\t\t\t<div class=\"elementor-post__excerpt\">\n\t\t\t<p>This past week, Ventura Offshore had the pleasure of welcoming our Board of Directors to Brazil.\nAmidst a series of productive meetings and valuable<\/p>\n\t\t<\/div>\n\t\t\n\t\t<a class=\"elementor-post__read-more\" href=\"https:\/\/ventura-offshore.com\/en\/visita-do-conselho-de-administracao\/\" aria-label=\"Read more about Visita do conselho de administra\u00e7\u00e3o\" tabindex=\"-1\" >\n\t\t\tRead more \u00bb\t\t<\/a>\n\n\t\t\t\t<\/div>\n\t\t\t\t\t<\/div>\n\t\t<\/article>\n\t\t\t\t<article class=\"elementor-post elementor-grid-item post-6003 post type-post status-publish format-standard has-post-thumbnail hentry category-uncategorized\">\n\t\t\t<div class=\"elementor-post__card\">\n\t\t\t\t<a class=\"elementor-post__thumbnail__link\" href=\"https:\/\/ventura-offshore.com\/en\/atlantic-zonda-2-anos-sem-acidentes-com-afastamento\/\" tabindex=\"-1\" ><div class=\"elementor-post__thumbnail\"><img loading=\"lazy\" decoding=\"async\" width=\"2560\" height=\"1920\" src=\"https:\/\/ventura-offshore.com\/wp-content\/uploads\/2025\/09\/Zonda-2-anos-sem-LTI-scaled.jpg\" class=\"attachment-full size-full wp-image-6004\" alt=\"\" srcset=\"https:\/\/ventura-offshore.com\/wp-content\/uploads\/2025\/09\/Zonda-2-anos-sem-LTI-scaled.jpg 2560w, https:\/\/ventura-offshore.com\/wp-content\/uploads\/2025\/09\/Zonda-2-anos-sem-LTI-300x225.jpg 300w, https:\/\/ventura-offshore.com\/wp-content\/uploads\/2025\/09\/Zonda-2-anos-sem-LTI-1024x768.jpg 1024w, https:\/\/ventura-offshore.com\/wp-content\/uploads\/2025\/09\/Zonda-2-anos-sem-LTI-768x576.jpg 768w, https:\/\/ventura-offshore.com\/wp-content\/uploads\/2025\/09\/Zonda-2-anos-sem-LTI-1536x1152.jpg 1536w, https:\/\/ventura-offshore.com\/wp-content\/uploads\/2025\/09\/Zonda-2-anos-sem-LTI-2048x1536.jpg 2048w, https:\/\/ventura-offshore.com\/wp-content\/uploads\/2025\/09\/Zonda-2-anos-sem-LTI-16x12.jpg 16w\" sizes=\"(max-width: 2560px) 100vw, 2560px\" \/><\/div><\/a>\n\t\t\t\t<div class=\"elementor-post__text\">\n\t\t\t\t<h3 class=\"elementor-post__title\">\n\t\t\t<a href=\"https:\/\/ventura-offshore.com\/en\/atlantic-zonda-2-anos-sem-acidentes-com-afastamento\/\" >\n\t\t\t\tAtlantic Zonda: 2 years without lost-time incidents\t\t\t<\/a>\n\t\t<\/h3>\n\t\t\t\t<div class=\"elementor-post__excerpt\">\n\t\t\t<p>We celebrate an achievement that reflects our commitment to life and our Fundamental Values: the Atlantic Zonda completes 2 years without accidents<\/p>\n\t\t<\/div>\n\t\t\n\t\t<a class=\"elementor-post__read-more\" href=\"https:\/\/ventura-offshore.com\/en\/atlantic-zonda-2-anos-sem-acidentes-com-afastamento\/\" aria-label=\"Read more about Atlantic Zonda: 2 anos sem acidentes com afastamento\" tabindex=\"-1\" >\n\t\t\tRead more \u00bb\t\t<\/a>\n\n\t\t\t\t<\/div>\n\t\t\t\t\t<\/div>\n\t\t<\/article>\n\t\t\t\t<article class=\"elementor-post elementor-grid-item post-5989 post type-post status-publish format-standard has-post-thumbnail hentry category-uncategorized\">\n\t\t\t<div class=\"elementor-post__card\">\n\t\t\t\t<a class=\"elementor-post__thumbnail__link\" href=\"https:\/\/ventura-offshore.com\/en\/catarina-at-the-well-operations-hse-forum\/\" tabindex=\"-1\" ><div class=\"elementor-post__thumbnail\"><img loading=\"lazy\" decoding=\"async\" width=\"1075\" height=\"451\" src=\"https:\/\/ventura-offshore.com\/wp-content\/uploads\/2025\/09\/image001.png\" class=\"attachment-full size-full wp-image-5996\" alt=\"\" srcset=\"https:\/\/ventura-offshore.com\/wp-content\/uploads\/2025\/09\/image001.png 1075w, https:\/\/ventura-offshore.com\/wp-content\/uploads\/2025\/09\/image001-300x126.png 300w, https:\/\/ventura-offshore.com\/wp-content\/uploads\/2025\/09\/image001-1024x430.png 1024w, https:\/\/ventura-offshore.com\/wp-content\/uploads\/2025\/09\/image001-768x322.png 768w, https:\/\/ventura-offshore.com\/wp-content\/uploads\/2025\/09\/image001-18x8.png 18w\" sizes=\"(max-width: 1075px) 100vw, 1075px\" \/><\/div><\/a>\n\t\t\t\t<div class=\"elementor-post__text\">\n\t\t\t\t<h3 class=\"elementor-post__title\">\n\t\t\t<a href=\"https:\/\/ventura-offshore.com\/en\/catarina-at-the-well-operations-hse-forum\/\" >\n\t\t\t\tCatarina no Well Operations HSE Forum\t\t\t<\/a>\n\t\t<\/h3>\n\t\t\t\t<div class=\"elementor-post__excerpt\">\n\t\t\t<p>The Catarina team had the honor of participating in the Well Operations HSE Forum, organized by Eni Indonesia, reaffirming our commitment to operational excellence, safety<\/p>\n\t\t<\/div>\n\t\t\n\t\t<a class=\"elementor-post__read-more\" href=\"https:\/\/ventura-offshore.com\/en\/catarina-at-the-well-operations-hse-forum\/\" aria-label=\"Read more about Catarina at the Well Operations HSE Forum\" tabindex=\"-1\" >\n\t\t\tRead more \u00bb\t\t<\/a>\n\n\t\t\t\t<\/div>\n\t\t\t\t\t<\/div>\n\t\t<\/article>\n\t\t\t\t<article class=\"elementor-post elementor-grid-item post-5967 post type-post status-publish format-standard has-post-thumbnail hentry category-uncategorized\">\n\t\t\t<div class=\"elementor-post__card\">\n\t\t\t\t<a class=\"elementor-post__thumbnail__link\" href=\"https:\/\/ventura-offshore.com\/en\/ventura-offshore-na-apresentacao-da-32a-conferencia-anual-de-energia-da-pareto-securities\/\" tabindex=\"-1\" ><div class=\"elementor-post__thumbnail\"><img loading=\"lazy\" decoding=\"async\" width=\"2560\" height=\"1707\" src=\"https:\/\/ventura-offshore.com\/wp-content\/uploads\/2025\/09\/Ventura-Offshore-03397-scaled.jpeg\" class=\"attachment-full size-full wp-image-5968\" alt=\"\" srcset=\"https:\/\/ventura-offshore.com\/wp-content\/uploads\/2025\/09\/Ventura-Offshore-03397-scaled.jpeg 2560w, https:\/\/ventura-offshore.com\/wp-content\/uploads\/2025\/09\/Ventura-Offshore-03397-300x200.jpeg 300w, https:\/\/ventura-offshore.com\/wp-content\/uploads\/2025\/09\/Ventura-Offshore-03397-1024x683.jpeg 1024w, https:\/\/ventura-offshore.com\/wp-content\/uploads\/2025\/09\/Ventura-Offshore-03397-768x512.jpeg 768w, https:\/\/ventura-offshore.com\/wp-content\/uploads\/2025\/09\/Ventura-Offshore-03397-1536x1024.jpeg 1536w, https:\/\/ventura-offshore.com\/wp-content\/uploads\/2025\/09\/Ventura-Offshore-03397-2048x1365.jpeg 2048w, https:\/\/ventura-offshore.com\/wp-content\/uploads\/2025\/09\/Ventura-Offshore-03397-18x12.jpeg 18w\" sizes=\"(max-width: 2560px) 100vw, 2560px\" \/><\/div><\/a>\n\t\t\t\t<div class=\"elementor-post__text\">\n\t\t\t\t<h3 class=\"elementor-post__title\">\n\t\t\t<a href=\"https:\/\/ventura-offshore.com\/en\/ventura-offshore-na-apresentacao-da-32a-conferencia-anual-de-energia-da-pareto-securities\/\" >\n\t\t\t\tVentura Offshore for presenting at Pareto Securities\u2019 32nd Annual Energy Conference\t\t\t<\/a>\n\t\t<\/h3>\n\t\t\t\t<div class=\"elementor-post__excerpt\">\n\t\t\t<p>On September 10\u201311, our CEO, Guilherme Coelho, Strategy Director, Mardonildo Filho, and Finance Advisor, Olav B Hamre, proudly represented Ventura<\/p>\n\t\t<\/div>\n\t\t\n\t\t<a class=\"elementor-post__read-more\" href=\"https:\/\/ventura-offshore.com\/en\/ventura-offshore-na-apresentacao-da-32a-conferencia-anual-de-energia-da-pareto-securities\/\" aria-label=\"Read more about Ventura Offshore na apresenta\u00e7\u00e3o da 32\u00aa Confer\u00eancia Anual de Energia da Pareto Securities\" tabindex=\"-1\" >\n\t\t\tRead more \u00bb\t\t<\/a>\n\n\t\t\t\t<\/div>\n\t\t\t\t\t<\/div>\n\t\t<\/article>\n\t\t\t\t<\/div>\n\t\t\n\t\t\t\t\t\t<\/div>\n\t\t\t\t<\/div>\n\t\t\t\t<\/div>\n\t\t\t\t<\/div>\n\t\t\t\t\t<\/div>\n\t\t\t\t<\/div>\n\t\t\t\t<\/div>","protected":false},"excerpt":{"rendered":"<p>Blog Confira as novidades<\/p>","protected":false},"author":1,"featured_media":0,"parent":0,"menu_order":0,"comment_status":"closed","ping_status":"closed","template":"","meta":{"footnotes":""},"class_list":["post-129","page","type-page","status-publish","hentry"],"_links":{"self":[{"href":"https:\/\/ventura-offshore.com\/en\/wp-json\/wp\/v2\/pages\/129","targetHints":{"allow":["GET"]}}],"collection":[{"href":"https:\/\/ventura-offshore.com\/en\/wp-json\/wp\/v2\/pages"}],"about":[{"href":"https:\/\/ventura-offshore.com\/en\/wp-json\/wp\/v2\/types\/page"}],"author":[{"embeddable":true,"href":"https:\/\/ventura-offshore.com\/en\/wp-json\/wp\/v2\/users\/1"}],"replies":[{"embeddable":true,"href":"https:\/\/ventura-offshore.com\/en\/wp-json\/wp\/v2\/comments?post=129"}],"version-history":[{"count":43,"href":"https:\/\/ventura-offshore.com\/en\/wp-json\/wp\/v2\/pages\/129\/revisions"}],"predecessor-version":[{"id":5837,"href":"https:\/\/ventura-offshore.com\/en\/wp-json\/wp\/v2\/pages\/129\/revisions\/5837"}],"wp:attachment":[{"href":"https:\/\/ventura-offshore.com\/en\/wp-json\/wp\/v2\/media?parent=129"}],"curies":[{"name":"wp","href":"https:\/\/api.w.org\/{rel}","templated":true}]}}