{"id":119,"date":"2024-12-16T18:12:06","date_gmt":"2024-12-16T21:12:06","guid":{"rendered":"https:\/\/venturaoffshore.diagrammacv.com.br\/?page_id=119"},"modified":"2025-08-02T12:45:35","modified_gmt":"2025-08-02T15:45:35","slug":"acoes","status":"publish","type":"page","link":"https:\/\/ventura-offshore.com\/en\/acoes\/","title":{"rendered":"Stocks"},"content":{"rendered":"<div data-elementor-type=\"wp-page\" data-elementor-id=\"119\" class=\"elementor elementor-119\" data-elementor-settings=\"{&quot;ha_cmc_init_switcher&quot;:&quot;no&quot;}\" data-elementor-post-type=\"page\">\n\t\t\t\t<div data-particle_enable=\"false\" data-particle-mobile-disabled=\"false\" class=\"elementor-element elementor-element-697ed44 e-con-full e-flex e-con e-parent\" data-id=\"697ed44\" data-element_type=\"container\" data-settings=\"{&quot;background_background&quot;:&quot;video&quot;,&quot;background_video_link&quot;:&quot;https:\\\/\\\/ventura-offshore.com\\\/wp-content\\\/uploads\\\/2025\\\/01\\\/Material-bruto-filmes-SSV-Victoria-0004.mp4&quot;,&quot;background_play_on_mobile&quot;:&quot;yes&quot;,&quot;_ha_eqh_enable&quot;:false}\">\n\t\t<div class=\"elementor-background-video-container\" aria-hidden=\"true\">\n\t\t\t\t\t\t\t<video class=\"elementor-background-video-hosted\" autoplay muted playsinline loop><\/video>\n\t\t\t\t\t<\/div><div data-particle_enable=\"false\" data-particle-mobile-disabled=\"false\" class=\"elementor-element elementor-element-52e358e e-con-full e-flex e-con e-child\" data-id=\"52e358e\" data-element_type=\"container\" data-settings=\"{&quot;_ha_eqh_enable&quot;:false}\">\n\t\t\t\t<\/div>\n\t\t<div data-particle_enable=\"false\" data-particle-mobile-disabled=\"false\" class=\"elementor-element elementor-element-3cc1bb9 e-con-full e-flex e-con e-child\" data-id=\"3cc1bb9\" data-element_type=\"container\" data-settings=\"{&quot;_ha_eqh_enable&quot;:false}\">\n\t\t\t\t<\/div>\n\t\t\t\t<\/div>\n\t\t<div data-particle_enable=\"false\" data-particle-mobile-disabled=\"false\" class=\"elementor-element elementor-element-a11a056 e-flex e-con-boxed e-con e-parent\" data-id=\"a11a056\" data-element_type=\"container\" id=\"next\" data-settings=\"{&quot;_ha_eqh_enable&quot;:false}\">\n\t\t\t\t\t<div class=\"e-con-inner\">\n\t\t\t\t<div class=\"elementor-element elementor-element-e62027b elementor-headline--style-highlight elementor-widget elementor-widget-animated-headline\" data-id=\"e62027b\" data-element_type=\"widget\" data-settings=\"{&quot;marker&quot;:&quot;double_underline&quot;,&quot;highlighted_text&quot;:&quot;INVESTIDORES&quot;,&quot;headline_style&quot;:&quot;highlight&quot;,&quot;loop&quot;:&quot;yes&quot;,&quot;highlight_animation_duration&quot;:1200,&quot;highlight_iteration_delay&quot;:8000}\" data-widget_type=\"animated-headline.default\">\n\t\t\t\t\t\t\t<h3 class=\"elementor-headline\">\n\t\t\t\t\t<span class=\"elementor-headline-plain-text elementor-headline-text-wrapper\">Information for<\/span>\n\t\t\t\t<span class=\"elementor-headline-dynamic-wrapper elementor-headline-text-wrapper\">\n\t\t\t\t\t<span class=\"elementor-headline-dynamic-text elementor-headline-text-active\">INVESTORS<\/span>\n\t\t\t\t<\/span>\n\t\t\t\t<\/h3>\n\t\t\t\t\t\t<\/div>\n\t\t\t\t<div class=\"elementor-element elementor-element-d41fe24 elementor-widget elementor-widget-html\" data-id=\"d41fe24\" data-element_type=\"widget\" data-widget_type=\"html.default\">\n\t\t\t\t\t<iframe height=\"1500px\" src=\"https:\/\/gateway.euronext.com\/front-customer\/corporate\/page?reference=c27237838b1127d67c71b368dc4727f6deda7babc13b19fa5c72a669a8bd2554&authKey=96f710f885ea4ac088eda4c59880e5d75680fbc74137476081d4dc401f5afd3d\"><\/iframe>\t\t\t\t<\/div>\n\t\t\t\t<div class=\"elementor-element elementor-element-dba28ec elementor-hidden-desktop elementor-hidden-laptop elementor-hidden-tablet elementor-hidden-mobile elementor-widget elementor-widget-shortcode\" data-id=\"dba28ec\" data-element_type=\"widget\" data-widget_type=\"shortcode.default\">\n\t\t\t\t\t\t\t<div class=\"elementor-shortcode\">\n            <script>        \n                if(!window._MF) {\n                    let b = document.createElement(\"script\");\n                    b.type = \"text\/javascript\";\n                    b.async = true;\n                    b.src =  \"https:\/\/widget.datablocks.se\/api\/rose\/assets\/js\/loader-v4.js\";\n                    document.getElementsByTagName(\"body\")[0].appendChild(b);\n    \n                    window._MF = window._MF || {\n                        data: [],\n                        url: \"https:\/\/widget.datablocks.se\/api\/rose\",\n                        ready: !!0,\n                        render: function() {\n                            window._MF.ready = !0\n                        },\n                        push: function(conf) {\n                            this.data.push(conf);\n                        }\n                    }\n                }\n                window._MF.push({\"query\":\"#archive-wrapper-533469196\",\"widget\":\"archive\",\"token\":\"ada813a3-416c-4410-8257-75bdbcf8288d\",\"locale\":\"en\"})\n            <\/script>\n            <div id=\"archive-wrapper-533469196\" class=\"mfn-archive\"><\/div><\/div>\n\t\t\t\t\t\t<\/div>\n\t\t\t\t<div class=\"elementor-element elementor-element-f983013 elementor-hidden-desktop elementor-hidden-laptop elementor-hidden-tablet elementor-hidden-mobile elementor-widget elementor-widget-shortcode\" data-id=\"f983013\" data-element_type=\"widget\" data-widget_type=\"shortcode.default\">\n\t\t\t\t\t\t\t<div class=\"elementor-shortcode\"><div class=\"widget widget_mfn_subscription_widget\">\n            <script>        \n                if(!window._MF) {\n                    let b = document.createElement(\"script\");\n                    b.type = \"text\/javascript\";\n                    b.async = true;\n                    b.src =  \"https:\/\/widget.datablocks.se\/api\/rose\/assets\/js\/loader-v4.js\";\n                    document.getElementsByTagName(\"body\")[0].appendChild(b);\n    \n                    window._MF = window._MF || {\n                        data: [],\n                        url: \"https:\/\/widget.datablocks.se\/api\/rose\",\n                        ready: !!0,\n                        render: function() {\n                            window._MF.ready = !0\n                        },\n                        push: function(conf) {\n                            this.data.push(conf);\n                        }\n                    }\n                }\n                window._MF.push({\"query\":\"#subscribe-v2-wrapper-1512824934\",\"widget\":\"subscribe-v2\",\"token\":\"884f4af0-c24c-498a-87e7-d8220df50ce9\",\"locale\":\"en\"})\n            <\/script>\n            <div id=\"subscribe-v2-wrapper-1512824934\" class=\"mfn-subscribe-v2\"><\/div><\/div><\/div>\n\t\t\t\t\t\t<\/div>\n\t\t\t\t\t<\/div>\n\t\t\t\t<\/div>\n\t\t<div data-particle_enable=\"false\" data-particle-mobile-disabled=\"false\" class=\"elementor-element elementor-element-1c388e4 e-con-full e-flex e-con e-parent\" data-id=\"1c388e4\" data-element_type=\"container\" data-settings=\"{&quot;background_background&quot;:&quot;classic&quot;,&quot;_ha_eqh_enable&quot;:false}\">\n\t\t<div data-particle_enable=\"false\" data-particle-mobile-disabled=\"false\" class=\"elementor-element elementor-element-8439338 e-con-full e-flex e-con e-child\" data-id=\"8439338\" data-element_type=\"container\" data-settings=\"{&quot;_ha_eqh_enable&quot;:false}\">\n\t\t<div data-particle_enable=\"false\" data-particle-mobile-disabled=\"false\" class=\"elementor-element elementor-element-38c0c94 e-con-full e-flex e-con e-child\" data-id=\"38c0c94\" data-element_type=\"container\" data-settings=\"{&quot;background_background&quot;:&quot;classic&quot;,&quot;_ha_eqh_enable&quot;:false}\">\n\t\t<div data-particle_enable=\"false\" data-particle-mobile-disabled=\"false\" class=\"elementor-element elementor-element-60a3c1b e-con-full animated-slow e-flex elementor-invisible e-con e-child\" data-id=\"60a3c1b\" data-element_type=\"container\" data-settings=\"{&quot;animation&quot;:&quot;fadeInLeft&quot;,&quot;_ha_eqh_enable&quot;:false}\">\n\t\t<div data-particle_enable=\"false\" data-particle-mobile-disabled=\"false\" class=\"elementor-element elementor-element-811f383 e-con-full animated-slow e-flex elementor-invisible e-con e-child\" data-id=\"811f383\" data-element_type=\"container\" data-settings=\"{&quot;animation&quot;:&quot;fadeInRight&quot;,&quot;_ha_eqh_enable&quot;:false}\">\n\t\t\t\t<div class=\"elementor-element elementor-element-0cbf0ae elementor-widget elementor-widget-heading\" data-id=\"0cbf0ae\" data-element_type=\"widget\" data-widget_type=\"heading.default\">\n\t\t\t\t\t<h2 class=\"elementor-heading-title elementor-size-default\">S<\/h2>\t\t\t\t<\/div>\n\t\t\t\t<div class=\"elementor-element elementor-element-56044db elementor-widget elementor-widget-heading\" data-id=\"56044db\" data-element_type=\"widget\" data-widget_type=\"heading.default\">\n\t\t\t\t\t<h2 class=\"elementor-heading-title elementor-size-default\">Reports<\/h2>\t\t\t\t<\/div>\n\t\t\t\t<\/div>\n\t\t\t\t<\/div>\n\t\t\t\t<div class=\"elementor-element elementor-element-c44c6e9 animated-slow elementor-invisible elementor-widget elementor-widget-text-editor\" data-id=\"c44c6e9\" data-element_type=\"widget\" data-settings=\"{&quot;_animation&quot;:&quot;fadeInLeft&quot;}\" data-widget_type=\"text-editor.default\">\n\t\t\t\t\t\t\t\t\t<p>Check out more reports and complete financial documents for Ventura Offshore investors.<\/p>\t\t\t\t\t\t\t\t<\/div>\n\t\t\t\t<div class=\"elementor-element elementor-element-1ec32fb botaoEfeito1 elementor-align-center animated-slow elementor-invisible elementor-widget elementor-widget-button\" data-id=\"1ec32fb\" data-element_type=\"widget\" data-settings=\"{&quot;_animation&quot;:&quot;fadeInLeft&quot;}\" data-widget_type=\"button.default\">\n\t\t\t\t\t\t\t\t\t\t<a class=\"elementor-button elementor-button-link elementor-size-sm\" href=\"https:\/\/ventura-offshore.com\/en\/relatorios-e-documentos\/\">\n\t\t\t\t\t\t<span class=\"elementor-button-content-wrapper\">\n\t\t\t\t\t\t\t\t\t<span class=\"elementor-button-text\">Check out the documentation <span class=\"circulo1\"><\/span><\/span>\n\t\t\t\t\t<\/span>\n\t\t\t\t\t<\/a>\n\t\t\t\t\t\t\t\t<\/div>\n\t\t\t\t<\/div>\n\t\t<div data-particle_enable=\"false\" data-particle-mobile-disabled=\"false\" class=\"elementor-element elementor-element-6e6c9c8 e-con-full e-flex e-con e-child\" data-id=\"6e6c9c8\" data-element_type=\"container\" data-settings=\"{&quot;background_background&quot;:&quot;classic&quot;,&quot;_ha_eqh_enable&quot;:false}\">\n\t\t\t\t<\/div>\n\t\t\t\t<\/div>\n\t\t\t\t<\/div>\n\t\t\t\t<\/div>","protected":false},"excerpt":{"rendered":"<p>Informa\u00e7\u00f5es para INVESTIDORES R Relat\u00f3rios Confira mais relat\u00f3rios e documentos financeiros completos para investidores da Ventura Offshore. Confira a documenta\u00e7\u00e3o<\/p>","protected":false},"author":1,"featured_media":0,"parent":0,"menu_order":0,"comment_status":"closed","ping_status":"closed","template":"","meta":{"footnotes":""},"class_list":["post-119","page","type-page","status-publish","hentry"],"_links":{"self":[{"href":"https:\/\/ventura-offshore.com\/en\/wp-json\/wp\/v2\/pages\/119","targetHints":{"allow":["GET"]}}],"collection":[{"href":"https:\/\/ventura-offshore.com\/en\/wp-json\/wp\/v2\/pages"}],"about":[{"href":"https:\/\/ventura-offshore.com\/en\/wp-json\/wp\/v2\/types\/page"}],"author":[{"embeddable":true,"href":"https:\/\/ventura-offshore.com\/en\/wp-json\/wp\/v2\/users\/1"}],"replies":[{"embeddable":true,"href":"https:\/\/ventura-offshore.com\/en\/wp-json\/wp\/v2\/comments?post=119"}],"version-history":[{"count":163,"href":"https:\/\/ventura-offshore.com\/en\/wp-json\/wp\/v2\/pages\/119\/revisions"}],"predecessor-version":[{"id":5818,"href":"https:\/\/ventura-offshore.com\/en\/wp-json\/wp\/v2\/pages\/119\/revisions\/5818"}],"wp:attachment":[{"href":"https:\/\/ventura-offshore.com\/en\/wp-json\/wp\/v2\/media?parent=119"}],"curies":[{"name":"wp","href":"https:\/\/api.w.org\/{rel}","templated":true}]}}