{"id":105,"date":"2024-12-16T18:07:24","date_gmt":"2024-12-16T21:07:24","guid":{"rendered":"https:\/\/venturaoffshore.diagrammacv.com.br\/?page_id=105"},"modified":"2025-08-06T10:08:10","modified_gmt":"2025-08-06T13:08:10","slug":"treinamento","status":"publish","type":"page","link":"https:\/\/ventura-offshore.com\/en\/treinamento\/","title":{"rendered":"Training"},"content":{"rendered":"<div data-elementor-type=\"wp-page\" data-elementor-id=\"105\" class=\"elementor elementor-105\" data-elementor-settings=\"{&quot;ha_cmc_init_switcher&quot;:&quot;no&quot;}\" data-elementor-post-type=\"page\">\n\t\t\t\t<div data-particle_enable=\"false\" data-particle-mobile-disabled=\"false\" class=\"elementor-element elementor-element-339f15f e-con-full e-flex e-con e-parent\" data-id=\"339f15f\" data-element_type=\"container\" data-settings=\"{&quot;background_background&quot;:&quot;classic&quot;,&quot;_ha_eqh_enable&quot;:false}\">\n\t\t<div data-particle_enable=\"false\" data-particle-mobile-disabled=\"false\" class=\"elementor-element elementor-element-48addd5 e-con-full e-flex e-con e-child\" data-id=\"48addd5\" data-element_type=\"container\" data-settings=\"{&quot;_ha_eqh_enable&quot;:false}\">\n\t\t\t\t<\/div>\n\t\t<div data-particle_enable=\"false\" data-particle-mobile-disabled=\"false\" class=\"elementor-element elementor-element-eb37ef2 e-con-full e-flex e-con e-child\" data-id=\"eb37ef2\" data-element_type=\"container\" data-settings=\"{&quot;_ha_eqh_enable&quot;:false}\">\n\t\t\t\t<\/div>\n\t\t\t\t<\/div>\n\t\t<div data-particle_enable=\"false\" data-particle-mobile-disabled=\"false\" class=\"elementor-element elementor-element-f64f23b e-con-full nos e-flex e-con e-parent\" data-id=\"f64f23b\" data-element_type=\"container\" data-settings=\"{&quot;_ha_eqh_enable&quot;:false}\">\n\t\t<div data-particle_enable=\"false\" data-particle-mobile-disabled=\"false\" class=\"elementor-element elementor-element-a3a25d2 e-con-full e-flex e-con e-child\" data-id=\"a3a25d2\" data-element_type=\"container\" data-settings=\"{&quot;_ha_eqh_enable&quot;:false}\">\n\t\t\t\t<div class=\"elementor-element elementor-element-16bff08 nos elementor-widget elementor-widget-heading\" data-id=\"16bff08\" data-element_type=\"widget\" data-widget_type=\"heading.default\">\n\t\t\t\t\t<h2 class=\"elementor-heading-title elementor-size-default\">Training<\/h2>\t\t\t\t<\/div>\n\t\t\t\t<div class=\"elementor-element elementor-element-c0ba95f elementor-widget__width-initial elementor-widget-mobile__width-inherit elementor-widget elementor-widget-text-editor\" data-id=\"c0ba95f\" data-element_type=\"widget\" data-widget_type=\"text-editor.default\">\n\t\t\t\t\t\t\t\t\t<p>At Ventura Offshore, we believe that continuous development is the key to operational excellence\nand innovation in the oil and gas sector. Our commitment to crew training is reflected in robust\nprograms aligned with the demands of the offshore market.<\/p><p>Our programs are designed to ensure that every team member is fully prepared to operate safely and\nefficiently in our units. We keep our crew constantly updated\u2014not just to meet regulatory\nrequirements, but to exceed performance standards, fostering a safe and productive work\nenvironment.<\/p><p>The Vortex Program is an example of this commitment. Designed to educate high-performance\nprofessionals, Vortex combines theoretical and practical learning, preparing young individuals for real-\nworld challenges on our drilling units. By transforming high potential into strategic talent, the program\ndevelops leaders prepared to drive Ventura toward the future of energy.<\/p><p>Ventura Offshore is dedicated to promoting both technical and human development among its\nemployees, aiming for an increasingly qualified crew well-prepared for the challenges of the offshore\nenvironment. Our focus on training goes beyond technical development\u2014we value inclusion, personal\ngrowth, and development in essential areas such as human factors, compliance, ethics, leadership,\neffective communication, and behavioral safety. Thus, we strengthen our brand as innovative and\nwelcoming to technical development, while valuing inclusion and personal growth.<\/p>\t\t\t\t\t\t\t\t<\/div>\n\t\t\t\t<\/div>\n\t\t\t\t<\/div>\n\t\t<div data-particle_enable=\"false\" data-particle-mobile-disabled=\"false\" class=\"elementor-element elementor-element-2167b5f e-con-full e-flex e-con e-parent\" data-id=\"2167b5f\" data-element_type=\"container\" data-settings=\"{&quot;background_background&quot;:&quot;gradient&quot;,&quot;shape_divider_bottom&quot;:&quot;mountains&quot;,&quot;_ha_eqh_enable&quot;:false}\">\n\t\t\t\t<div class=\"elementor-shape elementor-shape-bottom\" aria-hidden=\"true\" data-negative=\"false\">\n\t\t\t<svg xmlns=\"http:\/\/www.w3.org\/2000\/svg\" viewbox=\"0 0 1000 100\" preserveaspectratio=\"none\">\n\t<path class=\"elementor-shape-fill\" opacity=\"0.33\" d=\"M473,67.3c-203.9,88.3-263.1-34-320.3,0C66,119.1,0,59.7,0,59.7V0h1000v59.7 c0,0-62.1,26.1-94.9,29.3c-32.8,3.3-62.8-12.3-75.8-22.1C806,49.6,745.3,8.7,694.9,4.7S492.4,59,473,67.3z\"\/>\n\t<path class=\"elementor-shape-fill\" opacity=\"0.66\" d=\"M734,67.3c-45.5,0-77.2-23.2-129.1-39.1c-28.6-8.7-150.3-10.1-254,39.1 s-91.7-34.4-149.2,0C115.7,118.3,0,39.8,0,39.8V0h1000v36.5c0,0-28.2-18.5-92.1-18.5C810.2,18.1,775.7,67.3,734,67.3z\"\/>\n\t<path class=\"elementor-shape-fill\" d=\"M766.1,28.9c-200-57.5-266,65.5-395.1,19.5C242,1.8,242,5.4,184.8,20.6C128,35.8,132.3,44.9,89.9,52.5C28.6,63.7,0,0,0,0 h1000c0,0-9.9,40.9-83.6,48.1S829.6,47,766.1,28.9z\"\/>\n<\/svg>\t\t<\/div>\n\t\t<div data-particle_enable=\"false\" data-particle-mobile-disabled=\"false\" class=\"elementor-element elementor-element-3509541 e-con-full e-flex e-con e-child\" data-id=\"3509541\" data-element_type=\"container\" data-settings=\"{&quot;_ha_eqh_enable&quot;:false}\">\n\t\t\t\t<div class=\"elementor-element elementor-element-1787840 nos elementor-widget elementor-widget-heading\" data-id=\"1787840\" data-element_type=\"widget\" data-widget_type=\"heading.default\">\n\t\t\t\t\t<h2 class=\"elementor-heading-title elementor-size-default\">VORTEX PROGRAM<\/h2>\t\t\t\t<\/div>\n\t\t\t\t<div class=\"elementor-element elementor-element-6496f37 elementor-widget__width-initial elementor-widget-mobile__width-inherit elementor-widget elementor-widget-text-editor\" data-id=\"6496f37\" data-element_type=\"widget\" data-widget_type=\"text-editor.default\">\n\t\t\t\t\t\t\t\t\t<p style=\"font-weight: 400;\">The Ventura Vortex Program is intended to train high-performance professionals to work on our\ndrilling units, preparing them for the oil and gas sector challenges over a 2-year period. With an\naccelerated and extremely practical training, the program develops newly graduated college students\nwith a high growth potential, equipping them to take on strategic roles in their respective fields.<\/p><p style=\"font-weight: 400;\">Besides shaping qualified talents, the Vortex aims to strengthen crew engagement, promote knowledge\nsharing and ensure a continuous flow of professionals prepared for future challenges. The Vortex\nstrives to consolidate Ventura Offshore as a reference in inclusion, reinforcing its brand and fomenting\ninnovation and continuous development.<\/p>\t\t\t\t\t\t\t\t<\/div>\n\t\t\t\t<\/div>\n\t\t<div data-particle_enable=\"false\" data-particle-mobile-disabled=\"false\" class=\"elementor-element elementor-element-15063c6 e-con-full e-flex elementor-invisible e-con e-child\" data-id=\"15063c6\" data-element_type=\"container\" data-settings=\"{&quot;background_background&quot;:&quot;classic&quot;,&quot;animation&quot;:&quot;fadeInRight&quot;,&quot;_ha_eqh_enable&quot;:false}\">\n\t\t\t\t<\/div>\n\t\t\t\t<\/div>\n\t\t\t\t<\/div>","protected":false},"excerpt":{"rendered":"<p>TREINAMENTO Na Ventura Offshore, acreditamos que o desenvolvimento cont\u00ednuo \u00e9 a chave para a excel\u00eancia operacional e inova\u00e7\u00e3o no setor de petr\u00f3leo e g\u00e1s. Nosso compromisso com a capacita\u00e7\u00e3o da tripula\u00e7\u00e3o \u00e9 refletido em programas de treinamento robustos e alinhados \u00e0s demandas do mercado offshore. Nossos programas s\u00e3o desenhados para garantir que cada colaborador esteja [&hellip;]<\/p>","protected":false},"author":1,"featured_media":0,"parent":0,"menu_order":0,"comment_status":"closed","ping_status":"closed","template":"","meta":{"footnotes":""},"class_list":["post-105","page","type-page","status-publish","hentry"],"_links":{"self":[{"href":"https:\/\/ventura-offshore.com\/en\/wp-json\/wp\/v2\/pages\/105","targetHints":{"allow":["GET"]}}],"collection":[{"href":"https:\/\/ventura-offshore.com\/en\/wp-json\/wp\/v2\/pages"}],"about":[{"href":"https:\/\/ventura-offshore.com\/en\/wp-json\/wp\/v2\/types\/page"}],"author":[{"embeddable":true,"href":"https:\/\/ventura-offshore.com\/en\/wp-json\/wp\/v2\/users\/1"}],"replies":[{"embeddable":true,"href":"https:\/\/ventura-offshore.com\/en\/wp-json\/wp\/v2\/comments?post=105"}],"version-history":[{"count":40,"href":"https:\/\/ventura-offshore.com\/en\/wp-json\/wp\/v2\/pages\/105\/revisions"}],"predecessor-version":[{"id":5939,"href":"https:\/\/ventura-offshore.com\/en\/wp-json\/wp\/v2\/pages\/105\/revisions\/5939"}],"wp:attachment":[{"href":"https:\/\/ventura-offshore.com\/en\/wp-json\/wp\/v2\/media?parent=105"}],"curies":[{"name":"wp","href":"https:\/\/api.w.org\/{rel}","templated":true}]}}